{"id":45713,"date":"2023-06-15T09:19:06","date_gmt":"2023-06-15T07:19:06","guid":{"rendered":"https:\/\/www.industrialwood.nl\/geschirrtuch-leeff-grau\/"},"modified":"2025-01-21T16:14:26","modified_gmt":"2025-01-21T15:14:26","slug":"geschirrtuch-leeff-grau","status":"publish","type":"product","link":"https:\/\/www.industrialwood.nl\/de\/geschirrtuch-leeff-grau\/","title":{"rendered":"Geschirrtuch | Leeff | Grau"},"content":{"rendered":"","protected":false},"excerpt":{"rendered":"<p>Dieses <strong>graue Geschirrtuch<\/strong> von Leeff ist aus <strong>Stonewashed-Baumwolle<\/strong> hergestellt, was dem Geschirrtuch einen nat\u00fcrlichen und k\u00fchlen Effekt verleiht. Das Geschirrtuch trocknet schnell, so dass es nicht nur sehr h\u00fcbsch, sondern auch bequem zu benutzen ist. Dank der Lederschlaufe am Geschirrtuch l\u00e4sst es sich leicht in der K\u00fcche aufh\u00e4ngen.  <span data-offset-key=\"a2u9f-20-0\">E<\/span><span data-offset-key=\"a2u9f-21-0\">und<\/span><span data-offset-key=\"a2u9f-22-0\">  Geschirrtuch<\/span><span data-offset-key=\"a2u9f-28-0\">  ist<\/span><span data-offset-key=\"a2u9f-29-0\">  e<\/span><span data-offset-key=\"a2u9f-30-0\">und<\/span><span data-offset-key=\"a2u9f-31-0\">  auf<\/span><span data-offset-key=\"a2u9f-32-0\">Miss<\/span><span data-offset-key=\"a2u9f-33-0\">ba<\/span><span data-offset-key=\"a2u9f-34-0\">ar<\/span><span data-offset-key=\"a2u9f-35-0\">  Artikel<\/span><span data-offset-key=\"a2u9f-36-0\">  unter<\/span><span data-offset-key=\"a2u9f-37-0\">  el<\/span><span data-offset-key=\"a2u9f-38-0\">k<\/span><span data-offset-key=\"a2u9f-39-0\">  h<\/span><span data-offset-key=\"a2u9f-40-0\">uish<\/span><span data-offset-key=\"a2u9f-41-0\">alt<\/span><span data-offset-key=\"a2u9f-42-0\">und<\/span><span data-offset-key=\"a2u9f-43-0\">.<\/span><span data-offset-key=\"a2u9f-44-0\">  Dieses Geschirrtuch grau kann verwendet werden<\/span><span data-offset-key=\"a2u9f-55-0\">  v<\/span><span data-offset-key=\"a2u9f-56-0\">Ohr<\/span><span data-offset-key=\"a2u9f-57-0\">  e<\/span><span data-offset-key=\"a2u9f-58-0\">und<\/span><span data-offset-key=\"a2u9f-59-0\">  weit<\/span><span data-offset-key=\"a2u9f-60-0\">  sc<\/span><span data-offset-key=\"a2u9f-61-0\">ala<\/span><span data-offset-key=\"a2u9f-62-0\">  a<\/span><span data-offset-key=\"a2u9f-63-0\">eine<\/span><span data-offset-key=\"a2u9f-64-0\">  Aufgaben<\/span><span data-offset-key=\"a2u9f-65-0\">,<\/span><span data-offset-key=\"a2u9f-66-0\">  also<\/span><span data-offset-key=\"a2u9f-67-0\">als<\/span><span data-offset-key=\"a2u9f-68-0\">  Hallo<\/span><span data-offset-key=\"a2u9f-69-0\">t<\/span><span data-offset-key=\"a2u9f-70-0\">  dro<\/span><span data-offset-key=\"a2u9f-71-0\">Gen<\/span><span data-offset-key=\"a2u9f-72-0\">  von<\/span><span data-offset-key=\"a2u9f-73-0\">  Hand<\/span><span data-offset-key=\"a2u9f-74-0\">und<\/span><span data-offset-key=\"a2u9f-75-0\">,<\/span><span data-offset-key=\"a2u9f-76-0\">  Hallo<\/span><span data-offset-key=\"a2u9f-77-0\">t<\/span><span data-offset-key=\"a2u9f-78-0\">  sch<\/span><span data-offset-key=\"a2u9f-79-0\">auf<\/span><span data-offset-key=\"a2u9f-80-0\">m<\/span><span data-offset-key=\"a2u9f-81-0\">aachen<\/span><span data-offset-key=\"a2u9f-82-0\">  von<\/span><span data-offset-key=\"a2u9f-83-0\">  unter<\/span><span data-offset-key=\"a2u9f-84-0\">erv<\/span><span data-offset-key=\"a2u9f-85-0\">l<\/span><span data-offset-key=\"a2u9f-86-0\">ak<\/span><span data-offset-key=\"a2u9f-87-0\">ken<\/span><span data-offset-key=\"a2u9f-88-0\">,<\/span><span data-offset-key=\"a2u9f-89-0\">  Hallo<\/span><span data-offset-key=\"a2u9f-90-0\">t<\/span><span data-offset-key=\"a2u9f-91-0\">  unter<\/span><span data-offset-key=\"a2u9f-92-0\">d<\/span><span data-offset-key=\"a2u9f-93-0\">rogen<\/span><span data-offset-key=\"a2u9f-94-0\">  von<\/span><span data-offset-key=\"a2u9f-95-0\">  g<\/span><span data-offset-key=\"a2u9f-96-0\">ehren<\/span><span data-offset-key=\"a2u9f-97-0\">ch<\/span><span data-offset-key=\"a2u9f-98-0\">unter<\/span><span data-offset-key=\"a2u9f-99-0\">  und<\/span><span data-offset-key=\"a2u9f-100-0\">  Hallo<\/span><span data-offset-key=\"a2u9f-101-0\">t<\/span><span data-offset-key=\"a2u9f-102-0\">  unter<\/span><span data-offset-key=\"a2u9f-103-0\">d<\/span><span data-offset-key=\"a2u9f-104-0\">rogen<\/span><span data-offset-key=\"a2u9f-105-0\">  von<\/span><span data-offset-key=\"a2u9f-106-0\">  gl<\/span><span data-offset-key=\"a2u9f-107-0\">az<\/span><span data-offset-key=\"a2u9f-108-0\">und<\/span><span data-offset-key=\"a2u9f-109-0\">.<\/span><\/p>\n<p><em><strong>Tipp<\/strong>: Vervollst\u00e4ndigen Sie das Set und verwenden Sie auch die K\u00fcchent\u00fccher von Leeff (erh\u00e4ltlich in Grau und Hellgrau). Dieses Geschirrtuch ist auch noch in Hellgrau erh\u00e4ltlich.<\/em><\/p>\n<p><strong>Abmessungen<\/strong>: 50 x 70 cm<br \/>\n<strong>Material<\/strong>: Baumwolle<br \/>\n<strong>Farbe<\/strong>: Grau<\/p>\n","protected":false},"featured_media":40529,"comment_status":"open","ping_status":"closed","template":"","meta":[],"product_brand":[],"product_cat":[395,405],"product_tag":[],"seizoen":[543,545,544,546],"bloemensoort":[],"samenstelling":[],"shop-per-kamer":[550],"indooroutdoor":[555],"vorm":[],"duurzaam":[565],"productafmetingen":[],"stijl":[571,573],"merk":[581],"materiaal":[616],"materiaal-schaaltje":[],"geur":[],"product-type":[],"beoordeling":[641,642],"uitsparingen":[],"houtsoort":[],"breedte":[],"badplanken-lengte":[],"kleur":[660],"class_list":{"0":"post-45713","1":"product","2":"type-product","3":"status-publish","4":"has-post-thumbnail","6":"product_cat-naturliche-tone","7":"product_cat-verkauf","8":"seizoen-lente-de","9":"seizoen-herfst-de","10":"seizoen-zomer-de","11":"seizoen-winter-de","12":"shop-per-kamer-keuken-de","13":"indooroutdoor-indoor-de","14":"duurzaam-ja-de","15":"stijl-hotel-chique-de","16":"stijl-modern-de","17":"merk-leeff-de","18":"materiaal-stof-de","19":"beoordeling-four-star-de","20":"beoordeling-five-star-de","21":"kleur-grijs-de","23":"first","24":"outofstock","25":"sale","26":"taxable","27":"shipping-taxable","28":"purchasable","29":"product-type-simple"},"supplier_id":null,"supplier_sku":"","barcode":null,"atum_controlled":true,"out_stock_date":"2025-07-03 15:49:00","out_stock_threshold":null,"inheritable":false,"inbound_stock":0,"stock_on_hold":0,"sold_today":0,"sales_last_days":0,"reserved_stock":0,"customer_returns":0,"warehouse_damage":0,"lost_in_post":0,"other_logs":0,"out_stock_days":249,"lost_sales":0,"has_location":false,"update_date":"2026-03-10T01:35:42","atum_locations":[],"atum_stock_status":"outofstock","restock_status":false,"low_stock_amount":"","sales_update_date":"2026-03-10T01:35:42","calc_backorders":null,"_links":{"self":[{"href":"https:\/\/www.industrialwood.nl\/de\/wp-json\/wp\/v2\/product\/45713","targetHints":{"allow":["GET"]}}],"collection":[{"href":"https:\/\/www.industrialwood.nl\/de\/wp-json\/wp\/v2\/product"}],"about":[{"href":"https:\/\/www.industrialwood.nl\/de\/wp-json\/wp\/v2\/types\/product"}],"replies":[{"embeddable":true,"href":"https:\/\/www.industrialwood.nl\/de\/wp-json\/wp\/v2\/comments?post=45713"}],"wp:featuredmedia":[{"embeddable":true,"href":"https:\/\/www.industrialwood.nl\/de\/wp-json\/wp\/v2\/media\/40529"}],"wp:attachment":[{"href":"https:\/\/www.industrialwood.nl\/de\/wp-json\/wp\/v2\/media?parent=45713"}],"wp:term":[{"taxonomy":"product_brand","embeddable":true,"href":"https:\/\/www.industrialwood.nl\/de\/wp-json\/wp\/v2\/product_brand?post=45713"},{"taxonomy":"product_cat","embeddable":true,"href":"https:\/\/www.industrialwood.nl\/de\/wp-json\/wp\/v2\/product_cat?post=45713"},{"taxonomy":"product_tag","embeddable":true,"href":"https:\/\/www.industrialwood.nl\/de\/wp-json\/wp\/v2\/product_tag?post=45713"},{"taxonomy":"seizoen","embeddable":true,"href":"https:\/\/www.industrialwood.nl\/de\/wp-json\/wp\/v2\/seizoen?post=45713"},{"taxonomy":"bloemensoort","embeddable":true,"href":"https:\/\/www.industrialwood.nl\/de\/wp-json\/wp\/v2\/bloemensoort?post=45713"},{"taxonomy":"samenstelling","embeddable":true,"href":"https:\/\/www.industrialwood.nl\/de\/wp-json\/wp\/v2\/samenstelling?post=45713"},{"taxonomy":"shop-per-kamer","embeddable":true,"href":"https:\/\/www.industrialwood.nl\/de\/wp-json\/wp\/v2\/shop-per-kamer?post=45713"},{"taxonomy":"indooroutdoor","embeddable":true,"href":"https:\/\/www.industrialwood.nl\/de\/wp-json\/wp\/v2\/indooroutdoor?post=45713"},{"taxonomy":"vorm","embeddable":true,"href":"https:\/\/www.industrialwood.nl\/de\/wp-json\/wp\/v2\/vorm?post=45713"},{"taxonomy":"duurzaam","embeddable":true,"href":"https:\/\/www.industrialwood.nl\/de\/wp-json\/wp\/v2\/duurzaam?post=45713"},{"taxonomy":"productafmetingen","embeddable":true,"href":"https:\/\/www.industrialwood.nl\/de\/wp-json\/wp\/v2\/productafmetingen?post=45713"},{"taxonomy":"stijl","embeddable":true,"href":"https:\/\/www.industrialwood.nl\/de\/wp-json\/wp\/v2\/stijl?post=45713"},{"taxonomy":"merk","embeddable":true,"href":"https:\/\/www.industrialwood.nl\/de\/wp-json\/wp\/v2\/merk?post=45713"},{"taxonomy":"materiaal","embeddable":true,"href":"https:\/\/www.industrialwood.nl\/de\/wp-json\/wp\/v2\/materiaal?post=45713"},{"taxonomy":"materiaal-schaaltje","embeddable":true,"href":"https:\/\/www.industrialwood.nl\/de\/wp-json\/wp\/v2\/materiaal-schaaltje?post=45713"},{"taxonomy":"geur","embeddable":true,"href":"https:\/\/www.industrialwood.nl\/de\/wp-json\/wp\/v2\/geur?post=45713"},{"taxonomy":"product-type","embeddable":true,"href":"https:\/\/www.industrialwood.nl\/de\/wp-json\/wp\/v2\/product-type?post=45713"},{"taxonomy":"beoordeling","embeddable":true,"href":"https:\/\/www.industrialwood.nl\/de\/wp-json\/wp\/v2\/beoordeling?post=45713"},{"taxonomy":"uitsparingen","embeddable":true,"href":"https:\/\/www.industrialwood.nl\/de\/wp-json\/wp\/v2\/uitsparingen?post=45713"},{"taxonomy":"houtsoort","embeddable":true,"href":"https:\/\/www.industrialwood.nl\/de\/wp-json\/wp\/v2\/houtsoort?post=45713"},{"taxonomy":"breedte","embeddable":true,"href":"https:\/\/www.industrialwood.nl\/de\/wp-json\/wp\/v2\/breedte?post=45713"},{"taxonomy":"badplanken-lengte","embeddable":true,"href":"https:\/\/www.industrialwood.nl\/de\/wp-json\/wp\/v2\/badplanken-lengte?post=45713"},{"taxonomy":"kleur","embeddable":true,"href":"https:\/\/www.industrialwood.nl\/de\/wp-json\/wp\/v2\/kleur?post=45713"}],"curies":[{"name":"wp","href":"https:\/\/api.w.org\/{rel}","templated":true}]}}