{"id":45696,"date":"2023-06-15T09:29:34","date_gmt":"2023-06-15T07:29:34","guid":{"rendered":"https:\/\/www.industrialwood.nl\/touch-tischleuchte-eleonore\/"},"modified":"2025-10-10T15:55:20","modified_gmt":"2025-10-10T13:55:20","slug":"touch-tischleuchte-eleonore","status":"publish","type":"product","link":"https:\/\/www.industrialwood.nl\/de\/touch-tischleuchte-eleonore\/","title":{"rendered":"Touch Tischleuchte | El\u00e9onore"},"content":{"rendered":"","protected":false},"excerpt":{"rendered":"<p><span data-offset-key=\"1j2oj-61-0\">Die<\/span><span data-offset-key=\"1j2oj-62-0\">sie <strong>LED Touch<\/strong><\/span><strong>  Tischlampe<\/strong><span data-offset-key=\"1j2oj-67-0\">  Hallo<\/span><span data-offset-key=\"1j2oj-68-0\">e<\/span><span data-offset-key=\"1j2oj-69-0\">ft<\/span><span data-offset-key=\"1j2oj-70-0\">  e<\/span><span data-offset-key=\"1j2oj-71-0\">und<\/span><span data-offset-key=\"1j2oj-72-0\">  a<\/span><span data-offset-key=\"1j2oj-73-0\">eine<\/span><span data-offset-key=\"1j2oj-74-0\">ra<\/span><span data-offset-key=\"1j2oj-75-0\">ak<\/span><span data-offset-key=\"1j2oj-76-0\">ge<\/span><span data-offset-key=\"1j2oj-77-0\">vo<\/span><span data-offset-key=\"1j2oj-78-0\">el<\/span><span data-offset-key=\"1j2oj-79-0\">ig<\/span><span data-offset-key=\"1j2oj-80-0\">  sch<\/span><span data-offset-key=\"1j2oj-81-0\">ake<\/span><span data-offset-key=\"1j2oj-82-0\">la<\/span><span data-offset-key=\"1j2oj-83-0\">ar<\/span><span data-offset-key=\"1j2oj-84-0\">  wa<\/span><span data-offset-key=\"1j2oj-85-0\">ar<\/span><span data-offset-key=\"1j2oj-86-0\">ich<\/span><span data-offset-key=\"1j2oj-87-0\">e<\/span><span data-offset-key=\"1j2oj-88-0\">  Ihr<\/span><span data-offset-key=\"1j2oj-89-0\">  die<\/span><span data-offset-key=\"1j2oj-90-0\">  Lampe<\/span><span data-offset-key=\"1j2oj-91-0\">  unter<\/span><span data-offset-key=\"1j2oj-92-0\">  frisch<\/span><span data-offset-key=\"1j2oj-93-0\">ch<\/span><span data-offset-key=\"1j2oj-94-0\">krank<\/span><span data-offset-key=\"1j2oj-95-0\">und<\/span><span data-offset-key=\"1j2oj-96-0\">  LED-Farbtypen  <\/span><span data-offset-key=\"1j2oj-101-0\">k<\/span><span data-offset-key=\"1j2oj-102-0\">unt<\/span><span data-offset-key=\"1j2oj-103-0\">  inst<\/span><span data-offset-key=\"1j2oj-104-0\">Ellen, Sie sitzen also nicht mit diesen (h\u00e4sslichen) Schn\u00fcren da und schauen zu.<\/span><span data-offset-key=\"1j2oj-106-0\">  Ihr<\/span><span data-offset-key=\"1j2oj-107-0\">  k<\/span><span data-offset-key=\"1j2oj-108-0\">unt<\/span><span data-offset-key=\"1j2oj-109-0\">  die<\/span><span data-offset-key=\"1j2oj-110-0\">  led touch tischlampe<\/span><span data-offset-key=\"1j2oj-111-0\">  e<\/span><span data-offset-key=\"1j2oj-112-0\">env<\/span><span data-offset-key=\"1j2oj-113-0\">alt<\/span><span data-offset-key=\"1j2oj-114-0\">ig<\/span><span data-offset-key=\"1j2oj-115-0\">  a<\/span><span data-offset-key=\"1j2oj-116-0\">eine<\/span><span data-offset-key=\"1j2oj-117-0\">&#8211;<\/span><span data-offset-key=\"1j2oj-118-0\">  und<\/span><span data-offset-key=\"1j2oj-119-0\">  u<\/span><span data-offset-key=\"1j2oj-120-0\">itz<\/span><span data-offset-key=\"1j2oj-121-0\">und<\/span><span data-offset-key=\"1j2oj-122-0\">unter<\/span><span data-offset-key=\"1j2oj-123-0\">  von<\/span><span data-offset-key=\"1j2oj-124-0\">  er<\/span><span data-offset-key=\"1j2oj-125-0\">unter<\/span><span data-offset-key=\"1j2oj-126-0\">  unter<\/span><span data-offset-key=\"1j2oj-127-0\">  t<\/span><span data-offset-key=\"1j2oj-128-0\">ich<\/span><span data-offset-key=\"1j2oj-129-0\">ken<\/span><span data-offset-key=\"1j2oj-130-0\">. Diese Touch-Lampe ist aus hochwertigem Material gefertigt und passt zu jeder Einrichtung. Schaffen Sie eine gem\u00fctliche Atmosph\u00e4re mit dieser sch\u00f6nen Tischlampe! Im Lieferumfang der Lampe ist ein Ladekabel enthalten, mit dem Sie die Lampe aufladen k\u00f6nnen.<\/span><\/p>\n<p><em><strong>Tipp<\/strong>: Auch in der Variante <a href=\"https:\/\/www.industrialwood.nl\/de\/touch-tischlampe-saffron\/\">Saffron<\/a> erh\u00e4ltlich!<\/em><\/p>\n<p><strong>Ma\u00dfe<\/strong>: 9 x 21 cm<br \/>\n<strong>Material<\/strong>: Metall<br \/>\n<strong>Farbe<\/strong>: Gold<\/p>\n","protected":false},"featured_media":40609,"comment_status":"open","ping_status":"closed","template":"","meta":[],"product_brand":[],"product_cat":[411],"product_tag":[],"seizoen":[543,545,544,546],"bloemensoort":[],"samenstelling":[],"shop-per-kamer":[551,552,550,553,549],"indooroutdoor":[555],"vorm":[563,559],"duurzaam":[565],"productafmetingen":[568,567],"stijl":[571,573],"merk":[576],"materiaal":[614],"materiaal-schaaltje":[],"geur":[],"product-type":[],"beoordeling":[640,641,642],"uitsparingen":[],"houtsoort":[],"breedte":[],"badplanken-lengte":[],"kleur":[658],"class_list":{"0":"post-45696","1":"product","2":"type-product","3":"status-publish","4":"has-post-thumbnail","6":"product_cat-goldene-stunde","7":"seizoen-lente-de","8":"seizoen-herfst-de","9":"seizoen-zomer-de","10":"seizoen-winter-de","11":"shop-per-kamer-badkamer-de","12":"shop-per-kamer-hal-de","13":"shop-per-kamer-keuken-de","14":"shop-per-kamer-slaapkamer-de","15":"shop-per-kamer-woonkamer-de","16":"indooroutdoor-indoor-de","17":"vorm-organisch-de","18":"vorm-cilinder-de","19":"duurzaam-ja-de","20":"productafmetingen-m-de","21":"productafmetingen-s-de","22":"stijl-hotel-chique-de","23":"stijl-modern-de","24":"merk-industrialwood-de","25":"materiaal-metaal-de","26":"beoordeling-three-star-de","27":"beoordeling-four-star-de","28":"beoordeling-five-star-de","29":"kleur-goud-de","31":"first","32":"outofstock","33":"taxable","34":"shipping-taxable","35":"purchasable","36":"product-type-simple"},"supplier_id":null,"supplier_sku":"","barcode":null,"atum_controlled":true,"out_stock_date":"2025-12-19 12:40:59","out_stock_threshold":null,"inheritable":false,"inbound_stock":0,"stock_on_hold":0,"sold_today":0,"sales_last_days":0,"reserved_stock":0,"customer_returns":0,"warehouse_damage":0,"lost_in_post":0,"other_logs":0,"out_stock_days":80,"lost_sales":0,"has_location":false,"update_date":"2026-03-10T01:36:13","atum_locations":[],"atum_stock_status":"outofstock","restock_status":false,"low_stock_amount":"","sales_update_date":"2026-03-10T01:36:13","calc_backorders":null,"_links":{"self":[{"href":"https:\/\/www.industrialwood.nl\/de\/wp-json\/wp\/v2\/product\/45696","targetHints":{"allow":["GET"]}}],"collection":[{"href":"https:\/\/www.industrialwood.nl\/de\/wp-json\/wp\/v2\/product"}],"about":[{"href":"https:\/\/www.industrialwood.nl\/de\/wp-json\/wp\/v2\/types\/product"}],"replies":[{"embeddable":true,"href":"https:\/\/www.industrialwood.nl\/de\/wp-json\/wp\/v2\/comments?post=45696"}],"wp:featuredmedia":[{"embeddable":true,"href":"https:\/\/www.industrialwood.nl\/de\/wp-json\/wp\/v2\/media\/40609"}],"wp:attachment":[{"href":"https:\/\/www.industrialwood.nl\/de\/wp-json\/wp\/v2\/media?parent=45696"}],"wp:term":[{"taxonomy":"product_brand","embeddable":true,"href":"https:\/\/www.industrialwood.nl\/de\/wp-json\/wp\/v2\/product_brand?post=45696"},{"taxonomy":"product_cat","embeddable":true,"href":"https:\/\/www.industrialwood.nl\/de\/wp-json\/wp\/v2\/product_cat?post=45696"},{"taxonomy":"product_tag","embeddable":true,"href":"https:\/\/www.industrialwood.nl\/de\/wp-json\/wp\/v2\/product_tag?post=45696"},{"taxonomy":"seizoen","embeddable":true,"href":"https:\/\/www.industrialwood.nl\/de\/wp-json\/wp\/v2\/seizoen?post=45696"},{"taxonomy":"bloemensoort","embeddable":true,"href":"https:\/\/www.industrialwood.nl\/de\/wp-json\/wp\/v2\/bloemensoort?post=45696"},{"taxonomy":"samenstelling","embeddable":true,"href":"https:\/\/www.industrialwood.nl\/de\/wp-json\/wp\/v2\/samenstelling?post=45696"},{"taxonomy":"shop-per-kamer","embeddable":true,"href":"https:\/\/www.industrialwood.nl\/de\/wp-json\/wp\/v2\/shop-per-kamer?post=45696"},{"taxonomy":"indooroutdoor","embeddable":true,"href":"https:\/\/www.industrialwood.nl\/de\/wp-json\/wp\/v2\/indooroutdoor?post=45696"},{"taxonomy":"vorm","embeddable":true,"href":"https:\/\/www.industrialwood.nl\/de\/wp-json\/wp\/v2\/vorm?post=45696"},{"taxonomy":"duurzaam","embeddable":true,"href":"https:\/\/www.industrialwood.nl\/de\/wp-json\/wp\/v2\/duurzaam?post=45696"},{"taxonomy":"productafmetingen","embeddable":true,"href":"https:\/\/www.industrialwood.nl\/de\/wp-json\/wp\/v2\/productafmetingen?post=45696"},{"taxonomy":"stijl","embeddable":true,"href":"https:\/\/www.industrialwood.nl\/de\/wp-json\/wp\/v2\/stijl?post=45696"},{"taxonomy":"merk","embeddable":true,"href":"https:\/\/www.industrialwood.nl\/de\/wp-json\/wp\/v2\/merk?post=45696"},{"taxonomy":"materiaal","embeddable":true,"href":"https:\/\/www.industrialwood.nl\/de\/wp-json\/wp\/v2\/materiaal?post=45696"},{"taxonomy":"materiaal-schaaltje","embeddable":true,"href":"https:\/\/www.industrialwood.nl\/de\/wp-json\/wp\/v2\/materiaal-schaaltje?post=45696"},{"taxonomy":"geur","embeddable":true,"href":"https:\/\/www.industrialwood.nl\/de\/wp-json\/wp\/v2\/geur?post=45696"},{"taxonomy":"product-type","embeddable":true,"href":"https:\/\/www.industrialwood.nl\/de\/wp-json\/wp\/v2\/product-type?post=45696"},{"taxonomy":"beoordeling","embeddable":true,"href":"https:\/\/www.industrialwood.nl\/de\/wp-json\/wp\/v2\/beoordeling?post=45696"},{"taxonomy":"uitsparingen","embeddable":true,"href":"https:\/\/www.industrialwood.nl\/de\/wp-json\/wp\/v2\/uitsparingen?post=45696"},{"taxonomy":"houtsoort","embeddable":true,"href":"https:\/\/www.industrialwood.nl\/de\/wp-json\/wp\/v2\/houtsoort?post=45696"},{"taxonomy":"breedte","embeddable":true,"href":"https:\/\/www.industrialwood.nl\/de\/wp-json\/wp\/v2\/breedte?post=45696"},{"taxonomy":"badplanken-lengte","embeddable":true,"href":"https:\/\/www.industrialwood.nl\/de\/wp-json\/wp\/v2\/badplanken-lengte?post=45696"},{"taxonomy":"kleur","embeddable":true,"href":"https:\/\/www.industrialwood.nl\/de\/wp-json\/wp\/v2\/kleur?post=45696"}],"curies":[{"name":"wp","href":"https:\/\/api.w.org\/{rel}","templated":true}]}}