{"id":45676,"date":"2023-09-13T18:34:24","date_gmt":"2023-09-13T17:34:24","guid":{"rendered":"https:\/\/www.industrialwood.nl\/led-kerze-deluxe-homeart-indoor-sand-s\/"},"modified":"2026-03-16T09:20:28","modified_gmt":"2026-03-16T08:20:28","slug":"led-kerze-deluxe-homeart-indoor-sand-s","status":"publish","type":"product","link":"https:\/\/www.industrialwood.nl\/de\/led-kerze-deluxe-homeart-indoor-sand-s\/","title":{"rendered":"LED-Kerze | Deluxe Homeart | Indoor | Sand | S"},"content":{"rendered":"","protected":false},"excerpt":{"rendered":"<p>Diese <strong>LED-Kerze <\/strong>der d\u00e4nischen Marke<strong> Deluxe Homeart<\/strong> ist aus echtem Wachs hergestellt. Die Harzschicht auf der Oberseite l\u00e4sst sie wie eine lebensechte Kerze aussehen! Diese innovative LED-Kerze hat eine echte Flamme, die sanft flackert. Das verleiht der LED-Kerze eine realistische &#8216;Kerzenlicht-Atmosph\u00e4re&#8217;. Mit Batterien h\u00e4lt die Kerze viele Stunden lang, gem\u00fctlich, langlebig und vor allem sicher f\u00fcr Kinder und Haustiere.<\/p>\n<p>Mit der <strong>Fernbedienung<\/strong> k\u00f6nnen Sie die Intensit\u00e4t der Flamme einstellen, so dass Sie sie weicher oder heller machen k\u00f6nnen. Die Kerze verf\u00fcgt au\u00dferdem \u00fcber eine Timerfunktion, mit der die Kerzen jeden Tag zur gleichen Zeit an- und ausgehen. Wenn Sie keine Fernbedienung haben, k\u00f6nnen Sie die Kerzen \u00fcber den Schalter an der Unterseite der Kerze einschalten. Die Kerze wird mit 2x AA-Batterien betrieben (nicht im Lieferumfang enthalten). Die Fernbedienung ist nicht im Lieferumfang enthalten und wird separat verkauft.<\/p>\n<ul>\n<li>Hergestellt aus echtem Wachs f\u00fcr ein realistisches Aussehen<\/li>\n<li>Timerfunktion und einstellbare Flammenintensit\u00e4t<a href=\"https:\/\/www.industrialwood.nl\/afstandsbediening-deluxe-homeart\/\">(Fernbedienung<\/a> separat erh\u00e4ltlich)<\/li>\n<li>Sicher f\u00fcr Kinder und Haustiere<\/li>\n<li>Auch in <a href=\"https:\/\/www.industrialwood.nl\/?s=deluxe%20homeart%20kaars&amp;jet_ajax_search_settings=%7B%22search_source%22%3A%22product%22%7D&amp;post_type=product&amp;ct_bot_detector_event_token=baf2ac92f5fa0994522b7876981ec7e18743f76d6cd98ff7baf1ae3b3e8843d7\">anderen Farben<\/a> und in den Gr\u00f6\u00dfen <a href=\"https:\/\/www.industrialwood.nl\/de\/led-kerze-deluxe-homeart-innenbereich-sand-m\/\">M<\/a> und <a href=\"https:\/\/www.industrialwood.nl\/de\/led-kerze-deluxe-homeart-innenbereich-sand-l\/\">L<\/a> erh\u00e4ltlich<\/li>\n<\/ul>\n<p>&nbsp;<\/p>\n<p><em>Lesen Sie vor dem Gebrauch die Anweisungen auf der Verpackung! Stellen Sie &#8216;Indoor&#8217;-Kerzen niemals in die Sonne (Fensterbank) oder in die N\u00e4he einer W\u00e4rmequelle, da die Wachsschicht schmelzen k\u00f6nnte.<\/em><\/p>\n<p><strong>Ma\u00dfe<\/strong>: 7,5 x 10 cm<br \/>\n<strong>Material<\/strong>: Wachs<br \/>\n<strong>Farbe<\/strong>: Sand<\/p>\n","protected":false},"featured_media":49501,"comment_status":"open","ping_status":"closed","template":"","meta":[],"product_brand":[],"product_cat":[400,418,402,413,424,744,420,395,740,422,414,706,396],"product_tag":[],"seizoen":[543,545,544,546],"bloemensoort":[],"samenstelling":[],"shop-per-kamer":[551,552,550,553,549],"indooroutdoor":[555],"vorm":[559],"duurzaam":[565],"productafmetingen":[567],"stijl":[574,571,575,573,572],"merk":[582],"materiaal":[615],"materiaal-schaaltje":[],"geur":[],"product-type":[],"beoordeling":[640,641,642],"uitsparingen":[],"houtsoort":[],"breedte":[],"badplanken-lengte":[],"kleur":[657,666],"class_list":{"0":"post-45676","1":"product","2":"type-product","3":"status-publish","4":"has-post-thumbnail","6":"product_cat-boheme-wohnzimmer","7":"product_cat-hotel-chic-wohnzimmer","8":"product_cat-japandi-wohnzimmer","9":"product_cat-kerzenstander-kerzenleuchter","10":"product_cat-landwohnzimmer","11":"product_cat-led-kerzen","12":"product_cat-modernes-wohnzimmer","13":"product_cat-naturliche-tone","14":"product_cat-schwarzer-freitag-2","15":"product_cat-skandinavisches-wohnzimmer","16":"product_cat-teelichthalter","17":"product_cat-verkaufsschlager","18":"product_cat-wohnzimmer","19":"seizoen-lente-de","20":"seizoen-herfst-de","21":"seizoen-zomer-de","22":"seizoen-winter-de","23":"shop-per-kamer-badkamer-de","24":"shop-per-kamer-hal-de","25":"shop-per-kamer-keuken-de","26":"shop-per-kamer-slaapkamer-de","27":"shop-per-kamer-woonkamer-de","28":"indooroutdoor-indoor-de","29":"vorm-cilinder-de","30":"duurzaam-ja-de","31":"productafmetingen-s-de","32":"stijl-bohemian-de","33":"stijl-hotel-chique-de","34":"stijl-japandi-de","35":"stijl-modern-de","36":"stijl-scandinavisch-de","37":"merk-deluxe-homeart-de","38":"materiaal-wax-de","39":"beoordeling-three-star-de","40":"beoordeling-four-star-de","41":"beoordeling-five-star-de","42":"kleur-beige-de","43":"kleur-taupe-de","45":"first","46":"instock","47":"taxable","48":"shipping-taxable","49":"purchasable","50":"product-type-simple"},"supplier_id":null,"supplier_sku":"","barcode":null,"atum_controlled":true,"out_stock_date":null,"out_stock_threshold":null,"inheritable":false,"inbound_stock":0,"stock_on_hold":5,"sold_today":0,"sales_last_days":13,"reserved_stock":0,"customer_returns":0,"warehouse_damage":0,"lost_in_post":0,"other_logs":0,"out_stock_days":0,"lost_sales":0,"has_location":false,"update_date":"2026-04-21T20:09:17","atum_locations":[],"atum_stock_status":"instock","restock_status":true,"low_stock_amount":"","sales_update_date":"2026-04-21T20:09:17","calc_backorders":null,"_links":{"self":[{"href":"https:\/\/www.industrialwood.nl\/de\/wp-json\/wp\/v2\/product\/45676","targetHints":{"allow":["GET"]}}],"collection":[{"href":"https:\/\/www.industrialwood.nl\/de\/wp-json\/wp\/v2\/product"}],"about":[{"href":"https:\/\/www.industrialwood.nl\/de\/wp-json\/wp\/v2\/types\/product"}],"replies":[{"embeddable":true,"href":"https:\/\/www.industrialwood.nl\/de\/wp-json\/wp\/v2\/comments?post=45676"}],"wp:featuredmedia":[{"embeddable":true,"href":"https:\/\/www.industrialwood.nl\/de\/wp-json\/wp\/v2\/media\/49501"}],"wp:attachment":[{"href":"https:\/\/www.industrialwood.nl\/de\/wp-json\/wp\/v2\/media?parent=45676"}],"wp:term":[{"taxonomy":"product_brand","embeddable":true,"href":"https:\/\/www.industrialwood.nl\/de\/wp-json\/wp\/v2\/product_brand?post=45676"},{"taxonomy":"product_cat","embeddable":true,"href":"https:\/\/www.industrialwood.nl\/de\/wp-json\/wp\/v2\/product_cat?post=45676"},{"taxonomy":"product_tag","embeddable":true,"href":"https:\/\/www.industrialwood.nl\/de\/wp-json\/wp\/v2\/product_tag?post=45676"},{"taxonomy":"seizoen","embeddable":true,"href":"https:\/\/www.industrialwood.nl\/de\/wp-json\/wp\/v2\/seizoen?post=45676"},{"taxonomy":"bloemensoort","embeddable":true,"href":"https:\/\/www.industrialwood.nl\/de\/wp-json\/wp\/v2\/bloemensoort?post=45676"},{"taxonomy":"samenstelling","embeddable":true,"href":"https:\/\/www.industrialwood.nl\/de\/wp-json\/wp\/v2\/samenstelling?post=45676"},{"taxonomy":"shop-per-kamer","embeddable":true,"href":"https:\/\/www.industrialwood.nl\/de\/wp-json\/wp\/v2\/shop-per-kamer?post=45676"},{"taxonomy":"indooroutdoor","embeddable":true,"href":"https:\/\/www.industrialwood.nl\/de\/wp-json\/wp\/v2\/indooroutdoor?post=45676"},{"taxonomy":"vorm","embeddable":true,"href":"https:\/\/www.industrialwood.nl\/de\/wp-json\/wp\/v2\/vorm?post=45676"},{"taxonomy":"duurzaam","embeddable":true,"href":"https:\/\/www.industrialwood.nl\/de\/wp-json\/wp\/v2\/duurzaam?post=45676"},{"taxonomy":"productafmetingen","embeddable":true,"href":"https:\/\/www.industrialwood.nl\/de\/wp-json\/wp\/v2\/productafmetingen?post=45676"},{"taxonomy":"stijl","embeddable":true,"href":"https:\/\/www.industrialwood.nl\/de\/wp-json\/wp\/v2\/stijl?post=45676"},{"taxonomy":"merk","embeddable":true,"href":"https:\/\/www.industrialwood.nl\/de\/wp-json\/wp\/v2\/merk?post=45676"},{"taxonomy":"materiaal","embeddable":true,"href":"https:\/\/www.industrialwood.nl\/de\/wp-json\/wp\/v2\/materiaal?post=45676"},{"taxonomy":"materiaal-schaaltje","embeddable":true,"href":"https:\/\/www.industrialwood.nl\/de\/wp-json\/wp\/v2\/materiaal-schaaltje?post=45676"},{"taxonomy":"geur","embeddable":true,"href":"https:\/\/www.industrialwood.nl\/de\/wp-json\/wp\/v2\/geur?post=45676"},{"taxonomy":"product-type","embeddable":true,"href":"https:\/\/www.industrialwood.nl\/de\/wp-json\/wp\/v2\/product-type?post=45676"},{"taxonomy":"beoordeling","embeddable":true,"href":"https:\/\/www.industrialwood.nl\/de\/wp-json\/wp\/v2\/beoordeling?post=45676"},{"taxonomy":"uitsparingen","embeddable":true,"href":"https:\/\/www.industrialwood.nl\/de\/wp-json\/wp\/v2\/uitsparingen?post=45676"},{"taxonomy":"houtsoort","embeddable":true,"href":"https:\/\/www.industrialwood.nl\/de\/wp-json\/wp\/v2\/houtsoort?post=45676"},{"taxonomy":"breedte","embeddable":true,"href":"https:\/\/www.industrialwood.nl\/de\/wp-json\/wp\/v2\/breedte?post=45676"},{"taxonomy":"badplanken-lengte","embeddable":true,"href":"https:\/\/www.industrialwood.nl\/de\/wp-json\/wp\/v2\/badplanken-lengte?post=45676"},{"taxonomy":"kleur","embeddable":true,"href":"https:\/\/www.industrialwood.nl\/de\/wp-json\/wp\/v2\/kleur?post=45676"}],"curies":[{"name":"wp","href":"https:\/\/api.w.org\/{rel}","templated":true}]}}