{"id":45649,"date":"2025-10-24T21:35:03","date_gmt":"2025-10-24T19:35:03","guid":{"rendered":"https:\/\/www.industrialwood.nl\/3er-set-kerzenleuchter-meril-gold\/"},"modified":"2026-01-07T13:36:38","modified_gmt":"2026-01-07T12:36:38","slug":"3er-set-kerzenleuchter-meril-gold","status":"publish","type":"product","link":"https:\/\/www.industrialwood.nl\/de\/3er-set-kerzenleuchter-meril-gold\/","title":{"rendered":"3er Set | Kerzenleuchter | Aylin | Gold"},"content":{"rendered":"","protected":false},"excerpt":{"rendered":"<p data-start=\"199\" data-end=\"501\">Dieses <strong>Set aus 3 Kerzenhaltern<\/strong> in der Farbe Gold ist ein echter Blickfang auf Ihrem Tisch, Sideboard oder Wandregal! Der kegelf\u00f6rmige Sockel mit einem Glashalter an der Spitze sorgt f\u00fcr einen luxuri\u00f6sen und verspielten Look, der in jedem Interieur zur Geltung kommen wird. Aber das Beste daran? Sie k\u00f6nnen sie auf zwei Arten verwenden!   <\/p>\n<p data-start=\"503\" data-end=\"731\">\ud83d\udc49 Verwenden Sie die Kerzenhalter <strong data-start=\"528\" data-end=\"557\">mit dem mitgelieferten Glas<\/strong> f\u00fcr einen schicken Look mit einem Teelicht oder einer kleinen Kerze darin. Oder entfernen Sie das Glas und stellen Sie eine <strong data-start=\"658\" data-end=\"683\">Stumpenkerze mit einem Durchmesser von 8 cm<\/strong> auf das goldene Tablett. Genau das, worauf Sie Lust haben!<\/p>\n<p data-start=\"733\" data-end=\"986\">\ud83d\udc9b Die warme Goldfarbe setzt einen stimmungsvollen Akzent und l\u00e4sst sich wunderbar mit neutralen T\u00f6nen, Schwarz oder bunten Accessoires kombinieren. Ob Sie sie zusammen gruppieren oder \u00fcber Ihr Interieur verteilen: mit diesen goldenen Kerzenhaltern k\u00f6nnen Sie beides tun! <\/p>\n<p data-start=\"733\" data-end=\"986\"><strong>Warum Sie es wollen:<\/strong><\/p>\n<ul>\n<li data-start=\"733\" data-end=\"986\">F\u00fcr die Verwendung mit oder ohne Glas<\/li>\n<li data-start=\"733\" data-end=\"986\">Geeignet f\u00fcr einzelne Kerzen oder Teelichter<\/li>\n<li data-start=\"733\" data-end=\"986\">Komplettes Set!<\/li>\n<\/ul>\n<p>&nbsp;<\/p>\n<p><strong>Abmessungen<\/strong>: <strong>S<\/strong>: 8 x 9,5 cm <strong>M<\/strong>: 8 x 11,5 cm <strong>L<\/strong>: 8 x 15,5 cm<br \/>\n<strong>Material<\/strong>: Metall<br \/>\n<strong>Farbe<\/strong>: Gold<\/p>\n","protected":false},"featured_media":85363,"comment_status":"open","ping_status":"closed","template":"","meta":[],"product_brand":[],"product_cat":[411,418,413,424,420,740,422,396],"product_tag":[],"seizoen":[543,545,544,546],"bloemensoort":[],"samenstelling":[],"shop-per-kamer":[552,549],"indooroutdoor":[555],"vorm":[559],"duurzaam":[565],"productafmetingen":[569,568,567],"stijl":[571,573],"merk":[576],"materiaal":[614],"materiaal-schaaltje":[],"geur":[],"product-type":[],"beoordeling":[640,641,642],"uitsparingen":[],"houtsoort":[],"breedte":[],"badplanken-lengte":[],"kleur":[658],"class_list":{"0":"post-45649","1":"product","2":"type-product","3":"status-publish","4":"has-post-thumbnail","6":"product_cat-goldene-stunde","7":"product_cat-hotel-chic-wohnzimmer","8":"product_cat-kerzenstander-kerzenleuchter","9":"product_cat-landwohnzimmer","10":"product_cat-modernes-wohnzimmer","11":"product_cat-schwarzer-freitag-2","12":"product_cat-skandinavisches-wohnzimmer","13":"product_cat-wohnzimmer","14":"seizoen-lente-de","15":"seizoen-herfst-de","16":"seizoen-zomer-de","17":"seizoen-winter-de","18":"shop-per-kamer-hal-de","19":"shop-per-kamer-woonkamer-de","20":"indooroutdoor-indoor-de","21":"vorm-cilinder-de","22":"duurzaam-ja-de","23":"productafmetingen-l-de","24":"productafmetingen-m-de","25":"productafmetingen-s-de","26":"stijl-hotel-chique-de","27":"stijl-modern-de","28":"merk-industrialwood-de","29":"materiaal-metaal-de","30":"beoordeling-three-star-de","31":"beoordeling-four-star-de","32":"beoordeling-five-star-de","33":"kleur-goud-de","35":"first","36":"instock","37":"taxable","38":"shipping-taxable","39":"purchasable","40":"product-type-simple"},"supplier_id":null,"supplier_sku":"","barcode":null,"atum_controlled":true,"out_stock_date":"2025-10-14 19:01:31","out_stock_threshold":null,"inheritable":false,"inbound_stock":0,"stock_on_hold":1,"sold_today":0,"sales_last_days":2,"reserved_stock":0,"customer_returns":0,"warehouse_damage":0,"lost_in_post":0,"other_logs":0,"out_stock_days":185,"lost_sales":3167,"has_location":false,"update_date":"2026-04-18T15:34:34","atum_locations":[],"atum_stock_status":"instock","restock_status":false,"low_stock_amount":"","sales_update_date":"2026-04-18T15:34:34","calc_backorders":null,"_links":{"self":[{"href":"https:\/\/www.industrialwood.nl\/de\/wp-json\/wp\/v2\/product\/45649","targetHints":{"allow":["GET"]}}],"collection":[{"href":"https:\/\/www.industrialwood.nl\/de\/wp-json\/wp\/v2\/product"}],"about":[{"href":"https:\/\/www.industrialwood.nl\/de\/wp-json\/wp\/v2\/types\/product"}],"replies":[{"embeddable":true,"href":"https:\/\/www.industrialwood.nl\/de\/wp-json\/wp\/v2\/comments?post=45649"}],"wp:featuredmedia":[{"embeddable":true,"href":"https:\/\/www.industrialwood.nl\/de\/wp-json\/wp\/v2\/media\/85363"}],"wp:attachment":[{"href":"https:\/\/www.industrialwood.nl\/de\/wp-json\/wp\/v2\/media?parent=45649"}],"wp:term":[{"taxonomy":"product_brand","embeddable":true,"href":"https:\/\/www.industrialwood.nl\/de\/wp-json\/wp\/v2\/product_brand?post=45649"},{"taxonomy":"product_cat","embeddable":true,"href":"https:\/\/www.industrialwood.nl\/de\/wp-json\/wp\/v2\/product_cat?post=45649"},{"taxonomy":"product_tag","embeddable":true,"href":"https:\/\/www.industrialwood.nl\/de\/wp-json\/wp\/v2\/product_tag?post=45649"},{"taxonomy":"seizoen","embeddable":true,"href":"https:\/\/www.industrialwood.nl\/de\/wp-json\/wp\/v2\/seizoen?post=45649"},{"taxonomy":"bloemensoort","embeddable":true,"href":"https:\/\/www.industrialwood.nl\/de\/wp-json\/wp\/v2\/bloemensoort?post=45649"},{"taxonomy":"samenstelling","embeddable":true,"href":"https:\/\/www.industrialwood.nl\/de\/wp-json\/wp\/v2\/samenstelling?post=45649"},{"taxonomy":"shop-per-kamer","embeddable":true,"href":"https:\/\/www.industrialwood.nl\/de\/wp-json\/wp\/v2\/shop-per-kamer?post=45649"},{"taxonomy":"indooroutdoor","embeddable":true,"href":"https:\/\/www.industrialwood.nl\/de\/wp-json\/wp\/v2\/indooroutdoor?post=45649"},{"taxonomy":"vorm","embeddable":true,"href":"https:\/\/www.industrialwood.nl\/de\/wp-json\/wp\/v2\/vorm?post=45649"},{"taxonomy":"duurzaam","embeddable":true,"href":"https:\/\/www.industrialwood.nl\/de\/wp-json\/wp\/v2\/duurzaam?post=45649"},{"taxonomy":"productafmetingen","embeddable":true,"href":"https:\/\/www.industrialwood.nl\/de\/wp-json\/wp\/v2\/productafmetingen?post=45649"},{"taxonomy":"stijl","embeddable":true,"href":"https:\/\/www.industrialwood.nl\/de\/wp-json\/wp\/v2\/stijl?post=45649"},{"taxonomy":"merk","embeddable":true,"href":"https:\/\/www.industrialwood.nl\/de\/wp-json\/wp\/v2\/merk?post=45649"},{"taxonomy":"materiaal","embeddable":true,"href":"https:\/\/www.industrialwood.nl\/de\/wp-json\/wp\/v2\/materiaal?post=45649"},{"taxonomy":"materiaal-schaaltje","embeddable":true,"href":"https:\/\/www.industrialwood.nl\/de\/wp-json\/wp\/v2\/materiaal-schaaltje?post=45649"},{"taxonomy":"geur","embeddable":true,"href":"https:\/\/www.industrialwood.nl\/de\/wp-json\/wp\/v2\/geur?post=45649"},{"taxonomy":"product-type","embeddable":true,"href":"https:\/\/www.industrialwood.nl\/de\/wp-json\/wp\/v2\/product-type?post=45649"},{"taxonomy":"beoordeling","embeddable":true,"href":"https:\/\/www.industrialwood.nl\/de\/wp-json\/wp\/v2\/beoordeling?post=45649"},{"taxonomy":"uitsparingen","embeddable":true,"href":"https:\/\/www.industrialwood.nl\/de\/wp-json\/wp\/v2\/uitsparingen?post=45649"},{"taxonomy":"houtsoort","embeddable":true,"href":"https:\/\/www.industrialwood.nl\/de\/wp-json\/wp\/v2\/houtsoort?post=45649"},{"taxonomy":"breedte","embeddable":true,"href":"https:\/\/www.industrialwood.nl\/de\/wp-json\/wp\/v2\/breedte?post=45649"},{"taxonomy":"badplanken-lengte","embeddable":true,"href":"https:\/\/www.industrialwood.nl\/de\/wp-json\/wp\/v2\/badplanken-lengte?post=45649"},{"taxonomy":"kleur","embeddable":true,"href":"https:\/\/www.industrialwood.nl\/de\/wp-json\/wp\/v2\/kleur?post=45649"}],"curies":[{"name":"wp","href":"https:\/\/api.w.org\/{rel}","templated":true}]}}