{"id":45638,"date":"2023-09-10T21:56:34","date_gmt":"2023-09-10T19:56:34","guid":{"rendered":"https:\/\/www.industrialwood.nl\/box-luxus-kunstharz-lyon\/"},"modified":"2026-01-09T15:05:36","modified_gmt":"2026-01-09T14:05:36","slug":"box-luxus-kunstharz-lyon","status":"publish","type":"product","link":"https:\/\/www.industrialwood.nl\/de\/box-luxus-kunstharz-lyon\/","title":{"rendered":"Box | Luxus | Kunstharz | Lyon"},"content":{"rendered":"","protected":false},"excerpt":{"rendered":"<p>Entdecken Sie eine harmonische Verschmelzung von Stil und Funktionalit\u00e4t mit dieser <strong>exklusiven runden Dose<\/strong> von <strong>Diga Colmore<\/strong>. Das Tablett zeigt einen raffinierten, zeitlosen Druck in einer Farbkombination aus Wei\u00df, Beige und Schwarz. Diese luxuri\u00f6se Box verleiht jeder Einrichtung einen Hauch von Eleganz. Die Vielseitigkeit dieses kunstvollen Tabletts ist bemerkenswert: als dekoratives St\u00fcck oder zur Aufbewahrung kleiner Gegenst\u00e4nde. Das Tablett ist aus hochwertigem Material gefertigt und f\u00fcr zus\u00e4tzlichen Schutz mit einer dauerhaften Epoxidbeschichtung versehen. Die Teile sind mit Intarsien versehen und der Boden ist aus schwarzem Samt.<\/p>\n<p><em><strong>Tipp<\/strong>: Auch in einem <a href=\"https:\/\/industrialwood.nl\/winkel\/natural-tones\/dienblad-luxe-resin-lyon\/\">passenden Tablett<\/a> erh\u00e4ltlich!<\/em><\/p>\n<p><strong>Ma\u00dfe<\/strong>: 18 x 18 x 11 cm<br \/>\n<strong>Material<\/strong>: Holz mit Harzbeschichtung (Epoxid)<br \/>\n<strong>Farbe<\/strong>: Wei\u00df | Beige | Schwarz<\/p>\n","protected":false},"featured_media":41258,"comment_status":"open","ping_status":"closed","template":"","meta":[],"product_brand":[],"product_cat":[392,393,400,479,418,404,402,424,481,420,395,391,482,422,405,396],"product_tag":[],"seizoen":[543,545,544,546],"bloemensoort":[],"samenstelling":[],"shop-per-kamer":[551,552,550,553,549],"indooroutdoor":[555],"vorm":[557],"duurzaam":[565],"productafmetingen":[569,568],"stijl":[574,571,575,573,572],"merk":[584],"materiaal":[609],"materiaal-schaaltje":[],"geur":[],"product-type":[],"beoordeling":[640,641,642],"uitsparingen":[],"houtsoort":[],"breedte":[],"badplanken-lengte":[],"kleur":[657,656,659],"class_list":{"0":"post-45638","1":"product","2":"type-product","3":"status-publish","4":"has-post-thumbnail","6":"product_cat-andere","7":"product_cat-badezimmer","8":"product_cat-boheme-wohnzimmer","9":"product_cat-hotel-chic-badezimmer","10":"product_cat-hotel-chic-wohnzimmer","11":"product_cat-japandi-badezimmer","12":"product_cat-japandi-wohnzimmer","13":"product_cat-landwohnzimmer","14":"product_cat-modernes-badezimmer","15":"product_cat-modernes-wohnzimmer","16":"product_cat-naturliche-tone","17":"product_cat-ornamente","18":"product_cat-skandinavisches-badezimmer","19":"product_cat-skandinavisches-wohnzimmer","20":"product_cat-verkauf","21":"product_cat-wohnzimmer","22":"seizoen-lente-de","23":"seizoen-herfst-de","24":"seizoen-zomer-de","25":"seizoen-winter-de","26":"shop-per-kamer-badkamer-de","27":"shop-per-kamer-hal-de","28":"shop-per-kamer-keuken-de","29":"shop-per-kamer-slaapkamer-de","30":"shop-per-kamer-woonkamer-de","31":"indooroutdoor-indoor-de","32":"vorm-rond-de","33":"duurzaam-ja-de","34":"productafmetingen-l-de","35":"productafmetingen-m-de","36":"stijl-bohemian-de","37":"stijl-hotel-chique-de","38":"stijl-japandi-de","39":"stijl-modern-de","40":"stijl-scandinavisch-de","41":"merk-diga-colmore-de","42":"materiaal-hout-de","43":"beoordeling-three-star-de","44":"beoordeling-four-star-de","45":"beoordeling-five-star-de","46":"kleur-beige-de","47":"kleur-zwart-de","48":"kleur-wit-de","50":"first","51":"outofstock","52":"sale","53":"taxable","54":"shipping-taxable","55":"purchasable","56":"product-type-simple"},"supplier_id":null,"supplier_sku":"","barcode":null,"atum_controlled":true,"out_stock_date":"2026-01-01 22:43:32","out_stock_threshold":null,"inheritable":false,"inbound_stock":0,"stock_on_hold":0,"sold_today":0,"sales_last_days":0,"reserved_stock":0,"customer_returns":0,"warehouse_damage":0,"lost_in_post":0,"other_logs":0,"out_stock_days":67,"lost_sales":0,"has_location":false,"update_date":"2026-03-10T01:36:22","atum_locations":[],"atum_stock_status":"outofstock","restock_status":false,"low_stock_amount":"","sales_update_date":"2026-03-10T01:36:22","calc_backorders":null,"_links":{"self":[{"href":"https:\/\/www.industrialwood.nl\/de\/wp-json\/wp\/v2\/product\/45638","targetHints":{"allow":["GET"]}}],"collection":[{"href":"https:\/\/www.industrialwood.nl\/de\/wp-json\/wp\/v2\/product"}],"about":[{"href":"https:\/\/www.industrialwood.nl\/de\/wp-json\/wp\/v2\/types\/product"}],"replies":[{"embeddable":true,"href":"https:\/\/www.industrialwood.nl\/de\/wp-json\/wp\/v2\/comments?post=45638"}],"wp:featuredmedia":[{"embeddable":true,"href":"https:\/\/www.industrialwood.nl\/de\/wp-json\/wp\/v2\/media\/41258"}],"wp:attachment":[{"href":"https:\/\/www.industrialwood.nl\/de\/wp-json\/wp\/v2\/media?parent=45638"}],"wp:term":[{"taxonomy":"product_brand","embeddable":true,"href":"https:\/\/www.industrialwood.nl\/de\/wp-json\/wp\/v2\/product_brand?post=45638"},{"taxonomy":"product_cat","embeddable":true,"href":"https:\/\/www.industrialwood.nl\/de\/wp-json\/wp\/v2\/product_cat?post=45638"},{"taxonomy":"product_tag","embeddable":true,"href":"https:\/\/www.industrialwood.nl\/de\/wp-json\/wp\/v2\/product_tag?post=45638"},{"taxonomy":"seizoen","embeddable":true,"href":"https:\/\/www.industrialwood.nl\/de\/wp-json\/wp\/v2\/seizoen?post=45638"},{"taxonomy":"bloemensoort","embeddable":true,"href":"https:\/\/www.industrialwood.nl\/de\/wp-json\/wp\/v2\/bloemensoort?post=45638"},{"taxonomy":"samenstelling","embeddable":true,"href":"https:\/\/www.industrialwood.nl\/de\/wp-json\/wp\/v2\/samenstelling?post=45638"},{"taxonomy":"shop-per-kamer","embeddable":true,"href":"https:\/\/www.industrialwood.nl\/de\/wp-json\/wp\/v2\/shop-per-kamer?post=45638"},{"taxonomy":"indooroutdoor","embeddable":true,"href":"https:\/\/www.industrialwood.nl\/de\/wp-json\/wp\/v2\/indooroutdoor?post=45638"},{"taxonomy":"vorm","embeddable":true,"href":"https:\/\/www.industrialwood.nl\/de\/wp-json\/wp\/v2\/vorm?post=45638"},{"taxonomy":"duurzaam","embeddable":true,"href":"https:\/\/www.industrialwood.nl\/de\/wp-json\/wp\/v2\/duurzaam?post=45638"},{"taxonomy":"productafmetingen","embeddable":true,"href":"https:\/\/www.industrialwood.nl\/de\/wp-json\/wp\/v2\/productafmetingen?post=45638"},{"taxonomy":"stijl","embeddable":true,"href":"https:\/\/www.industrialwood.nl\/de\/wp-json\/wp\/v2\/stijl?post=45638"},{"taxonomy":"merk","embeddable":true,"href":"https:\/\/www.industrialwood.nl\/de\/wp-json\/wp\/v2\/merk?post=45638"},{"taxonomy":"materiaal","embeddable":true,"href":"https:\/\/www.industrialwood.nl\/de\/wp-json\/wp\/v2\/materiaal?post=45638"},{"taxonomy":"materiaal-schaaltje","embeddable":true,"href":"https:\/\/www.industrialwood.nl\/de\/wp-json\/wp\/v2\/materiaal-schaaltje?post=45638"},{"taxonomy":"geur","embeddable":true,"href":"https:\/\/www.industrialwood.nl\/de\/wp-json\/wp\/v2\/geur?post=45638"},{"taxonomy":"product-type","embeddable":true,"href":"https:\/\/www.industrialwood.nl\/de\/wp-json\/wp\/v2\/product-type?post=45638"},{"taxonomy":"beoordeling","embeddable":true,"href":"https:\/\/www.industrialwood.nl\/de\/wp-json\/wp\/v2\/beoordeling?post=45638"},{"taxonomy":"uitsparingen","embeddable":true,"href":"https:\/\/www.industrialwood.nl\/de\/wp-json\/wp\/v2\/uitsparingen?post=45638"},{"taxonomy":"houtsoort","embeddable":true,"href":"https:\/\/www.industrialwood.nl\/de\/wp-json\/wp\/v2\/houtsoort?post=45638"},{"taxonomy":"breedte","embeddable":true,"href":"https:\/\/www.industrialwood.nl\/de\/wp-json\/wp\/v2\/breedte?post=45638"},{"taxonomy":"badplanken-lengte","embeddable":true,"href":"https:\/\/www.industrialwood.nl\/de\/wp-json\/wp\/v2\/badplanken-lengte?post=45638"},{"taxonomy":"kleur","embeddable":true,"href":"https:\/\/www.industrialwood.nl\/de\/wp-json\/wp\/v2\/kleur?post=45638"}],"curies":[{"name":"wp","href":"https:\/\/api.w.org\/{rel}","templated":true}]}}