{"id":45627,"date":"2023-06-15T09:08:46","date_gmt":"2023-06-15T08:08:46","guid":{"rendered":"https:\/\/www.industrialwood.nl\/leeff-plateau-tigo-s\/"},"modified":"2026-01-09T16:31:16","modified_gmt":"2026-01-09T15:31:16","slug":"leeff-plateau-tigo-s","status":"publish","type":"product","link":"https:\/\/www.industrialwood.nl\/de\/leeff-plateau-tigo-s\/","title":{"rendered":"Leeff Plateau | Tigo | S"},"content":{"rendered":"","protected":false},"excerpt":{"rendered":"<p>\ud83d\udd6f\ufe0f\u2728 Gestalten Sie ein stilvolles Interieur mit dem <strong>Betontablett Tigo<\/strong> von <strong>Leeff<\/strong>. Dieses einzigartige Tablett ist die perfekte Basis f\u00fcr Ihre Lieblingsaccessoires. Kombinieren Sie Vasen, Kerzenst\u00e4nder und Kerzen, um eine stimmungsvolle und pers\u00f6nliche Ecke zu schaffen. Das robuste Design aus nat\u00fcrlichem Beton verleiht jedem Raum einen k\u00fchlen und minimalistischen Look. Erh\u00e4ltlich in zwei Gr\u00f6\u00dfen, so dass Sie immer die richtige Gr\u00f6\u00dfe f\u00fcr Ihre Dekorationsideen haben. Verwenden Sie es als Unterlage auf Ihrem Tisch oder Sideboard, oder f\u00fcllen Sie es mit gem\u00fctlichen Dekorationen. Dieses Tablett ist nicht nur funktional, sondern auch ein echter Blickfang in Ihrer Einrichtung.     <\/p>\n<p><strong>Merkmale<\/strong>:<\/p>\n<ul>\n<li>Auch in einer gr\u00f6\u00dferen L-Variante erh\u00e4ltlich<\/li>\n<li>Nat\u00fcrlicher Beton f\u00fcr einen robusten Look<\/li>\n<li>Ideal f\u00fcr Kerzen, Vasen und andere Accessoires<\/li>\n<\/ul>\n<p>&nbsp;<\/p>\n<p><strong>Abmessungen<\/strong>: 20 x 20 cm<br \/>\n<strong>Material<\/strong>: Beton<br \/>\n<strong>Farbe<\/strong>: Grau<\/p>\n","protected":false},"featured_media":40032,"comment_status":"open","ping_status":"closed","template":"","meta":[],"product_brand":[],"product_cat":[392,412,400,686,402,502,540,424,505,420,395,507,422,478,396],"product_tag":[],"seizoen":[543,545,544,546],"bloemensoort":[],"samenstelling":[],"shop-per-kamer":[552,550,549],"indooroutdoor":[555],"vorm":[557],"duurzaam":[565],"productafmetingen":[567],"stijl":[574,575,572],"merk":[581],"materiaal":[613],"materiaal-schaaltje":[],"geur":[],"product-type":[],"beoordeling":[640,641,642],"uitsparingen":[],"houtsoort":[],"breedte":[],"badplanken-lengte":[],"kleur":[660],"class_list":{"0":"post-45627","1":"product","2":"type-product","3":"status-publish","4":"has-post-thumbnail","6":"product_cat-andere","7":"product_cat-boheme-kuche","8":"product_cat-boheme-wohnzimmer","9":"product_cat-geschenk","10":"product_cat-japandi-wohnzimmer","11":"product_cat-japandische-kuche","12":"product_cat-landhauskuche","13":"product_cat-landwohnzimmer","14":"product_cat-moderne-kuche","15":"product_cat-modernes-wohnzimmer","16":"product_cat-naturliche-tone","17":"product_cat-skandinavische-kuche","18":"product_cat-skandinavisches-wohnzimmer","19":"product_cat-tabletts","20":"product_cat-wohnzimmer","21":"seizoen-lente-de","22":"seizoen-herfst-de","23":"seizoen-zomer-de","24":"seizoen-winter-de","25":"shop-per-kamer-hal-de","26":"shop-per-kamer-keuken-de","27":"shop-per-kamer-woonkamer-de","28":"indooroutdoor-indoor-de","29":"vorm-rond-de","30":"duurzaam-ja-de","31":"productafmetingen-s-de","32":"stijl-bohemian-de","33":"stijl-japandi-de","34":"stijl-scandinavisch-de","35":"merk-leeff-de","36":"materiaal-beton-de","37":"beoordeling-three-star-de","38":"beoordeling-four-star-de","39":"beoordeling-five-star-de","40":"kleur-grijs-de","42":"first","43":"instock","44":"taxable","45":"shipping-taxable","46":"purchasable","47":"product-type-simple"},"supplier_id":null,"supplier_sku":"","barcode":null,"atum_controlled":true,"out_stock_date":null,"out_stock_threshold":null,"inheritable":false,"inbound_stock":0,"stock_on_hold":0,"sold_today":0,"sales_last_days":1,"reserved_stock":0,"customer_returns":0,"warehouse_damage":0,"lost_in_post":0,"other_logs":0,"out_stock_days":0,"lost_sales":0,"has_location":false,"update_date":"2026-04-14T19:52:55","atum_locations":[],"atum_stock_status":"instock","restock_status":false,"low_stock_amount":"","sales_update_date":"2026-04-14T19:52:55","calc_backorders":null,"_links":{"self":[{"href":"https:\/\/www.industrialwood.nl\/de\/wp-json\/wp\/v2\/product\/45627","targetHints":{"allow":["GET"]}}],"collection":[{"href":"https:\/\/www.industrialwood.nl\/de\/wp-json\/wp\/v2\/product"}],"about":[{"href":"https:\/\/www.industrialwood.nl\/de\/wp-json\/wp\/v2\/types\/product"}],"replies":[{"embeddable":true,"href":"https:\/\/www.industrialwood.nl\/de\/wp-json\/wp\/v2\/comments?post=45627"}],"wp:featuredmedia":[{"embeddable":true,"href":"https:\/\/www.industrialwood.nl\/de\/wp-json\/wp\/v2\/media\/40032"}],"wp:attachment":[{"href":"https:\/\/www.industrialwood.nl\/de\/wp-json\/wp\/v2\/media?parent=45627"}],"wp:term":[{"taxonomy":"product_brand","embeddable":true,"href":"https:\/\/www.industrialwood.nl\/de\/wp-json\/wp\/v2\/product_brand?post=45627"},{"taxonomy":"product_cat","embeddable":true,"href":"https:\/\/www.industrialwood.nl\/de\/wp-json\/wp\/v2\/product_cat?post=45627"},{"taxonomy":"product_tag","embeddable":true,"href":"https:\/\/www.industrialwood.nl\/de\/wp-json\/wp\/v2\/product_tag?post=45627"},{"taxonomy":"seizoen","embeddable":true,"href":"https:\/\/www.industrialwood.nl\/de\/wp-json\/wp\/v2\/seizoen?post=45627"},{"taxonomy":"bloemensoort","embeddable":true,"href":"https:\/\/www.industrialwood.nl\/de\/wp-json\/wp\/v2\/bloemensoort?post=45627"},{"taxonomy":"samenstelling","embeddable":true,"href":"https:\/\/www.industrialwood.nl\/de\/wp-json\/wp\/v2\/samenstelling?post=45627"},{"taxonomy":"shop-per-kamer","embeddable":true,"href":"https:\/\/www.industrialwood.nl\/de\/wp-json\/wp\/v2\/shop-per-kamer?post=45627"},{"taxonomy":"indooroutdoor","embeddable":true,"href":"https:\/\/www.industrialwood.nl\/de\/wp-json\/wp\/v2\/indooroutdoor?post=45627"},{"taxonomy":"vorm","embeddable":true,"href":"https:\/\/www.industrialwood.nl\/de\/wp-json\/wp\/v2\/vorm?post=45627"},{"taxonomy":"duurzaam","embeddable":true,"href":"https:\/\/www.industrialwood.nl\/de\/wp-json\/wp\/v2\/duurzaam?post=45627"},{"taxonomy":"productafmetingen","embeddable":true,"href":"https:\/\/www.industrialwood.nl\/de\/wp-json\/wp\/v2\/productafmetingen?post=45627"},{"taxonomy":"stijl","embeddable":true,"href":"https:\/\/www.industrialwood.nl\/de\/wp-json\/wp\/v2\/stijl?post=45627"},{"taxonomy":"merk","embeddable":true,"href":"https:\/\/www.industrialwood.nl\/de\/wp-json\/wp\/v2\/merk?post=45627"},{"taxonomy":"materiaal","embeddable":true,"href":"https:\/\/www.industrialwood.nl\/de\/wp-json\/wp\/v2\/materiaal?post=45627"},{"taxonomy":"materiaal-schaaltje","embeddable":true,"href":"https:\/\/www.industrialwood.nl\/de\/wp-json\/wp\/v2\/materiaal-schaaltje?post=45627"},{"taxonomy":"geur","embeddable":true,"href":"https:\/\/www.industrialwood.nl\/de\/wp-json\/wp\/v2\/geur?post=45627"},{"taxonomy":"product-type","embeddable":true,"href":"https:\/\/www.industrialwood.nl\/de\/wp-json\/wp\/v2\/product-type?post=45627"},{"taxonomy":"beoordeling","embeddable":true,"href":"https:\/\/www.industrialwood.nl\/de\/wp-json\/wp\/v2\/beoordeling?post=45627"},{"taxonomy":"uitsparingen","embeddable":true,"href":"https:\/\/www.industrialwood.nl\/de\/wp-json\/wp\/v2\/uitsparingen?post=45627"},{"taxonomy":"houtsoort","embeddable":true,"href":"https:\/\/www.industrialwood.nl\/de\/wp-json\/wp\/v2\/houtsoort?post=45627"},{"taxonomy":"breedte","embeddable":true,"href":"https:\/\/www.industrialwood.nl\/de\/wp-json\/wp\/v2\/breedte?post=45627"},{"taxonomy":"badplanken-lengte","embeddable":true,"href":"https:\/\/www.industrialwood.nl\/de\/wp-json\/wp\/v2\/badplanken-lengte?post=45627"},{"taxonomy":"kleur","embeddable":true,"href":"https:\/\/www.industrialwood.nl\/de\/wp-json\/wp\/v2\/kleur?post=45627"}],"curies":[{"name":"wp","href":"https:\/\/api.w.org\/{rel}","templated":true}]}}