{"id":45625,"date":"2023-06-15T09:08:24","date_gmt":"2023-06-15T08:08:24","guid":{"rendered":"https:\/\/www.industrialwood.nl\/kerzenleuchter-celine-leeff-zylinder-rauchgrau-l\/"},"modified":"2025-10-10T15:57:56","modified_gmt":"2025-10-10T13:57:56","slug":"kerzenleuchter-celine-leeff-zylinder-rauchgrau-l","status":"publish","type":"product","link":"https:\/\/www.industrialwood.nl\/de\/kerzenleuchter-celine-leeff-zylinder-rauchgrau-l\/","title":{"rendered":"Kerzenleuchter Celine | Leeff | Zylinder | Rauchgrau | L"},"content":{"rendered":"","protected":false},"excerpt":{"rendered":"<p>Was <strong>Leeff<\/strong> betrifft, so k\u00f6nnen Sie Kerzen zu jeder Tageszeit anz\u00fcnden. Bringen Sie mit diesem <strong>zylindrischen Kerzenst\u00e4nder<\/strong> zus\u00e4tzliche W\u00e4rme und Gem\u00fctlichkeit in Ihr Zuhause. Der Kerzenhalter ist aus transparentem Borosilikatglas gefertigt und hat eine geh\u00e4mmerte Oberfl\u00e4che. Das Ergebnis ist, dass das Licht der Kerze durch das Glas hindurch eine sch\u00f6ne Atmosph\u00e4re schafft!<\/p>\n<p><em><strong>Tipp<\/strong>: Kombinieren Sie es in einem Set mit der kleineren <a href=\"https:\/\/www.industrialwood.nl\/de\/kerzenleuchter-celine-leeff-cilnder-smokey-grey-s\/\">S-Variante<\/a>. Auch in einer <a href=\"https:\/\/www.industrialwood.nl\/de\/kerzenleuchter-celine-leeff-zylinder-l\/\">transparenten<\/a> Farbe erh\u00e4ltlich!<\/em><\/p>\n<p><strong>Ma\u00dfe<\/strong>: 12 x 12 x 29 cm<br \/>\n<strong>Material<\/strong>: Glas<br \/>\n<strong>Farbe<\/strong>: Grau (Smokey Grey)<\/p>\n","protected":false},"featured_media":40023,"comment_status":"open","ping_status":"closed","template":"","meta":[],"product_brand":[],"product_cat":[393,686,413,396],"product_tag":[],"seizoen":[543,545,544,546],"bloemensoort":[],"samenstelling":[],"shop-per-kamer":[551,552,550,553,549],"indooroutdoor":[555],"vorm":[559],"duurzaam":[565],"productafmetingen":[569],"stijl":[574,571,575,573,572],"merk":[581],"materiaal":[608],"materiaal-schaaltje":[],"geur":[],"product-type":[],"beoordeling":[640,641,642],"uitsparingen":[],"houtsoort":[],"breedte":[],"badplanken-lengte":[],"kleur":[660],"class_list":{"0":"post-45625","1":"product","2":"type-product","3":"status-publish","4":"has-post-thumbnail","6":"product_cat-badezimmer","7":"product_cat-geschenk","8":"product_cat-kerzenstander-kerzenleuchter","9":"product_cat-wohnzimmer","10":"seizoen-lente-de","11":"seizoen-herfst-de","12":"seizoen-zomer-de","13":"seizoen-winter-de","14":"shop-per-kamer-badkamer-de","15":"shop-per-kamer-hal-de","16":"shop-per-kamer-keuken-de","17":"shop-per-kamer-slaapkamer-de","18":"shop-per-kamer-woonkamer-de","19":"indooroutdoor-indoor-de","20":"vorm-cilinder-de","21":"duurzaam-ja-de","22":"productafmetingen-l-de","23":"stijl-bohemian-de","24":"stijl-hotel-chique-de","25":"stijl-japandi-de","26":"stijl-modern-de","27":"stijl-scandinavisch-de","28":"merk-leeff-de","29":"materiaal-glas-de","30":"beoordeling-three-star-de","31":"beoordeling-four-star-de","32":"beoordeling-five-star-de","33":"kleur-grijs-de","35":"first","36":"outofstock","37":"taxable","38":"shipping-taxable","39":"purchasable","40":"product-type-simple"},"supplier_id":null,"supplier_sku":"","barcode":null,"atum_controlled":true,"out_stock_date":"2024-06-30 22:15:46","out_stock_threshold":null,"inheritable":false,"inbound_stock":0,"stock_on_hold":0,"sold_today":0,"sales_last_days":0,"reserved_stock":0,"customer_returns":0,"warehouse_damage":0,"lost_in_post":0,"other_logs":0,"out_stock_days":617,"lost_sales":0,"has_location":false,"update_date":"2026-03-10T01:35:39","atum_locations":[],"atum_stock_status":"outofstock","restock_status":false,"low_stock_amount":"","sales_update_date":"2026-03-10T01:35:39","calc_backorders":null,"_links":{"self":[{"href":"https:\/\/www.industrialwood.nl\/de\/wp-json\/wp\/v2\/product\/45625","targetHints":{"allow":["GET"]}}],"collection":[{"href":"https:\/\/www.industrialwood.nl\/de\/wp-json\/wp\/v2\/product"}],"about":[{"href":"https:\/\/www.industrialwood.nl\/de\/wp-json\/wp\/v2\/types\/product"}],"replies":[{"embeddable":true,"href":"https:\/\/www.industrialwood.nl\/de\/wp-json\/wp\/v2\/comments?post=45625"}],"wp:featuredmedia":[{"embeddable":true,"href":"https:\/\/www.industrialwood.nl\/de\/wp-json\/wp\/v2\/media\/40023"}],"wp:attachment":[{"href":"https:\/\/www.industrialwood.nl\/de\/wp-json\/wp\/v2\/media?parent=45625"}],"wp:term":[{"taxonomy":"product_brand","embeddable":true,"href":"https:\/\/www.industrialwood.nl\/de\/wp-json\/wp\/v2\/product_brand?post=45625"},{"taxonomy":"product_cat","embeddable":true,"href":"https:\/\/www.industrialwood.nl\/de\/wp-json\/wp\/v2\/product_cat?post=45625"},{"taxonomy":"product_tag","embeddable":true,"href":"https:\/\/www.industrialwood.nl\/de\/wp-json\/wp\/v2\/product_tag?post=45625"},{"taxonomy":"seizoen","embeddable":true,"href":"https:\/\/www.industrialwood.nl\/de\/wp-json\/wp\/v2\/seizoen?post=45625"},{"taxonomy":"bloemensoort","embeddable":true,"href":"https:\/\/www.industrialwood.nl\/de\/wp-json\/wp\/v2\/bloemensoort?post=45625"},{"taxonomy":"samenstelling","embeddable":true,"href":"https:\/\/www.industrialwood.nl\/de\/wp-json\/wp\/v2\/samenstelling?post=45625"},{"taxonomy":"shop-per-kamer","embeddable":true,"href":"https:\/\/www.industrialwood.nl\/de\/wp-json\/wp\/v2\/shop-per-kamer?post=45625"},{"taxonomy":"indooroutdoor","embeddable":true,"href":"https:\/\/www.industrialwood.nl\/de\/wp-json\/wp\/v2\/indooroutdoor?post=45625"},{"taxonomy":"vorm","embeddable":true,"href":"https:\/\/www.industrialwood.nl\/de\/wp-json\/wp\/v2\/vorm?post=45625"},{"taxonomy":"duurzaam","embeddable":true,"href":"https:\/\/www.industrialwood.nl\/de\/wp-json\/wp\/v2\/duurzaam?post=45625"},{"taxonomy":"productafmetingen","embeddable":true,"href":"https:\/\/www.industrialwood.nl\/de\/wp-json\/wp\/v2\/productafmetingen?post=45625"},{"taxonomy":"stijl","embeddable":true,"href":"https:\/\/www.industrialwood.nl\/de\/wp-json\/wp\/v2\/stijl?post=45625"},{"taxonomy":"merk","embeddable":true,"href":"https:\/\/www.industrialwood.nl\/de\/wp-json\/wp\/v2\/merk?post=45625"},{"taxonomy":"materiaal","embeddable":true,"href":"https:\/\/www.industrialwood.nl\/de\/wp-json\/wp\/v2\/materiaal?post=45625"},{"taxonomy":"materiaal-schaaltje","embeddable":true,"href":"https:\/\/www.industrialwood.nl\/de\/wp-json\/wp\/v2\/materiaal-schaaltje?post=45625"},{"taxonomy":"geur","embeddable":true,"href":"https:\/\/www.industrialwood.nl\/de\/wp-json\/wp\/v2\/geur?post=45625"},{"taxonomy":"product-type","embeddable":true,"href":"https:\/\/www.industrialwood.nl\/de\/wp-json\/wp\/v2\/product-type?post=45625"},{"taxonomy":"beoordeling","embeddable":true,"href":"https:\/\/www.industrialwood.nl\/de\/wp-json\/wp\/v2\/beoordeling?post=45625"},{"taxonomy":"uitsparingen","embeddable":true,"href":"https:\/\/www.industrialwood.nl\/de\/wp-json\/wp\/v2\/uitsparingen?post=45625"},{"taxonomy":"houtsoort","embeddable":true,"href":"https:\/\/www.industrialwood.nl\/de\/wp-json\/wp\/v2\/houtsoort?post=45625"},{"taxonomy":"breedte","embeddable":true,"href":"https:\/\/www.industrialwood.nl\/de\/wp-json\/wp\/v2\/breedte?post=45625"},{"taxonomy":"badplanken-lengte","embeddable":true,"href":"https:\/\/www.industrialwood.nl\/de\/wp-json\/wp\/v2\/badplanken-lengte?post=45625"},{"taxonomy":"kleur","embeddable":true,"href":"https:\/\/www.industrialwood.nl\/de\/wp-json\/wp\/v2\/kleur?post=45625"}],"curies":[{"name":"wp","href":"https:\/\/api.w.org\/{rel}","templated":true}]}}