{"id":45621,"date":"2023-06-15T09:08:45","date_gmt":"2023-06-15T08:08:45","guid":{"rendered":"https:\/\/www.industrialwood.nl\/kerzenleuchter-celine-leeff-zylinder-s\/"},"modified":"2026-03-12T11:37:20","modified_gmt":"2026-03-12T10:37:20","slug":"kerzenleuchter-celine-leeff-zylinder-s","status":"publish","type":"product","link":"https:\/\/www.industrialwood.nl\/de\/kerzenleuchter-celine-leeff-zylinder-s\/","title":{"rendered":"Kerzenleuchter Celine | Leeff | Zylinder | S"},"content":{"rendered":"","protected":false},"excerpt":{"rendered":"<p>Was <strong>Leeff<\/strong> betrifft, so k\u00f6nnen Sie Kerzen zu jeder Tageszeit anz\u00fcnden. Bringen Sie mit diesem <strong>zylindrischen Kerzenst\u00e4nder<\/strong> zus\u00e4tzliche W\u00e4rme und Gem\u00fctlichkeit in Ihr Zuhause. Der Kerzenhalter ist aus transparentem Borosilikatglas gefertigt und hat eine geh\u00e4mmerte Oberfl\u00e4che. Das Ergebnis ist, dass das Licht der Kerze durch das Glas hindurch eine sch\u00f6ne Atmosph\u00e4re schafft!  <em><strong>Tipp<\/strong>: Kombinieren Sie es in einem Set mit der gr\u00f6\u00dferen L-Variante. Auch in rauchigem Grau erh\u00e4ltlich!<\/em><\/p>\n<p><strong>Ma\u00dfe<\/strong>: 13 x 12 x 15 cm <strong>Material<\/strong>: Glas <strong>Farbe<\/strong>: Transparent<\/p>\n","protected":false},"featured_media":40025,"comment_status":"open","ping_status":"closed","template":"","meta":[],"product_brand":[],"product_cat":[393,400,686,418,402,413,424,420,422,405,396],"product_tag":[],"seizoen":[543,545,544,546],"bloemensoort":[],"samenstelling":[],"shop-per-kamer":[551,552,550,553,549],"indooroutdoor":[555],"vorm":[559],"duurzaam":[565],"productafmetingen":[567],"stijl":[574,571,575,573,572],"merk":[581],"materiaal":[608],"materiaal-schaaltje":[],"geur":[],"product-type":[],"beoordeling":[640,641,642],"uitsparingen":[],"houtsoort":[],"breedte":[],"badplanken-lengte":[],"kleur":[670],"class_list":{"0":"post-45621","1":"product","2":"type-product","3":"status-publish","4":"has-post-thumbnail","6":"product_cat-badezimmer","7":"product_cat-boheme-wohnzimmer","8":"product_cat-geschenk","9":"product_cat-hotel-chic-wohnzimmer","10":"product_cat-japandi-wohnzimmer","11":"product_cat-kerzenstander-kerzenleuchter","12":"product_cat-landwohnzimmer","13":"product_cat-modernes-wohnzimmer","14":"product_cat-skandinavisches-wohnzimmer","15":"product_cat-verkauf","16":"product_cat-wohnzimmer","17":"seizoen-lente-de","18":"seizoen-herfst-de","19":"seizoen-zomer-de","20":"seizoen-winter-de","21":"shop-per-kamer-badkamer-de","22":"shop-per-kamer-hal-de","23":"shop-per-kamer-keuken-de","24":"shop-per-kamer-slaapkamer-de","25":"shop-per-kamer-woonkamer-de","26":"indooroutdoor-indoor-de","27":"vorm-cilinder-de","28":"duurzaam-ja-de","29":"productafmetingen-s-de","30":"stijl-bohemian-de","31":"stijl-hotel-chique-de","32":"stijl-japandi-de","33":"stijl-modern-de","34":"stijl-scandinavisch-de","35":"merk-leeff-de","36":"materiaal-glas-de","37":"beoordeling-three-star-de","38":"beoordeling-four-star-de","39":"beoordeling-five-star-de","40":"kleur-transparant-de","42":"first","43":"outofstock","44":"sale","45":"taxable","46":"shipping-taxable","47":"purchasable","48":"product-type-simple"},"supplier_id":null,"supplier_sku":"","barcode":null,"atum_controlled":true,"out_stock_date":"2024-08-21 10:08:23","out_stock_threshold":null,"inheritable":false,"inbound_stock":0,"stock_on_hold":0,"sold_today":0,"sales_last_days":0,"reserved_stock":0,"customer_returns":0,"warehouse_damage":0,"lost_in_post":0,"other_logs":0,"out_stock_days":565,"lost_sales":0,"has_location":false,"update_date":"2026-03-10T01:35:38","atum_locations":[],"atum_stock_status":"outofstock","restock_status":false,"low_stock_amount":"","sales_update_date":"2026-03-10T01:35:38","calc_backorders":null,"_links":{"self":[{"href":"https:\/\/www.industrialwood.nl\/de\/wp-json\/wp\/v2\/product\/45621","targetHints":{"allow":["GET"]}}],"collection":[{"href":"https:\/\/www.industrialwood.nl\/de\/wp-json\/wp\/v2\/product"}],"about":[{"href":"https:\/\/www.industrialwood.nl\/de\/wp-json\/wp\/v2\/types\/product"}],"replies":[{"embeddable":true,"href":"https:\/\/www.industrialwood.nl\/de\/wp-json\/wp\/v2\/comments?post=45621"}],"wp:featuredmedia":[{"embeddable":true,"href":"https:\/\/www.industrialwood.nl\/de\/wp-json\/wp\/v2\/media\/40025"}],"wp:attachment":[{"href":"https:\/\/www.industrialwood.nl\/de\/wp-json\/wp\/v2\/media?parent=45621"}],"wp:term":[{"taxonomy":"product_brand","embeddable":true,"href":"https:\/\/www.industrialwood.nl\/de\/wp-json\/wp\/v2\/product_brand?post=45621"},{"taxonomy":"product_cat","embeddable":true,"href":"https:\/\/www.industrialwood.nl\/de\/wp-json\/wp\/v2\/product_cat?post=45621"},{"taxonomy":"product_tag","embeddable":true,"href":"https:\/\/www.industrialwood.nl\/de\/wp-json\/wp\/v2\/product_tag?post=45621"},{"taxonomy":"seizoen","embeddable":true,"href":"https:\/\/www.industrialwood.nl\/de\/wp-json\/wp\/v2\/seizoen?post=45621"},{"taxonomy":"bloemensoort","embeddable":true,"href":"https:\/\/www.industrialwood.nl\/de\/wp-json\/wp\/v2\/bloemensoort?post=45621"},{"taxonomy":"samenstelling","embeddable":true,"href":"https:\/\/www.industrialwood.nl\/de\/wp-json\/wp\/v2\/samenstelling?post=45621"},{"taxonomy":"shop-per-kamer","embeddable":true,"href":"https:\/\/www.industrialwood.nl\/de\/wp-json\/wp\/v2\/shop-per-kamer?post=45621"},{"taxonomy":"indooroutdoor","embeddable":true,"href":"https:\/\/www.industrialwood.nl\/de\/wp-json\/wp\/v2\/indooroutdoor?post=45621"},{"taxonomy":"vorm","embeddable":true,"href":"https:\/\/www.industrialwood.nl\/de\/wp-json\/wp\/v2\/vorm?post=45621"},{"taxonomy":"duurzaam","embeddable":true,"href":"https:\/\/www.industrialwood.nl\/de\/wp-json\/wp\/v2\/duurzaam?post=45621"},{"taxonomy":"productafmetingen","embeddable":true,"href":"https:\/\/www.industrialwood.nl\/de\/wp-json\/wp\/v2\/productafmetingen?post=45621"},{"taxonomy":"stijl","embeddable":true,"href":"https:\/\/www.industrialwood.nl\/de\/wp-json\/wp\/v2\/stijl?post=45621"},{"taxonomy":"merk","embeddable":true,"href":"https:\/\/www.industrialwood.nl\/de\/wp-json\/wp\/v2\/merk?post=45621"},{"taxonomy":"materiaal","embeddable":true,"href":"https:\/\/www.industrialwood.nl\/de\/wp-json\/wp\/v2\/materiaal?post=45621"},{"taxonomy":"materiaal-schaaltje","embeddable":true,"href":"https:\/\/www.industrialwood.nl\/de\/wp-json\/wp\/v2\/materiaal-schaaltje?post=45621"},{"taxonomy":"geur","embeddable":true,"href":"https:\/\/www.industrialwood.nl\/de\/wp-json\/wp\/v2\/geur?post=45621"},{"taxonomy":"product-type","embeddable":true,"href":"https:\/\/www.industrialwood.nl\/de\/wp-json\/wp\/v2\/product-type?post=45621"},{"taxonomy":"beoordeling","embeddable":true,"href":"https:\/\/www.industrialwood.nl\/de\/wp-json\/wp\/v2\/beoordeling?post=45621"},{"taxonomy":"uitsparingen","embeddable":true,"href":"https:\/\/www.industrialwood.nl\/de\/wp-json\/wp\/v2\/uitsparingen?post=45621"},{"taxonomy":"houtsoort","embeddable":true,"href":"https:\/\/www.industrialwood.nl\/de\/wp-json\/wp\/v2\/houtsoort?post=45621"},{"taxonomy":"breedte","embeddable":true,"href":"https:\/\/www.industrialwood.nl\/de\/wp-json\/wp\/v2\/breedte?post=45621"},{"taxonomy":"badplanken-lengte","embeddable":true,"href":"https:\/\/www.industrialwood.nl\/de\/wp-json\/wp\/v2\/badplanken-lengte?post=45621"},{"taxonomy":"kleur","embeddable":true,"href":"https:\/\/www.industrialwood.nl\/de\/wp-json\/wp\/v2\/kleur?post=45621"}],"curies":[{"name":"wp","href":"https:\/\/api.w.org\/{rel}","templated":true}]}}