{"id":45583,"date":"2023-09-13T19:28:40","date_gmt":"2023-09-13T18:28:40","guid":{"rendered":"https:\/\/www.industrialwood.nl\/seidenstrauss-lois\/"},"modified":"2025-10-10T15:54:26","modified_gmt":"2025-10-10T13:54:26","slug":"seidenstrauss-lois","status":"publish","type":"product","link":"https:\/\/www.industrialwood.nl\/de\/seidenstrauss-lois\/","title":{"rendered":"Seidenstrau\u00df | Lois"},"content":{"rendered":"","protected":false},"excerpt":{"rendered":"<p>Haben Sie nicht die Zeit, das Geld oder die Energie, sich jede Woche frische Blumen ins Haus zu holen? Dann ist dieser gro\u00dfe <strong>Lois<\/strong> <strong>Seidenstrau\u00df<\/strong> die perfekte L\u00f6sung! Eine Farbexplosion der Blumen! Dieser fr\u00f6hliche Seidenstrau\u00df ist gef\u00fcllt mit hochwertigen Seidenblumen und<strong> <\/strong>Die farbenfrohen Blumen machen den Strau\u00df zu einem Blickfang in Ihrer Einrichtung, ein gro\u00dfer Trend im Moment!<\/p>\n<p>Einige Vorteile auf einen Blick:<\/p>\n<ul>\n<li>Der Strau\u00df ist <strong>fertig gebunden<\/strong>. Sie m\u00fcssen sie also nur noch in die Vase stellen und sich an ihnen erfreuen!<\/li>\n<li>Die Seidenblumen bleiben <strong>\u00fcber Jahre hinweg sch\u00f6n<\/strong>. Mit unseren Str\u00e4u\u00dfen <strong>sparen Sie im<\/strong> Vergleich zu frischen Blumen <strong>Hunderte von Euro pro Jahr<\/strong>.<\/li>\n<li>Der Eisendraht in den Stielen der Seidenblumen dient dazu, die Blume <strong>in eine sch\u00f6ne Form<\/strong> <strong>zu biegen, so <\/strong>dass Sie sie immer wieder in verschiedenen Vasengr\u00f6\u00dfen verwenden k\u00f6nnen.<\/li>\n<\/ul>\n<p><i>Bitte beachten Sie, dass der Strau\u00df keine Vase enth\u00e4lt.<\/i><\/p>\n","protected":false},"featured_media":41321,"comment_status":"open","ping_status":"closed","template":"","meta":[],"product_brand":[],"product_cat":[428],"product_tag":[],"seizoen":[543,545,544,546],"bloemensoort":[],"samenstelling":[675],"shop-per-kamer":[551,552,550,553,549],"indooroutdoor":[555],"vorm":[],"duurzaam":[565],"productafmetingen":[569,568,570],"stijl":[574,571,575,573,572],"merk":[],"materiaal":[],"materiaal-schaaltje":[],"geur":[],"product-type":[],"beoordeling":[640,641,642],"uitsparingen":[],"houtsoort":[],"breedte":[],"badplanken-lengte":[],"kleur":[673],"class_list":{"0":"post-45583","1":"product","2":"type-product","3":"status-publish","4":"has-post-thumbnail","6":"product_cat-seidenblumen","7":"seizoen-lente-de","8":"seizoen-herfst-de","9":"seizoen-zomer-de","10":"seizoen-winter-de","11":"samenstelling-blumenstraus","12":"shop-per-kamer-badkamer-de","13":"shop-per-kamer-hal-de","14":"shop-per-kamer-keuken-de","15":"shop-per-kamer-slaapkamer-de","16":"shop-per-kamer-woonkamer-de","17":"indooroutdoor-indoor-de","18":"duurzaam-ja-de","19":"productafmetingen-l-de","20":"productafmetingen-m-de","21":"productafmetingen-xl-de","22":"stijl-bohemian-de","23":"stijl-hotel-chique-de","24":"stijl-japandi-de","25":"stijl-modern-de","26":"stijl-scandinavisch-de","27":"beoordeling-three-star-de","28":"beoordeling-four-star-de","29":"beoordeling-five-star-de","30":"kleur-meerkleurig-de","32":"first","33":"outofstock","34":"taxable","35":"shipping-taxable","36":"purchasable","37":"product-type-simple"},"supplier_id":null,"supplier_sku":"","barcode":null,"atum_controlled":true,"out_stock_date":"2024-07-27 21:26:27","out_stock_threshold":null,"inheritable":false,"inbound_stock":0,"stock_on_hold":0,"sold_today":0,"sales_last_days":0,"reserved_stock":0,"customer_returns":0,"warehouse_damage":0,"lost_in_post":0,"other_logs":0,"out_stock_days":590,"lost_sales":0,"has_location":false,"update_date":"2026-03-10T01:35:56","atum_locations":[],"atum_stock_status":"outofstock","restock_status":false,"low_stock_amount":"","sales_update_date":"2026-03-10T01:35:56","calc_backorders":null,"_links":{"self":[{"href":"https:\/\/www.industrialwood.nl\/de\/wp-json\/wp\/v2\/product\/45583","targetHints":{"allow":["GET"]}}],"collection":[{"href":"https:\/\/www.industrialwood.nl\/de\/wp-json\/wp\/v2\/product"}],"about":[{"href":"https:\/\/www.industrialwood.nl\/de\/wp-json\/wp\/v2\/types\/product"}],"replies":[{"embeddable":true,"href":"https:\/\/www.industrialwood.nl\/de\/wp-json\/wp\/v2\/comments?post=45583"}],"wp:featuredmedia":[{"embeddable":true,"href":"https:\/\/www.industrialwood.nl\/de\/wp-json\/wp\/v2\/media\/41321"}],"wp:attachment":[{"href":"https:\/\/www.industrialwood.nl\/de\/wp-json\/wp\/v2\/media?parent=45583"}],"wp:term":[{"taxonomy":"product_brand","embeddable":true,"href":"https:\/\/www.industrialwood.nl\/de\/wp-json\/wp\/v2\/product_brand?post=45583"},{"taxonomy":"product_cat","embeddable":true,"href":"https:\/\/www.industrialwood.nl\/de\/wp-json\/wp\/v2\/product_cat?post=45583"},{"taxonomy":"product_tag","embeddable":true,"href":"https:\/\/www.industrialwood.nl\/de\/wp-json\/wp\/v2\/product_tag?post=45583"},{"taxonomy":"seizoen","embeddable":true,"href":"https:\/\/www.industrialwood.nl\/de\/wp-json\/wp\/v2\/seizoen?post=45583"},{"taxonomy":"bloemensoort","embeddable":true,"href":"https:\/\/www.industrialwood.nl\/de\/wp-json\/wp\/v2\/bloemensoort?post=45583"},{"taxonomy":"samenstelling","embeddable":true,"href":"https:\/\/www.industrialwood.nl\/de\/wp-json\/wp\/v2\/samenstelling?post=45583"},{"taxonomy":"shop-per-kamer","embeddable":true,"href":"https:\/\/www.industrialwood.nl\/de\/wp-json\/wp\/v2\/shop-per-kamer?post=45583"},{"taxonomy":"indooroutdoor","embeddable":true,"href":"https:\/\/www.industrialwood.nl\/de\/wp-json\/wp\/v2\/indooroutdoor?post=45583"},{"taxonomy":"vorm","embeddable":true,"href":"https:\/\/www.industrialwood.nl\/de\/wp-json\/wp\/v2\/vorm?post=45583"},{"taxonomy":"duurzaam","embeddable":true,"href":"https:\/\/www.industrialwood.nl\/de\/wp-json\/wp\/v2\/duurzaam?post=45583"},{"taxonomy":"productafmetingen","embeddable":true,"href":"https:\/\/www.industrialwood.nl\/de\/wp-json\/wp\/v2\/productafmetingen?post=45583"},{"taxonomy":"stijl","embeddable":true,"href":"https:\/\/www.industrialwood.nl\/de\/wp-json\/wp\/v2\/stijl?post=45583"},{"taxonomy":"merk","embeddable":true,"href":"https:\/\/www.industrialwood.nl\/de\/wp-json\/wp\/v2\/merk?post=45583"},{"taxonomy":"materiaal","embeddable":true,"href":"https:\/\/www.industrialwood.nl\/de\/wp-json\/wp\/v2\/materiaal?post=45583"},{"taxonomy":"materiaal-schaaltje","embeddable":true,"href":"https:\/\/www.industrialwood.nl\/de\/wp-json\/wp\/v2\/materiaal-schaaltje?post=45583"},{"taxonomy":"geur","embeddable":true,"href":"https:\/\/www.industrialwood.nl\/de\/wp-json\/wp\/v2\/geur?post=45583"},{"taxonomy":"product-type","embeddable":true,"href":"https:\/\/www.industrialwood.nl\/de\/wp-json\/wp\/v2\/product-type?post=45583"},{"taxonomy":"beoordeling","embeddable":true,"href":"https:\/\/www.industrialwood.nl\/de\/wp-json\/wp\/v2\/beoordeling?post=45583"},{"taxonomy":"uitsparingen","embeddable":true,"href":"https:\/\/www.industrialwood.nl\/de\/wp-json\/wp\/v2\/uitsparingen?post=45583"},{"taxonomy":"houtsoort","embeddable":true,"href":"https:\/\/www.industrialwood.nl\/de\/wp-json\/wp\/v2\/houtsoort?post=45583"},{"taxonomy":"breedte","embeddable":true,"href":"https:\/\/www.industrialwood.nl\/de\/wp-json\/wp\/v2\/breedte?post=45583"},{"taxonomy":"badplanken-lengte","embeddable":true,"href":"https:\/\/www.industrialwood.nl\/de\/wp-json\/wp\/v2\/badplanken-lengte?post=45583"},{"taxonomy":"kleur","embeddable":true,"href":"https:\/\/www.industrialwood.nl\/de\/wp-json\/wp\/v2\/kleur?post=45583"}],"curies":[{"name":"wp","href":"https:\/\/api.w.org\/{rel}","templated":true}]}}