{"id":45558,"date":"2023-06-15T08:40:08","date_gmt":"2023-06-15T07:40:08","guid":{"rendered":"https:\/\/www.industrialwood.nl\/tasse-zale-schwarz\/"},"modified":"2025-10-10T16:10:25","modified_gmt":"2025-10-10T14:10:25","slug":"tasse-zale-schwarz","status":"publish","type":"product","link":"https:\/\/www.industrialwood.nl\/de\/tasse-zale-schwarz\/","title":{"rendered":"Tasse | Zale | Schwarz"},"content":{"rendered":"","protected":false},"excerpt":{"rendered":"<div>Dieser stilvolle Becher ist praktisch und verleiht Ihrem Bad, Ihrer Toilette oder Ihrer K\u00fcche ein luxuri\u00f6ses Gef\u00fchl. Verwenden Sie ihn zum Beispiel f\u00fcr Wasser, Zahnb\u00fcrste oder andere Vorr\u00e4te. Die Tasse hat eine schwarze Farbe mit einem geh\u00e4mmerten Keramikeffekt, was f\u00fcr ein Bild!<\/div>\n<div><\/div>\n<div>Styling-Tipp: Kombinieren Sie diesen Becher mit der Seifenpumpe und der Seifenschale aus der gleichen Serie. Herzhaft wie ein Set!<\/div>\n<div><\/div>\n<div>\n<div><strong>Ma\u00dfe<\/strong>: 7,7 x 9,8 cm<\/div>\n<div><strong>Material<\/strong>: Glas<\/div>\n<div><strong>Farbe<\/strong>: Schwarz<\/div>\n<\/div>\n","protected":false},"featured_media":38643,"comment_status":"open","ping_status":"closed","template":"","meta":[],"product_brand":[],"product_cat":[393,390],"product_tag":[],"seizoen":[543,545,544,546],"bloemensoort":[],"samenstelling":[],"shop-per-kamer":[551,550],"indooroutdoor":[555],"vorm":[558,557],"duurzaam":[565],"productafmetingen":[568,567,566],"stijl":[574,571,575,573,572],"merk":[576],"materiaal":[611],"materiaal-schaaltje":[],"geur":[],"product-type":[],"beoordeling":[640,641,642],"uitsparingen":[],"houtsoort":[],"breedte":[],"badplanken-lengte":[],"kleur":[656],"class_list":{"0":"post-45558","1":"product","2":"type-product","3":"status-publish","4":"has-post-thumbnail","6":"product_cat-badezimmer","7":"product_cat-zuruck-zu-schwarz","8":"seizoen-lente-de","9":"seizoen-herfst-de","10":"seizoen-zomer-de","11":"seizoen-winter-de","12":"shop-per-kamer-badkamer-de","13":"shop-per-kamer-keuken-de","14":"indooroutdoor-indoor-de","15":"vorm-ovaal-de","16":"vorm-rond-de","17":"duurzaam-ja-de","18":"productafmetingen-m-de","19":"productafmetingen-s-de","20":"productafmetingen-xs-de","21":"stijl-bohemian-de","22":"stijl-hotel-chique-de","23":"stijl-japandi-de","24":"stijl-modern-de","25":"stijl-scandinavisch-de","26":"merk-industrialwood-de","27":"materiaal-keramiek-de","28":"beoordeling-three-star-de","29":"beoordeling-four-star-de","30":"beoordeling-five-star-de","31":"kleur-zwart-de","33":"first","34":"outofstock","35":"taxable","36":"shipping-taxable","37":"purchasable","38":"product-type-simple"},"supplier_id":null,"supplier_sku":"","barcode":null,"atum_controlled":true,"out_stock_date":"2024-09-10 11:51:17","out_stock_threshold":null,"inheritable":false,"inbound_stock":0,"stock_on_hold":0,"sold_today":0,"sales_last_days":0,"reserved_stock":0,"customer_returns":0,"warehouse_damage":0,"lost_in_post":0,"other_logs":0,"out_stock_days":545,"lost_sales":0,"has_location":false,"update_date":"2026-03-10T01:35:51","atum_locations":[],"atum_stock_status":"outofstock","restock_status":false,"low_stock_amount":"","sales_update_date":"2026-03-10T01:35:51","calc_backorders":null,"_links":{"self":[{"href":"https:\/\/www.industrialwood.nl\/de\/wp-json\/wp\/v2\/product\/45558","targetHints":{"allow":["GET"]}}],"collection":[{"href":"https:\/\/www.industrialwood.nl\/de\/wp-json\/wp\/v2\/product"}],"about":[{"href":"https:\/\/www.industrialwood.nl\/de\/wp-json\/wp\/v2\/types\/product"}],"replies":[{"embeddable":true,"href":"https:\/\/www.industrialwood.nl\/de\/wp-json\/wp\/v2\/comments?post=45558"}],"wp:featuredmedia":[{"embeddable":true,"href":"https:\/\/www.industrialwood.nl\/de\/wp-json\/wp\/v2\/media\/38643"}],"wp:attachment":[{"href":"https:\/\/www.industrialwood.nl\/de\/wp-json\/wp\/v2\/media?parent=45558"}],"wp:term":[{"taxonomy":"product_brand","embeddable":true,"href":"https:\/\/www.industrialwood.nl\/de\/wp-json\/wp\/v2\/product_brand?post=45558"},{"taxonomy":"product_cat","embeddable":true,"href":"https:\/\/www.industrialwood.nl\/de\/wp-json\/wp\/v2\/product_cat?post=45558"},{"taxonomy":"product_tag","embeddable":true,"href":"https:\/\/www.industrialwood.nl\/de\/wp-json\/wp\/v2\/product_tag?post=45558"},{"taxonomy":"seizoen","embeddable":true,"href":"https:\/\/www.industrialwood.nl\/de\/wp-json\/wp\/v2\/seizoen?post=45558"},{"taxonomy":"bloemensoort","embeddable":true,"href":"https:\/\/www.industrialwood.nl\/de\/wp-json\/wp\/v2\/bloemensoort?post=45558"},{"taxonomy":"samenstelling","embeddable":true,"href":"https:\/\/www.industrialwood.nl\/de\/wp-json\/wp\/v2\/samenstelling?post=45558"},{"taxonomy":"shop-per-kamer","embeddable":true,"href":"https:\/\/www.industrialwood.nl\/de\/wp-json\/wp\/v2\/shop-per-kamer?post=45558"},{"taxonomy":"indooroutdoor","embeddable":true,"href":"https:\/\/www.industrialwood.nl\/de\/wp-json\/wp\/v2\/indooroutdoor?post=45558"},{"taxonomy":"vorm","embeddable":true,"href":"https:\/\/www.industrialwood.nl\/de\/wp-json\/wp\/v2\/vorm?post=45558"},{"taxonomy":"duurzaam","embeddable":true,"href":"https:\/\/www.industrialwood.nl\/de\/wp-json\/wp\/v2\/duurzaam?post=45558"},{"taxonomy":"productafmetingen","embeddable":true,"href":"https:\/\/www.industrialwood.nl\/de\/wp-json\/wp\/v2\/productafmetingen?post=45558"},{"taxonomy":"stijl","embeddable":true,"href":"https:\/\/www.industrialwood.nl\/de\/wp-json\/wp\/v2\/stijl?post=45558"},{"taxonomy":"merk","embeddable":true,"href":"https:\/\/www.industrialwood.nl\/de\/wp-json\/wp\/v2\/merk?post=45558"},{"taxonomy":"materiaal","embeddable":true,"href":"https:\/\/www.industrialwood.nl\/de\/wp-json\/wp\/v2\/materiaal?post=45558"},{"taxonomy":"materiaal-schaaltje","embeddable":true,"href":"https:\/\/www.industrialwood.nl\/de\/wp-json\/wp\/v2\/materiaal-schaaltje?post=45558"},{"taxonomy":"geur","embeddable":true,"href":"https:\/\/www.industrialwood.nl\/de\/wp-json\/wp\/v2\/geur?post=45558"},{"taxonomy":"product-type","embeddable":true,"href":"https:\/\/www.industrialwood.nl\/de\/wp-json\/wp\/v2\/product-type?post=45558"},{"taxonomy":"beoordeling","embeddable":true,"href":"https:\/\/www.industrialwood.nl\/de\/wp-json\/wp\/v2\/beoordeling?post=45558"},{"taxonomy":"uitsparingen","embeddable":true,"href":"https:\/\/www.industrialwood.nl\/de\/wp-json\/wp\/v2\/uitsparingen?post=45558"},{"taxonomy":"houtsoort","embeddable":true,"href":"https:\/\/www.industrialwood.nl\/de\/wp-json\/wp\/v2\/houtsoort?post=45558"},{"taxonomy":"breedte","embeddable":true,"href":"https:\/\/www.industrialwood.nl\/de\/wp-json\/wp\/v2\/breedte?post=45558"},{"taxonomy":"badplanken-lengte","embeddable":true,"href":"https:\/\/www.industrialwood.nl\/de\/wp-json\/wp\/v2\/badplanken-lengte?post=45558"},{"taxonomy":"kleur","embeddable":true,"href":"https:\/\/www.industrialwood.nl\/de\/wp-json\/wp\/v2\/kleur?post=45558"}],"curies":[{"name":"wp","href":"https:\/\/api.w.org\/{rel}","templated":true}]}}