{"id":45524,"date":"2023-06-15T08:33:56","date_gmt":"2023-06-15T07:33:56","guid":{"rendered":"https:\/\/www.industrialwood.nl\/schale-kapiz-blatt-weiss\/"},"modified":"2025-10-10T16:09:52","modified_gmt":"2025-10-10T14:09:52","slug":"schale-kapiz-blatt-weiss","status":"publish","type":"product","link":"https:\/\/www.industrialwood.nl\/de\/schale-kapiz-blatt-weiss\/","title":{"rendered":"Schale | Kapiz Blatt | Wei\u00df"},"content":{"rendered":"","protected":false},"excerpt":{"rendered":"<p>Eine Muschelschale, die nicht als solche vorkommt, sondern in unseren Produkten enthalten ist. Diese anthrazitfarbene Schale ist aus einer Capiz-Muschel handgefertigt und stammt aus Bali. Sie ist ideal, um Ihre Bernsteinw\u00fcrfel darauf zu legen. Die Schalen sind auch in Anthrazit und in runder Form erh\u00e4ltlich. Jede Schale hat ihre eigenen Charaktereigenschaften. Das macht sie nicht nur einzigartig, sondern auch sehr sch\u00f6n und praktisch!<\/p>\n<div>\n<p>M<strong>a\u00dfe<\/strong>: 9 x 14 cm<strong>Farbe: <\/strong>Anthrazit<strong><\/p>\n<p><\/strong><strong>Material<\/strong>: Capiz Muschel<\/p>\n<\/div>\n","protected":false},"featured_media":38368,"comment_status":"open","ping_status":"closed","template":"","meta":[],"product_brand":[],"product_cat":[412,399,400,401,686,395,405],"product_tag":[466,469,467,468,470,471,472,473,410,465,474],"seizoen":[543,545,544,546],"bloemensoort":[],"samenstelling":[],"shop-per-kamer":[551,552,550,553,549],"indooroutdoor":[555],"vorm":[563],"duurzaam":[565],"productafmetingen":[],"stijl":[574,571,575,573,572],"merk":[576],"materiaal":[],"materiaal-schaaltje":[628],"geur":[],"product-type":[636],"beoordeling":[640,641,642],"uitsparingen":[],"houtsoort":[],"breedte":[],"badplanken-lengte":[],"kleur":[661,659],"class_list":{"0":"post-45524","1":"product","2":"type-product","3":"status-publish","4":"has-post-thumbnail","6":"product_cat-boheme-kuche","7":"product_cat-boheme-schlafzimmer","8":"product_cat-boheme-wohnzimmer","9":"product_cat-bohmisches-badezimmer","10":"product_cat-geschenk","11":"product_cat-naturliche-tone","12":"product_cat-verkauf","13":"product_tag-bernstein-wurfelschale","14":"product_tag-blatt-de","15":"product_tag-blatt","16":"product_tag-capiz-muschel","17":"product_tag-oval","18":"product_tag-ovale-schale","19":"product_tag-ovale-schale-de","20":"product_tag-schale","21":"product_tag-tablett-fur-bernsteinwurfel","22":"product_tag-weis","23":"product_tag-weise-schale","24":"seizoen-lente-de","25":"seizoen-herfst-de","26":"seizoen-zomer-de","27":"seizoen-winter-de","28":"shop-per-kamer-badkamer-de","29":"shop-per-kamer-hal-de","30":"shop-per-kamer-keuken-de","31":"shop-per-kamer-slaapkamer-de","32":"shop-per-kamer-woonkamer-de","33":"indooroutdoor-indoor-de","34":"vorm-organisch-de","35":"duurzaam-ja-de","36":"stijl-bohemian-de","37":"stijl-hotel-chique-de","38":"stijl-japandi-de","39":"stijl-modern-de","40":"stijl-scandinavisch-de","41":"merk-industrialwood-de","42":"materiaal-schaaltje-schelp-de","43":"product-type-schaaltje-de","44":"beoordeling-three-star-de","45":"beoordeling-four-star-de","46":"beoordeling-five-star-de","47":"kleur-champagne-de","48":"kleur-wit-de","50":"first","51":"outofstock","52":"sale","53":"taxable","54":"shipping-taxable","55":"purchasable","56":"product-type-simple"},"supplier_id":null,"supplier_sku":"","barcode":null,"atum_controlled":true,"out_stock_date":"2025-08-21 12:26:15","out_stock_threshold":null,"inheritable":false,"inbound_stock":0,"stock_on_hold":0,"sold_today":0,"sales_last_days":0,"reserved_stock":0,"customer_returns":0,"warehouse_damage":0,"lost_in_post":0,"other_logs":0,"out_stock_days":200,"lost_sales":0,"has_location":false,"update_date":"2026-03-10T01:35:30","atum_locations":[],"atum_stock_status":"outofstock","restock_status":false,"low_stock_amount":"","sales_update_date":"2026-03-10T01:35:30","calc_backorders":null,"_links":{"self":[{"href":"https:\/\/www.industrialwood.nl\/de\/wp-json\/wp\/v2\/product\/45524","targetHints":{"allow":["GET"]}}],"collection":[{"href":"https:\/\/www.industrialwood.nl\/de\/wp-json\/wp\/v2\/product"}],"about":[{"href":"https:\/\/www.industrialwood.nl\/de\/wp-json\/wp\/v2\/types\/product"}],"replies":[{"embeddable":true,"href":"https:\/\/www.industrialwood.nl\/de\/wp-json\/wp\/v2\/comments?post=45524"}],"wp:featuredmedia":[{"embeddable":true,"href":"https:\/\/www.industrialwood.nl\/de\/wp-json\/wp\/v2\/media\/38368"}],"wp:attachment":[{"href":"https:\/\/www.industrialwood.nl\/de\/wp-json\/wp\/v2\/media?parent=45524"}],"wp:term":[{"taxonomy":"product_brand","embeddable":true,"href":"https:\/\/www.industrialwood.nl\/de\/wp-json\/wp\/v2\/product_brand?post=45524"},{"taxonomy":"product_cat","embeddable":true,"href":"https:\/\/www.industrialwood.nl\/de\/wp-json\/wp\/v2\/product_cat?post=45524"},{"taxonomy":"product_tag","embeddable":true,"href":"https:\/\/www.industrialwood.nl\/de\/wp-json\/wp\/v2\/product_tag?post=45524"},{"taxonomy":"seizoen","embeddable":true,"href":"https:\/\/www.industrialwood.nl\/de\/wp-json\/wp\/v2\/seizoen?post=45524"},{"taxonomy":"bloemensoort","embeddable":true,"href":"https:\/\/www.industrialwood.nl\/de\/wp-json\/wp\/v2\/bloemensoort?post=45524"},{"taxonomy":"samenstelling","embeddable":true,"href":"https:\/\/www.industrialwood.nl\/de\/wp-json\/wp\/v2\/samenstelling?post=45524"},{"taxonomy":"shop-per-kamer","embeddable":true,"href":"https:\/\/www.industrialwood.nl\/de\/wp-json\/wp\/v2\/shop-per-kamer?post=45524"},{"taxonomy":"indooroutdoor","embeddable":true,"href":"https:\/\/www.industrialwood.nl\/de\/wp-json\/wp\/v2\/indooroutdoor?post=45524"},{"taxonomy":"vorm","embeddable":true,"href":"https:\/\/www.industrialwood.nl\/de\/wp-json\/wp\/v2\/vorm?post=45524"},{"taxonomy":"duurzaam","embeddable":true,"href":"https:\/\/www.industrialwood.nl\/de\/wp-json\/wp\/v2\/duurzaam?post=45524"},{"taxonomy":"productafmetingen","embeddable":true,"href":"https:\/\/www.industrialwood.nl\/de\/wp-json\/wp\/v2\/productafmetingen?post=45524"},{"taxonomy":"stijl","embeddable":true,"href":"https:\/\/www.industrialwood.nl\/de\/wp-json\/wp\/v2\/stijl?post=45524"},{"taxonomy":"merk","embeddable":true,"href":"https:\/\/www.industrialwood.nl\/de\/wp-json\/wp\/v2\/merk?post=45524"},{"taxonomy":"materiaal","embeddable":true,"href":"https:\/\/www.industrialwood.nl\/de\/wp-json\/wp\/v2\/materiaal?post=45524"},{"taxonomy":"materiaal-schaaltje","embeddable":true,"href":"https:\/\/www.industrialwood.nl\/de\/wp-json\/wp\/v2\/materiaal-schaaltje?post=45524"},{"taxonomy":"geur","embeddable":true,"href":"https:\/\/www.industrialwood.nl\/de\/wp-json\/wp\/v2\/geur?post=45524"},{"taxonomy":"product-type","embeddable":true,"href":"https:\/\/www.industrialwood.nl\/de\/wp-json\/wp\/v2\/product-type?post=45524"},{"taxonomy":"beoordeling","embeddable":true,"href":"https:\/\/www.industrialwood.nl\/de\/wp-json\/wp\/v2\/beoordeling?post=45524"},{"taxonomy":"uitsparingen","embeddable":true,"href":"https:\/\/www.industrialwood.nl\/de\/wp-json\/wp\/v2\/uitsparingen?post=45524"},{"taxonomy":"houtsoort","embeddable":true,"href":"https:\/\/www.industrialwood.nl\/de\/wp-json\/wp\/v2\/houtsoort?post=45524"},{"taxonomy":"breedte","embeddable":true,"href":"https:\/\/www.industrialwood.nl\/de\/wp-json\/wp\/v2\/breedte?post=45524"},{"taxonomy":"badplanken-lengte","embeddable":true,"href":"https:\/\/www.industrialwood.nl\/de\/wp-json\/wp\/v2\/badplanken-lengte?post=45524"},{"taxonomy":"kleur","embeddable":true,"href":"https:\/\/www.industrialwood.nl\/de\/wp-json\/wp\/v2\/kleur?post=45524"}],"curies":[{"name":"wp","href":"https:\/\/api.w.org\/{rel}","templated":true}]}}