{"id":45515,"date":"2023-11-10T23:45:56","date_gmt":"2023-11-10T22:45:56","guid":{"rendered":"https:\/\/www.industrialwood.nl\/grosses-set-vase-birne-tasman-smokey-black\/"},"modified":"2026-03-09T20:31:04","modified_gmt":"2026-03-09T19:31:04","slug":"grosses-set-vase-birne-tasman-smokey-black","status":"publish","type":"product","link":"https:\/\/www.industrialwood.nl\/de\/grosses-set-vase-birne-tasman-smokey-black\/","title":{"rendered":"Gro\u00dfes Set | Vase Birne | Tasman | Smokey Black"},"content":{"rendered":"","protected":false},"excerpt":{"rendered":"<p>OK, seien wir ehrlich: drei sind wirklich besser als einer, oder? Mit dem <strong>Tasman Smokey Black Set (XS, M &amp; L)<\/strong> holen Sie sich nicht einen, nicht zwei, sondern <strong>drei stilvolle Blickf\u00e4nge<\/strong> in Ihr Zuhause. Dieses Set vereint Luxus, Ambiente und zeitloses Design in einem perfekten Gleichgewicht. Sie k\u00f6nnen sie als Vasen f\u00fcr Seidenblumen oder als stimmungsvolle Teelichthalter verwenden. Dieses Set passt perfekt in moderne Interieurs, sieht aber auch in skandinavischen, l\u00e4ndlichen oder japanischen Wohnstilen gro\u00dfartig aus.     Und wir haben noch bessere Neuigkeiten: Wenn Sie dieses Set zusammen kaufen, k\u00f6nnen Sie kr\u00e4ftig sparen!  <strong>Normalerweise kosten diese drei Produkte einzeln \u20ac101,85, jetzt im Set \u20ac94,95!  <\/strong>Sie erhalten einen Rabatt und k\u00f6nnen Ihr Interieur aufwerten? Das klingt nach einer Win-Win-Situation, die Sie gl\u00fccklich machen wird. \u2728 <\/p>\n<ul>\n<li>Sparen Sie Geld? Mit diesem sch\u00f6nen Vasen-Set k\u00f6nnen Sie <\/li>\n<li>Auch verf\u00fcgbar in <a href=\"https:\/\/www.industrialwood.nl\/grote-set-vaas-pear-tasman-smokey-taupe\/\">Smokey Taupe<\/a><\/li>\n<li><strong>XS<\/strong>: <a href=\"https:\/\/www.industrialwood.nl\/2x-led-theelicht-deluxe-homeart-indoor-sand-m\/\">LED Teelicht Sand M Deluxe Homeart<\/a> | <strong>M+L<\/strong>: <a href=\"https:\/\/www.industrialwood.nl\/led-kaars-deluxe-homeart-indoor-sand-s\/\">LED Kerze Sand S Deluxe Homeart<\/a><\/li>\n<\/ul>\n<p>&nbsp;<\/p>\n<p><em>Jede Vase wird aus hochwertigem Recyclingglas mundgeblasen. Diese kleinen Blasen oder Linien im Glas?  Purer Charme!  <\/em><\/p>\n<p><strong>Abmessungen: XS<\/strong>: 13 x 12 cm | <strong>M<\/strong>: 18 x 20 cm | <strong>L<\/strong>: 26 x 28 cm<br \/>\n<strong>Material:<\/strong> Glas<br \/>\n<strong>Farbe:<\/strong> Smokey Black<\/p>\n","protected":false},"featured_media":60170,"comment_status":"open","ping_status":"closed","template":"","meta":[],"product_brand":[],"product_cat":[400,686,418,402,424,420,422,427,738,414,436,387,396,390],"product_tag":[],"seizoen":[543,545,544,546],"bloemensoort":[],"samenstelling":[],"shop-per-kamer":[552,549],"indooroutdoor":[555],"vorm":[558,557],"duurzaam":[565],"productafmetingen":[569,568,566],"stijl":[574,571,575,573,572],"merk":[576],"materiaal":[608],"materiaal-schaaltje":[],"geur":[],"product-type":[],"beoordeling":[640,641,642],"uitsparingen":[],"houtsoort":[],"breedte":[],"badplanken-lengte":[],"kleur":[656],"class_list":{"0":"post-45515","1":"product","2":"type-product","3":"status-publish","4":"has-post-thumbnail","6":"product_cat-boheme-wohnzimmer","7":"product_cat-geschenk","8":"product_cat-hotel-chic-wohnzimmer","9":"product_cat-japandi-wohnzimmer","10":"product_cat-landwohnzimmer","11":"product_cat-modernes-wohnzimmer","12":"product_cat-skandinavisches-wohnzimmer","13":"product_cat-smokey-black","14":"product_cat-tasmanische-vasen","15":"product_cat-teelichthalter","16":"product_cat-trendiges-zubehor-fur-zuhause","17":"product_cat-vasen-topfe","18":"product_cat-wohnzimmer","19":"product_cat-zuruck-zu-schwarz","20":"seizoen-lente-de","21":"seizoen-herfst-de","22":"seizoen-zomer-de","23":"seizoen-winter-de","24":"shop-per-kamer-hal-de","25":"shop-per-kamer-woonkamer-de","26":"indooroutdoor-indoor-de","27":"vorm-ovaal-de","28":"vorm-rond-de","29":"duurzaam-ja-de","30":"productafmetingen-l-de","31":"productafmetingen-m-de","32":"productafmetingen-xs-de","33":"stijl-bohemian-de","34":"stijl-hotel-chique-de","35":"stijl-japandi-de","36":"stijl-modern-de","37":"stijl-scandinavisch-de","38":"merk-industrialwood-de","39":"materiaal-glas-de","40":"beoordeling-three-star-de","41":"beoordeling-four-star-de","42":"beoordeling-five-star-de","43":"kleur-zwart-de","45":"first","46":"instock","47":"sale","48":"taxable","49":"shipping-taxable","50":"purchasable","51":"product-type-simple"},"supplier_id":null,"supplier_sku":"","barcode":null,"atum_controlled":true,"out_stock_date":"2025-01-23 18:11:43","out_stock_threshold":null,"inheritable":false,"inbound_stock":0,"stock_on_hold":1,"sold_today":0,"sales_last_days":8,"reserved_stock":0,"customer_returns":0,"warehouse_damage":0,"lost_in_post":0,"other_logs":0,"out_stock_days":453,"lost_sales":125629,"has_location":false,"update_date":"2026-04-21T20:09:16","atum_locations":[],"atum_stock_status":"instock","restock_status":false,"low_stock_amount":"","sales_update_date":"2026-04-21T20:09:16","calc_backorders":null,"_links":{"self":[{"href":"https:\/\/www.industrialwood.nl\/de\/wp-json\/wp\/v2\/product\/45515","targetHints":{"allow":["GET"]}}],"collection":[{"href":"https:\/\/www.industrialwood.nl\/de\/wp-json\/wp\/v2\/product"}],"about":[{"href":"https:\/\/www.industrialwood.nl\/de\/wp-json\/wp\/v2\/types\/product"}],"replies":[{"embeddable":true,"href":"https:\/\/www.industrialwood.nl\/de\/wp-json\/wp\/v2\/comments?post=45515"}],"wp:featuredmedia":[{"embeddable":true,"href":"https:\/\/www.industrialwood.nl\/de\/wp-json\/wp\/v2\/media\/60170"}],"wp:attachment":[{"href":"https:\/\/www.industrialwood.nl\/de\/wp-json\/wp\/v2\/media?parent=45515"}],"wp:term":[{"taxonomy":"product_brand","embeddable":true,"href":"https:\/\/www.industrialwood.nl\/de\/wp-json\/wp\/v2\/product_brand?post=45515"},{"taxonomy":"product_cat","embeddable":true,"href":"https:\/\/www.industrialwood.nl\/de\/wp-json\/wp\/v2\/product_cat?post=45515"},{"taxonomy":"product_tag","embeddable":true,"href":"https:\/\/www.industrialwood.nl\/de\/wp-json\/wp\/v2\/product_tag?post=45515"},{"taxonomy":"seizoen","embeddable":true,"href":"https:\/\/www.industrialwood.nl\/de\/wp-json\/wp\/v2\/seizoen?post=45515"},{"taxonomy":"bloemensoort","embeddable":true,"href":"https:\/\/www.industrialwood.nl\/de\/wp-json\/wp\/v2\/bloemensoort?post=45515"},{"taxonomy":"samenstelling","embeddable":true,"href":"https:\/\/www.industrialwood.nl\/de\/wp-json\/wp\/v2\/samenstelling?post=45515"},{"taxonomy":"shop-per-kamer","embeddable":true,"href":"https:\/\/www.industrialwood.nl\/de\/wp-json\/wp\/v2\/shop-per-kamer?post=45515"},{"taxonomy":"indooroutdoor","embeddable":true,"href":"https:\/\/www.industrialwood.nl\/de\/wp-json\/wp\/v2\/indooroutdoor?post=45515"},{"taxonomy":"vorm","embeddable":true,"href":"https:\/\/www.industrialwood.nl\/de\/wp-json\/wp\/v2\/vorm?post=45515"},{"taxonomy":"duurzaam","embeddable":true,"href":"https:\/\/www.industrialwood.nl\/de\/wp-json\/wp\/v2\/duurzaam?post=45515"},{"taxonomy":"productafmetingen","embeddable":true,"href":"https:\/\/www.industrialwood.nl\/de\/wp-json\/wp\/v2\/productafmetingen?post=45515"},{"taxonomy":"stijl","embeddable":true,"href":"https:\/\/www.industrialwood.nl\/de\/wp-json\/wp\/v2\/stijl?post=45515"},{"taxonomy":"merk","embeddable":true,"href":"https:\/\/www.industrialwood.nl\/de\/wp-json\/wp\/v2\/merk?post=45515"},{"taxonomy":"materiaal","embeddable":true,"href":"https:\/\/www.industrialwood.nl\/de\/wp-json\/wp\/v2\/materiaal?post=45515"},{"taxonomy":"materiaal-schaaltje","embeddable":true,"href":"https:\/\/www.industrialwood.nl\/de\/wp-json\/wp\/v2\/materiaal-schaaltje?post=45515"},{"taxonomy":"geur","embeddable":true,"href":"https:\/\/www.industrialwood.nl\/de\/wp-json\/wp\/v2\/geur?post=45515"},{"taxonomy":"product-type","embeddable":true,"href":"https:\/\/www.industrialwood.nl\/de\/wp-json\/wp\/v2\/product-type?post=45515"},{"taxonomy":"beoordeling","embeddable":true,"href":"https:\/\/www.industrialwood.nl\/de\/wp-json\/wp\/v2\/beoordeling?post=45515"},{"taxonomy":"uitsparingen","embeddable":true,"href":"https:\/\/www.industrialwood.nl\/de\/wp-json\/wp\/v2\/uitsparingen?post=45515"},{"taxonomy":"houtsoort","embeddable":true,"href":"https:\/\/www.industrialwood.nl\/de\/wp-json\/wp\/v2\/houtsoort?post=45515"},{"taxonomy":"breedte","embeddable":true,"href":"https:\/\/www.industrialwood.nl\/de\/wp-json\/wp\/v2\/breedte?post=45515"},{"taxonomy":"badplanken-lengte","embeddable":true,"href":"https:\/\/www.industrialwood.nl\/de\/wp-json\/wp\/v2\/badplanken-lengte?post=45515"},{"taxonomy":"kleur","embeddable":true,"href":"https:\/\/www.industrialwood.nl\/de\/wp-json\/wp\/v2\/kleur?post=45515"}],"curies":[{"name":"wp","href":"https:\/\/api.w.org\/{rel}","templated":true}]}}