{"id":45514,"date":"2023-11-10T23:28:56","date_gmt":"2023-11-10T22:28:56","guid":{"rendered":"https:\/\/www.industrialwood.nl\/kleines-set-vase-birne-tasman-smokey-taupe\/"},"modified":"2026-02-24T10:55:06","modified_gmt":"2026-02-24T09:55:06","slug":"kleines-set-vase-birne-tasman-smokey-taupe","status":"publish","type":"product","link":"https:\/\/www.industrialwood.nl\/de\/kleines-set-vase-birne-tasman-smokey-taupe\/","title":{"rendered":"Kleines Set | Vase Birne | Tasman | Smokey Taupe"},"content":{"rendered":"","protected":false},"excerpt":{"rendered":"<p><strong>Sparen Sie Geld, indem Sie die Tasman Vasen in Taupe im Set kaufen!<\/strong><br \/>\nZwei sind immer besser als eine, oder? Dieses <strong>kleine Set von Tasman Vasen in Smokey Taupe<\/strong> bringt sofort W\u00e4rme und Klasse in Ihre Einrichtung. Mit dem Tasman XS Teelichthalter und der Tasman M Vase schaffen Sie ein gem\u00fctliches, luxuri\u00f6ses Ambiente. Egal, ob Sie sie zusammen auf Ihrem Couchtisch platzieren oder einzeln, sie stehlen Ihnen in jedem Fall die Show! \ud83e\udd0e Der Farbton Smokey Taupe sorgt f\u00fcr einen schicken, zeitlosen Look, der perfekt zu modernen, skandinavischen, rustikalen und japandischen Interieurs passt. F\u00fcgen Sie eine Kerze f\u00fcr ein gem\u00fctliches Licht hinzu oder dekorieren Sie sie mit Seidenblumen f\u00fcr einen frischen Touch.     <\/p>\n<ul>\n<li>G\u00fcnstiger als der Einzelkauf &#8211; Rabatt-Alarm!<\/li>\n<li>Auch verf\u00fcgbar in <a href=\"https:\/\/www.industrialwood.nl\/kleine-set-vaas-pear-tasman-smokey-black\/\">Smokey Black<\/a><\/li>\n<li>Die Vasen auf den Stimmungsfotos enthalten die<strong> XS<\/strong>: <a href=\"https:\/\/www.industrialwood.nl\/2x-led-theelicht-deluxe-homeart-indoor-sand-m\/\">LED Teelicht Sand M Deluxe Homeart<\/a> | <strong>M<\/strong>: <a href=\"https:\/\/www.industrialwood.nl\/led-kaars-deluxe-homeart-indoor-sand-s\/\">LED Kerze Sand S Deluxe Homeart<\/a><\/li>\n<\/ul>\n<p><em><br \/>\nOh, und noch eine lustige Tatsache: jede Vase ist mundgeblasen! Das bedeutet, dass jede Vase einzigartig ist, mit charmanten Unvollkommenheiten wie feinen Blasen oder Linien. Das nennen wir authentische Handwerkskunst \u2728  <\/em><\/p>\n<p><strong>Abmessungen:<\/strong> <strong>XS<\/strong>: 13 x 12 cm | <strong>M<\/strong>: 18 x 20 cm<br \/>\n<strong>Farbe:<\/strong> Smokey Taupe<br \/>\n<strong>Material:<\/strong> Glas<\/p>\n","protected":false},"featured_media":60156,"comment_status":"open","ping_status":"closed","template":"","meta":[],"product_brand":[],"product_cat":[400,686,418,402,424,420,395,422,431,738,414,387,706,396],"product_tag":[],"seizoen":[543,545,544,546],"bloemensoort":[],"samenstelling":[],"shop-per-kamer":[552,549],"indooroutdoor":[],"vorm":[558,557],"duurzaam":[565],"productafmetingen":[568,566],"stijl":[574,571,575,573,572],"merk":[576],"materiaal":[608],"materiaal-schaaltje":[],"geur":[],"product-type":[],"beoordeling":[640,641,642],"uitsparingen":[],"houtsoort":[],"breedte":[],"badplanken-lengte":[],"kleur":[663,666],"class_list":{"0":"post-45514","1":"product","2":"type-product","3":"status-publish","4":"has-post-thumbnail","6":"product_cat-boheme-wohnzimmer","7":"product_cat-geschenk","8":"product_cat-hotel-chic-wohnzimmer","9":"product_cat-japandi-wohnzimmer","10":"product_cat-landwohnzimmer","11":"product_cat-modernes-wohnzimmer","12":"product_cat-naturliche-tone","13":"product_cat-skandinavisches-wohnzimmer","14":"product_cat-smokey-taupe-de","15":"product_cat-tasmanische-vasen","16":"product_cat-teelichthalter","17":"product_cat-vasen-topfe","18":"product_cat-verkaufsschlager","19":"product_cat-wohnzimmer","20":"seizoen-lente-de","21":"seizoen-herfst-de","22":"seizoen-zomer-de","23":"seizoen-winter-de","24":"shop-per-kamer-hal-de","25":"shop-per-kamer-woonkamer-de","26":"vorm-ovaal-de","27":"vorm-rond-de","28":"duurzaam-ja-de","29":"productafmetingen-m-de","30":"productafmetingen-xs-de","31":"stijl-bohemian-de","32":"stijl-hotel-chique-de","33":"stijl-japandi-de","34":"stijl-modern-de","35":"stijl-scandinavisch-de","36":"merk-industrialwood-de","37":"materiaal-glas-de","38":"beoordeling-three-star-de","39":"beoordeling-four-star-de","40":"beoordeling-five-star-de","41":"kleur-bruin-de","42":"kleur-taupe-de","44":"first","45":"instock","46":"sale","47":"taxable","48":"shipping-taxable","49":"purchasable","50":"product-type-simple"},"supplier_id":null,"supplier_sku":"","barcode":null,"atum_controlled":true,"out_stock_date":"2025-11-21 10:04:24","out_stock_threshold":null,"inheritable":false,"inbound_stock":0,"stock_on_hold":1,"sold_today":0,"sales_last_days":37,"reserved_stock":0,"customer_returns":0,"warehouse_damage":0,"lost_in_post":0,"other_logs":0,"out_stock_days":152,"lost_sales":0,"has_location":false,"update_date":"2026-04-23T09:38:58","atum_locations":[],"atum_stock_status":"instock","restock_status":false,"low_stock_amount":"","sales_update_date":"2026-04-23T09:38:58","calc_backorders":null,"_links":{"self":[{"href":"https:\/\/www.industrialwood.nl\/de\/wp-json\/wp\/v2\/product\/45514","targetHints":{"allow":["GET"]}}],"collection":[{"href":"https:\/\/www.industrialwood.nl\/de\/wp-json\/wp\/v2\/product"}],"about":[{"href":"https:\/\/www.industrialwood.nl\/de\/wp-json\/wp\/v2\/types\/product"}],"replies":[{"embeddable":true,"href":"https:\/\/www.industrialwood.nl\/de\/wp-json\/wp\/v2\/comments?post=45514"}],"wp:featuredmedia":[{"embeddable":true,"href":"https:\/\/www.industrialwood.nl\/de\/wp-json\/wp\/v2\/media\/60156"}],"wp:attachment":[{"href":"https:\/\/www.industrialwood.nl\/de\/wp-json\/wp\/v2\/media?parent=45514"}],"wp:term":[{"taxonomy":"product_brand","embeddable":true,"href":"https:\/\/www.industrialwood.nl\/de\/wp-json\/wp\/v2\/product_brand?post=45514"},{"taxonomy":"product_cat","embeddable":true,"href":"https:\/\/www.industrialwood.nl\/de\/wp-json\/wp\/v2\/product_cat?post=45514"},{"taxonomy":"product_tag","embeddable":true,"href":"https:\/\/www.industrialwood.nl\/de\/wp-json\/wp\/v2\/product_tag?post=45514"},{"taxonomy":"seizoen","embeddable":true,"href":"https:\/\/www.industrialwood.nl\/de\/wp-json\/wp\/v2\/seizoen?post=45514"},{"taxonomy":"bloemensoort","embeddable":true,"href":"https:\/\/www.industrialwood.nl\/de\/wp-json\/wp\/v2\/bloemensoort?post=45514"},{"taxonomy":"samenstelling","embeddable":true,"href":"https:\/\/www.industrialwood.nl\/de\/wp-json\/wp\/v2\/samenstelling?post=45514"},{"taxonomy":"shop-per-kamer","embeddable":true,"href":"https:\/\/www.industrialwood.nl\/de\/wp-json\/wp\/v2\/shop-per-kamer?post=45514"},{"taxonomy":"indooroutdoor","embeddable":true,"href":"https:\/\/www.industrialwood.nl\/de\/wp-json\/wp\/v2\/indooroutdoor?post=45514"},{"taxonomy":"vorm","embeddable":true,"href":"https:\/\/www.industrialwood.nl\/de\/wp-json\/wp\/v2\/vorm?post=45514"},{"taxonomy":"duurzaam","embeddable":true,"href":"https:\/\/www.industrialwood.nl\/de\/wp-json\/wp\/v2\/duurzaam?post=45514"},{"taxonomy":"productafmetingen","embeddable":true,"href":"https:\/\/www.industrialwood.nl\/de\/wp-json\/wp\/v2\/productafmetingen?post=45514"},{"taxonomy":"stijl","embeddable":true,"href":"https:\/\/www.industrialwood.nl\/de\/wp-json\/wp\/v2\/stijl?post=45514"},{"taxonomy":"merk","embeddable":true,"href":"https:\/\/www.industrialwood.nl\/de\/wp-json\/wp\/v2\/merk?post=45514"},{"taxonomy":"materiaal","embeddable":true,"href":"https:\/\/www.industrialwood.nl\/de\/wp-json\/wp\/v2\/materiaal?post=45514"},{"taxonomy":"materiaal-schaaltje","embeddable":true,"href":"https:\/\/www.industrialwood.nl\/de\/wp-json\/wp\/v2\/materiaal-schaaltje?post=45514"},{"taxonomy":"geur","embeddable":true,"href":"https:\/\/www.industrialwood.nl\/de\/wp-json\/wp\/v2\/geur?post=45514"},{"taxonomy":"product-type","embeddable":true,"href":"https:\/\/www.industrialwood.nl\/de\/wp-json\/wp\/v2\/product-type?post=45514"},{"taxonomy":"beoordeling","embeddable":true,"href":"https:\/\/www.industrialwood.nl\/de\/wp-json\/wp\/v2\/beoordeling?post=45514"},{"taxonomy":"uitsparingen","embeddable":true,"href":"https:\/\/www.industrialwood.nl\/de\/wp-json\/wp\/v2\/uitsparingen?post=45514"},{"taxonomy":"houtsoort","embeddable":true,"href":"https:\/\/www.industrialwood.nl\/de\/wp-json\/wp\/v2\/houtsoort?post=45514"},{"taxonomy":"breedte","embeddable":true,"href":"https:\/\/www.industrialwood.nl\/de\/wp-json\/wp\/v2\/breedte?post=45514"},{"taxonomy":"badplanken-lengte","embeddable":true,"href":"https:\/\/www.industrialwood.nl\/de\/wp-json\/wp\/v2\/badplanken-lengte?post=45514"},{"taxonomy":"kleur","embeddable":true,"href":"https:\/\/www.industrialwood.nl\/de\/wp-json\/wp\/v2\/kleur?post=45514"}],"curies":[{"name":"wp","href":"https:\/\/api.w.org\/{rel}","templated":true}]}}