{"id":45489,"date":"2023-11-10T23:50:36","date_gmt":"2023-11-10T22:50:36","guid":{"rendered":"https:\/\/www.industrialwood.nl\/teelichthalter-birne-tasman-smokey-black-xs\/"},"modified":"2026-03-04T10:08:11","modified_gmt":"2026-03-04T09:08:11","slug":"teelichthalter-birne-tasman-smokey-black-xs","status":"publish","type":"product","link":"https:\/\/www.industrialwood.nl\/de\/teelichthalter-birne-tasman-smokey-black-xs\/","title":{"rendered":"Teelichthalter Birne | Tasman | Smokey Black | XS"},"content":{"rendered":"","protected":false},"excerpt":{"rendered":"<p>Klein aber fein mit diesem Teelichthalter Smokey Black XS<strong> \ud83d\udda4 <\/strong>Man sagt, die besten Dinge fangen oft klein an, und das trifft sicherlich auf den <strong>Tasman Smokey Black XS Teelichthalter<\/strong> zu! Mit seinem luxuri\u00f6sen Aussehen, dem mundgeblasenen Glas und dem stilvollen schwarzen Schirm ist er das i-T\u00fcpfelchen f\u00fcr Ihre Einrichtung. Stellen Sie eine Kerze hinein und voila: sofortige Atmosph\u00e4re, Gem\u00fctlichkeit und ein Hauch von Klasse. Dieses kleine Kraftpaket passt perfekt auf einen Couchtisch, einen Nachttisch oder sogar als Blickfang auf ein Sideboard.   Und das Beste daran? Er passt zu jedem Einrichtungsstil &#8211; von modern bis skandinavisch und japanisch. Sind Sie bereit, Ihr Interieur erstrahlen zu lassen? Legen Sie diesen Teelichthalter Smokey Black XS in Ihren Einkaufskorb und schaffen Sie ein warmes, gem\u00fctliches Zuhause!   \ud83d\udd6f\ufe0f\u2728<\/p>\n<ul>\n<li>Perfekte Gr\u00f6\u00dfe f\u00fcr Teelichter<\/li>\n<li>Hochwertiges recyceltes Glas &#8211; langlebig &amp; stilvoll<\/li>\n<li>Auch in <a href=\"https:\/\/www.industrialwood.nl\/de\/suchergebnisse-11\/?q=set%20tasman%20black\">preisg\u00fcnstigen Sets<\/a> und in der Farbe <a href=\"https:\/\/www.industrialwood.nl\/waxinelichthouder-pear-tasman-smokey-taupe-xs\/\">Smokey Taupe<\/a> erh\u00e4ltlich<\/li>\n<\/ul>\n<p>&nbsp;<\/p>\n<p><em>Mit Liebe mundgeblasen: Kleine Bl\u00e4schen oder Striche im Glas? Das ist kein Fehler, das ist reine Handwerkskunst. Jeder Teelichthalter ist ein Unikat und das sieht man auch!  <\/em><\/p>\n<p><strong>Ma\u00dfe<\/strong>: 13 x 12 cm<br \/>\n<strong>Material<\/strong>: Glas<br \/>\n<strong>Farbe<\/strong>: Smokey Black<\/p>\n","protected":false},"featured_media":60162,"comment_status":"open","ping_status":"closed","template":"","meta":[],"product_brand":[],"product_cat":[400,686,418,402,424,420,740,422,427,738,414,387,706,396,390],"product_tag":[],"seizoen":[543,545,544,546],"bloemensoort":[],"samenstelling":[],"shop-per-kamer":[552,549],"indooroutdoor":[555],"vorm":[557],"duurzaam":[565],"productafmetingen":[566],"stijl":[574,571,575,573,572],"merk":[576],"materiaal":[608],"materiaal-schaaltje":[],"geur":[],"product-type":[],"beoordeling":[640,641,642],"uitsparingen":[],"houtsoort":[],"breedte":[],"badplanken-lengte":[],"kleur":[656],"class_list":{"0":"post-45489","1":"product","2":"type-product","3":"status-publish","4":"has-post-thumbnail","6":"product_cat-boheme-wohnzimmer","7":"product_cat-geschenk","8":"product_cat-hotel-chic-wohnzimmer","9":"product_cat-japandi-wohnzimmer","10":"product_cat-landwohnzimmer","11":"product_cat-modernes-wohnzimmer","12":"product_cat-schwarzer-freitag-2","13":"product_cat-skandinavisches-wohnzimmer","14":"product_cat-smokey-black","15":"product_cat-tasmanische-vasen","16":"product_cat-teelichthalter","17":"product_cat-vasen-topfe","18":"product_cat-verkaufsschlager","19":"product_cat-wohnzimmer","20":"product_cat-zuruck-zu-schwarz","21":"seizoen-lente-de","22":"seizoen-herfst-de","23":"seizoen-zomer-de","24":"seizoen-winter-de","25":"shop-per-kamer-hal-de","26":"shop-per-kamer-woonkamer-de","27":"indooroutdoor-indoor-de","28":"vorm-rond-de","29":"duurzaam-ja-de","30":"productafmetingen-xs-de","31":"stijl-bohemian-de","32":"stijl-hotel-chique-de","33":"stijl-japandi-de","34":"stijl-modern-de","35":"stijl-scandinavisch-de","36":"merk-industrialwood-de","37":"materiaal-glas-de","38":"beoordeling-three-star-de","39":"beoordeling-four-star-de","40":"beoordeling-five-star-de","41":"kleur-zwart-de","43":"first","44":"instock","45":"taxable","46":"shipping-taxable","47":"purchasable","48":"product-type-simple"},"supplier_id":null,"supplier_sku":"","barcode":null,"atum_controlled":true,"out_stock_date":null,"out_stock_threshold":null,"inheritable":false,"inbound_stock":0,"stock_on_hold":0,"sold_today":0,"sales_last_days":2,"reserved_stock":0,"customer_returns":0,"warehouse_damage":0,"lost_in_post":0,"other_logs":0,"out_stock_days":0,"lost_sales":0,"has_location":false,"update_date":"2026-04-21T20:09:16","atum_locations":[],"atum_stock_status":"instock","restock_status":false,"low_stock_amount":"","sales_update_date":"2026-04-21T20:09:16","calc_backorders":null,"_links":{"self":[{"href":"https:\/\/www.industrialwood.nl\/de\/wp-json\/wp\/v2\/product\/45489","targetHints":{"allow":["GET"]}}],"collection":[{"href":"https:\/\/www.industrialwood.nl\/de\/wp-json\/wp\/v2\/product"}],"about":[{"href":"https:\/\/www.industrialwood.nl\/de\/wp-json\/wp\/v2\/types\/product"}],"replies":[{"embeddable":true,"href":"https:\/\/www.industrialwood.nl\/de\/wp-json\/wp\/v2\/comments?post=45489"}],"wp:featuredmedia":[{"embeddable":true,"href":"https:\/\/www.industrialwood.nl\/de\/wp-json\/wp\/v2\/media\/60162"}],"wp:attachment":[{"href":"https:\/\/www.industrialwood.nl\/de\/wp-json\/wp\/v2\/media?parent=45489"}],"wp:term":[{"taxonomy":"product_brand","embeddable":true,"href":"https:\/\/www.industrialwood.nl\/de\/wp-json\/wp\/v2\/product_brand?post=45489"},{"taxonomy":"product_cat","embeddable":true,"href":"https:\/\/www.industrialwood.nl\/de\/wp-json\/wp\/v2\/product_cat?post=45489"},{"taxonomy":"product_tag","embeddable":true,"href":"https:\/\/www.industrialwood.nl\/de\/wp-json\/wp\/v2\/product_tag?post=45489"},{"taxonomy":"seizoen","embeddable":true,"href":"https:\/\/www.industrialwood.nl\/de\/wp-json\/wp\/v2\/seizoen?post=45489"},{"taxonomy":"bloemensoort","embeddable":true,"href":"https:\/\/www.industrialwood.nl\/de\/wp-json\/wp\/v2\/bloemensoort?post=45489"},{"taxonomy":"samenstelling","embeddable":true,"href":"https:\/\/www.industrialwood.nl\/de\/wp-json\/wp\/v2\/samenstelling?post=45489"},{"taxonomy":"shop-per-kamer","embeddable":true,"href":"https:\/\/www.industrialwood.nl\/de\/wp-json\/wp\/v2\/shop-per-kamer?post=45489"},{"taxonomy":"indooroutdoor","embeddable":true,"href":"https:\/\/www.industrialwood.nl\/de\/wp-json\/wp\/v2\/indooroutdoor?post=45489"},{"taxonomy":"vorm","embeddable":true,"href":"https:\/\/www.industrialwood.nl\/de\/wp-json\/wp\/v2\/vorm?post=45489"},{"taxonomy":"duurzaam","embeddable":true,"href":"https:\/\/www.industrialwood.nl\/de\/wp-json\/wp\/v2\/duurzaam?post=45489"},{"taxonomy":"productafmetingen","embeddable":true,"href":"https:\/\/www.industrialwood.nl\/de\/wp-json\/wp\/v2\/productafmetingen?post=45489"},{"taxonomy":"stijl","embeddable":true,"href":"https:\/\/www.industrialwood.nl\/de\/wp-json\/wp\/v2\/stijl?post=45489"},{"taxonomy":"merk","embeddable":true,"href":"https:\/\/www.industrialwood.nl\/de\/wp-json\/wp\/v2\/merk?post=45489"},{"taxonomy":"materiaal","embeddable":true,"href":"https:\/\/www.industrialwood.nl\/de\/wp-json\/wp\/v2\/materiaal?post=45489"},{"taxonomy":"materiaal-schaaltje","embeddable":true,"href":"https:\/\/www.industrialwood.nl\/de\/wp-json\/wp\/v2\/materiaal-schaaltje?post=45489"},{"taxonomy":"geur","embeddable":true,"href":"https:\/\/www.industrialwood.nl\/de\/wp-json\/wp\/v2\/geur?post=45489"},{"taxonomy":"product-type","embeddable":true,"href":"https:\/\/www.industrialwood.nl\/de\/wp-json\/wp\/v2\/product-type?post=45489"},{"taxonomy":"beoordeling","embeddable":true,"href":"https:\/\/www.industrialwood.nl\/de\/wp-json\/wp\/v2\/beoordeling?post=45489"},{"taxonomy":"uitsparingen","embeddable":true,"href":"https:\/\/www.industrialwood.nl\/de\/wp-json\/wp\/v2\/uitsparingen?post=45489"},{"taxonomy":"houtsoort","embeddable":true,"href":"https:\/\/www.industrialwood.nl\/de\/wp-json\/wp\/v2\/houtsoort?post=45489"},{"taxonomy":"breedte","embeddable":true,"href":"https:\/\/www.industrialwood.nl\/de\/wp-json\/wp\/v2\/breedte?post=45489"},{"taxonomy":"badplanken-lengte","embeddable":true,"href":"https:\/\/www.industrialwood.nl\/de\/wp-json\/wp\/v2\/badplanken-lengte?post=45489"},{"taxonomy":"kleur","embeddable":true,"href":"https:\/\/www.industrialwood.nl\/de\/wp-json\/wp\/v2\/kleur?post=45489"}],"curies":[{"name":"wp","href":"https:\/\/api.w.org\/{rel}","templated":true}]}}