{"id":45418,"date":"2023-06-15T08:12:22","date_gmt":"2023-06-15T07:12:22","guid":{"rendered":"https:\/\/www.industrialwood.nl\/badebrett-eiche-natur-tablette-und-2-frische-ausschnitte\/"},"modified":"2025-10-10T16:11:29","modified_gmt":"2025-10-10T14:11:29","slug":"badebrett-eiche-natur-tablette-und-2-frische-ausschnitte","status":"publish","type":"product","link":"https:\/\/www.industrialwood.nl\/de\/badebrett-eiche-natur-tablette-und-2-frische-ausschnitte\/","title":{"rendered":"Badebrett Eiche | Natur | Tablette und 2 frische Ausschnitte"},"content":{"rendered":"","protected":false},"excerpt":{"rendered":"<p><span style=\"color: #ab9a88;\"><strong>F\u00fcr ein luxuri\u00f6ses Aussehen des Badezimmers, sch\u00f6n zum Verschenken oder um sich selbst mal etwas zu g\u00f6nnen!<\/strong> <\/span>Das Badebrett hat ein nat\u00fcrliches und luxuri\u00f6ses Design, unter anderem dank seiner nat\u00fcrlichen Farbe und seiner robusten Erscheinung. Mit diesem ma\u00dfgefertigten Badebrett aus massiver Eiche k\u00f6nnen Sie problemlos ein Tablet, ein Telefon, einen Laptop, Essen oder Getr\u00e4nke mit in die Badewanne nehmen. Genie\u00dfen Sie Snacks und Getr\u00e4nke, w\u00e4hrend Sie Ihre Lieblingsserie sehen &#8211; gro\u00dfartig! Dieses aus einem massiven Eichenholzstamm gefertigte Badebrett ist mit einem hochwertigen transparenten Lack \u00fcberzogen.<\/p>\n<p>H<strong>olzart<\/strong> Eichenholz ist eine sehr beliebte Holzart. Es ist ein sehr haltbares und hartes Holz, so dass Ihr Badbrett oft jahrelang halten wird. Eichenholz l\u00e4sst sich gut mit allen m\u00f6glichen (Innen-)Stilen kombinieren. Gut zu wissen! Unsere Wannenbretter sind breiter als die Standardgr\u00f6\u00dfe von Wannenbrettern aus Eichenholz, was unserem Wannenbrett ein robusteres Aussehen und mehr Platz zum Abstellen von Dingen verleiht! Wir w\u00e4hlen das Brett (den Typ) selbst mit gro\u00dfer Sorgfalt aus, damit Sie das sch\u00f6nste und haltbarste Badbrett verwenden k\u00f6nnen. Zeit zum Entspannen also!<\/p>\n<p>A<strong>usmessen der Badewanne<\/strong> Das Wannenbrett kann f\u00fcr verschiedene Formen von Badewannen verwendet werden. Die \u00e4u\u00dfere Gr\u00f6\u00dfe der Badewanne wird ben\u00f6tigt, um das Brett zurechtzuschneiden.<br \/>\nSehen Sie sich die Beispielma\u00dfe auf den Fotos dieses Produkts an. Besondere Ma\u00dfe, zum Beispiel f\u00fcr eine Eckbadewanne oder eine andere au\u00dfergew\u00f6hnliche Badewanne? Schicken Sie uns eine E-Mail, um zu erfahren, welche M\u00f6glichkeiten es f\u00fcr Ihr Bad gibt, wir helfen Ihnen gerne weiter!<\/p>\n<p>Dieses Badebrett ist in mehreren Varianten erh\u00e4ltlich. In der Kategorie<a href=\"https:\/\/www.industrialwood.nl\/de\/badebrett\/\">&#8216;Badebretter<\/a>&#8216; finden Sie eine Liste aller Badebretter.<\/p>\n<p><em>*Im Lieferumfang der Badewanne sind Anti-Rutsch-Streifen enthalten, die das Wannenbrett etwas stabiler auf der Badewanne machen und so Sch\u00e4den an der Badewanne verhindern.<\/em><em><br \/>\n* F\u00fcr eine (freistehende) Badewanne mit d\u00fcnnen R\u00e4ndern empfehlen wir, 4-5 Zentimeter zu den Au\u00dfenma\u00dfen hinzuzuf\u00fcgen. Dadurch ragt das Badebrett etwas \u00fcber die Kanten hinaus, was es wesentlich stabiler macht. Beispiel: Die Au\u00dfengr\u00f6\u00dfe der Badewanne betr\u00e4gt 80 cm, geben Sie 84 cm in das Eingabefeld ein.<br \/>\n*Da das Badebrett aus nat\u00fcrlichen Materialien hergestellt wird, k\u00f6nnen Farben, Formen und Details variieren. Leichte Verf\u00e4rbungen, \u00c4ste und Verdrehungen lassen sich nicht immer vermeiden. Wir empfehlen au\u00dferdem, das Brett auf eine ebene Fl\u00e4che zu legen.<br \/>\n* Badebretter k\u00f6nnen nicht zur\u00fcckgegeben werden, da sie auf Bestellung gefertigt werden.<br \/>\n<\/em><\/p>\n<p><strong>Ma\u00dfe<\/strong>: +- 24 cm Breite, L\u00e4nge 80-90 cm oder nach Ma\u00df!<br \/>\n<strong>Material<\/strong>: Eiche<br \/>\n<strong>Farbe<\/strong>: Nat\u00fcrlich<\/p>\n","protected":false},"featured_media":38121,"comment_status":"open","ping_status":"closed","template":"","meta":[],"product_brand":[],"product_cat":[437,393,401,686,479,404,481,395,483,482],"product_tag":[438,441,440,439],"seizoen":[543,545,544,546],"bloemensoort":[],"samenstelling":[],"shop-per-kamer":[551],"indooroutdoor":[555],"vorm":[563,562,561],"duurzaam":[565],"productafmetingen":[],"stijl":[574,571,575,573,572],"merk":[576],"materiaal":[609],"materiaal-schaaltje":[],"geur":[],"product-type":[],"beoordeling":[641,642],"uitsparingen":[646],"houtsoort":[648],"breedte":[651],"badplanken-lengte":[652,653,654],"kleur":[655],"class_list":{"0":"post-45418","1":"product","2":"type-product","3":"status-publish","4":"has-post-thumbnail","6":"product_cat-badebrett","7":"product_cat-badezimmer","8":"product_cat-bohmisches-badezimmer","9":"product_cat-geschenk","10":"product_cat-hotel-chic-badezimmer","11":"product_cat-japandi-badezimmer","12":"product_cat-modernes-badezimmer","13":"product_cat-naturliche-tone","14":"product_cat-rustikales-badezimmer","15":"product_cat-skandinavisches-badezimmer","16":"product_tag-badebrett","17":"product_tag-badewannenbrett-eiche","18":"product_tag-geschenk","19":"product_tag-masgeschneidertes-badebrett","20":"seizoen-lente-de","21":"seizoen-herfst-de","22":"seizoen-zomer-de","23":"seizoen-winter-de","24":"shop-per-kamer-badkamer-de","25":"indooroutdoor-indoor-de","26":"vorm-organisch-de","27":"vorm-recht-de","28":"vorm-rechthoek-de","29":"duurzaam-ja-de","30":"stijl-bohemian-de","31":"stijl-hotel-chique-de","32":"stijl-japandi-de","33":"stijl-modern-de","34":"stijl-scandinavisch-de","35":"merk-industrialwood-de","36":"materiaal-hout-de","37":"beoordeling-four-star-de","38":"beoordeling-five-star-de","39":"uitsparingen-tablet-en-fris-de","40":"houtsoort-eikenhout-de","41":"breedte-24cm-de","42":"badplanken-lengte-80-de","43":"badplanken-lengte-90-de","44":"badplanken-lengte-op-maat-de","45":"kleur-natuurlijk-de","47":"first","48":"instock","49":"taxable","50":"shipping-taxable","51":"purchasable","52":"product-type-variable"},"supplier_id":null,"supplier_sku":"","barcode":null,"atum_controlled":true,"out_stock_date":null,"out_stock_threshold":null,"inheritable":true,"inbound_stock":0,"stock_on_hold":0,"sold_today":0,"sales_last_days":0,"reserved_stock":0,"customer_returns":0,"warehouse_damage":0,"lost_in_post":0,"other_logs":0,"out_stock_days":0,"lost_sales":0,"has_location":false,"update_date":"2026-03-31T12:36:33","atum_locations":[],"atum_stock_status":"instock","restock_status":false,"low_stock_amount":"","sales_update_date":"2026-03-10T01:35:40","calc_backorders":null,"_links":{"self":[{"href":"https:\/\/www.industrialwood.nl\/de\/wp-json\/wp\/v2\/product\/45418","targetHints":{"allow":["GET"]}}],"collection":[{"href":"https:\/\/www.industrialwood.nl\/de\/wp-json\/wp\/v2\/product"}],"about":[{"href":"https:\/\/www.industrialwood.nl\/de\/wp-json\/wp\/v2\/types\/product"}],"replies":[{"embeddable":true,"href":"https:\/\/www.industrialwood.nl\/de\/wp-json\/wp\/v2\/comments?post=45418"}],"wp:featuredmedia":[{"embeddable":true,"href":"https:\/\/www.industrialwood.nl\/de\/wp-json\/wp\/v2\/media\/38121"}],"wp:attachment":[{"href":"https:\/\/www.industrialwood.nl\/de\/wp-json\/wp\/v2\/media?parent=45418"}],"wp:term":[{"taxonomy":"product_brand","embeddable":true,"href":"https:\/\/www.industrialwood.nl\/de\/wp-json\/wp\/v2\/product_brand?post=45418"},{"taxonomy":"product_cat","embeddable":true,"href":"https:\/\/www.industrialwood.nl\/de\/wp-json\/wp\/v2\/product_cat?post=45418"},{"taxonomy":"product_tag","embeddable":true,"href":"https:\/\/www.industrialwood.nl\/de\/wp-json\/wp\/v2\/product_tag?post=45418"},{"taxonomy":"seizoen","embeddable":true,"href":"https:\/\/www.industrialwood.nl\/de\/wp-json\/wp\/v2\/seizoen?post=45418"},{"taxonomy":"bloemensoort","embeddable":true,"href":"https:\/\/www.industrialwood.nl\/de\/wp-json\/wp\/v2\/bloemensoort?post=45418"},{"taxonomy":"samenstelling","embeddable":true,"href":"https:\/\/www.industrialwood.nl\/de\/wp-json\/wp\/v2\/samenstelling?post=45418"},{"taxonomy":"shop-per-kamer","embeddable":true,"href":"https:\/\/www.industrialwood.nl\/de\/wp-json\/wp\/v2\/shop-per-kamer?post=45418"},{"taxonomy":"indooroutdoor","embeddable":true,"href":"https:\/\/www.industrialwood.nl\/de\/wp-json\/wp\/v2\/indooroutdoor?post=45418"},{"taxonomy":"vorm","embeddable":true,"href":"https:\/\/www.industrialwood.nl\/de\/wp-json\/wp\/v2\/vorm?post=45418"},{"taxonomy":"duurzaam","embeddable":true,"href":"https:\/\/www.industrialwood.nl\/de\/wp-json\/wp\/v2\/duurzaam?post=45418"},{"taxonomy":"productafmetingen","embeddable":true,"href":"https:\/\/www.industrialwood.nl\/de\/wp-json\/wp\/v2\/productafmetingen?post=45418"},{"taxonomy":"stijl","embeddable":true,"href":"https:\/\/www.industrialwood.nl\/de\/wp-json\/wp\/v2\/stijl?post=45418"},{"taxonomy":"merk","embeddable":true,"href":"https:\/\/www.industrialwood.nl\/de\/wp-json\/wp\/v2\/merk?post=45418"},{"taxonomy":"materiaal","embeddable":true,"href":"https:\/\/www.industrialwood.nl\/de\/wp-json\/wp\/v2\/materiaal?post=45418"},{"taxonomy":"materiaal-schaaltje","embeddable":true,"href":"https:\/\/www.industrialwood.nl\/de\/wp-json\/wp\/v2\/materiaal-schaaltje?post=45418"},{"taxonomy":"geur","embeddable":true,"href":"https:\/\/www.industrialwood.nl\/de\/wp-json\/wp\/v2\/geur?post=45418"},{"taxonomy":"product-type","embeddable":true,"href":"https:\/\/www.industrialwood.nl\/de\/wp-json\/wp\/v2\/product-type?post=45418"},{"taxonomy":"beoordeling","embeddable":true,"href":"https:\/\/www.industrialwood.nl\/de\/wp-json\/wp\/v2\/beoordeling?post=45418"},{"taxonomy":"uitsparingen","embeddable":true,"href":"https:\/\/www.industrialwood.nl\/de\/wp-json\/wp\/v2\/uitsparingen?post=45418"},{"taxonomy":"houtsoort","embeddable":true,"href":"https:\/\/www.industrialwood.nl\/de\/wp-json\/wp\/v2\/houtsoort?post=45418"},{"taxonomy":"breedte","embeddable":true,"href":"https:\/\/www.industrialwood.nl\/de\/wp-json\/wp\/v2\/breedte?post=45418"},{"taxonomy":"badplanken-lengte","embeddable":true,"href":"https:\/\/www.industrialwood.nl\/de\/wp-json\/wp\/v2\/badplanken-lengte?post=45418"},{"taxonomy":"kleur","embeddable":true,"href":"https:\/\/www.industrialwood.nl\/de\/wp-json\/wp\/v2\/kleur?post=45418"}],"curies":[{"name":"wp","href":"https:\/\/api.w.org\/{rel}","templated":true}]}}