{"id":44671,"date":"2023-06-15T08:11:36","date_gmt":"2023-06-15T07:11:36","guid":{"rendered":"https:\/\/www.industrialwood.nl\/amber-block-amber\/"},"modified":"2026-04-07T08:47:02","modified_gmt":"2026-04-07T06:47:02","slug":"amber-block-amber","status":"publish","type":"product","link":"https:\/\/www.industrialwood.nl\/de\/amber-block-amber\/","title":{"rendered":"<br>Amber Block | Amber"},"content":{"rendered":"","protected":false},"excerpt":{"rendered":"<p>Wenn Sie Bernsteinw\u00fcrfel noch nicht kennen, dann wissen Sie (leider) nicht, was Sie verpassen. Der magische Duft ist schwer zu beschreiben und muss wirklich selbst erlebt werden. Dieser Bernsteinblock stammt aus Marokko\/Marrakesch und wird auf traditionelle Weise von Hand hergestellt. Daher kann jeder Bernsteinblock manchmal leicht in Form, Farbe und\/oder Gewicht abweichen.<\/p>\n<p>Ein Bernsteinblock aus Bernstein, was soll man damit machen? Wir verraten es Ihnen, denn Sie k\u00f6nnen diese auf verschiedene Weise verwenden. Stellen Sie ihn zum Beispiel auf die Toilette oder in den W\u00e4scheschrank. Legen Sie den Bernsteinw\u00fcrfel auf eine passende Schale oder zerbr\u00f6seln Sie ihn zu Pulver und geben Sie ihn in Ihren Staubsaugerbeutel. Au\u00dferdem k\u00f6nnen Sie ihn immer noch mit einem sch\u00f6nen hei\u00dfen Bad kombinieren, indem Sie den Bernsteinw\u00fcrfel auf eine passende Schale in Ihrem <a href=\"https:\/\/www.industrialwood.nl\/de\/badebrett\/\">Badregal<\/a> legen.<\/p>\n<p>Der Duft eines Bernsteinblocks bleibt bis zu einem Jahr lang erhalten. Wenn der Geruch nachl\u00e4sst, k\u00f6nnen Sie etwas davon abkratzen, um es z.B. in einem Duftbrenner zu verwenden. Entspannen Sie sich vollkommen mit diesem herrlichen Duft!<\/p>\n<p><strong>Gr\u00f6\u00dfe<\/strong>: 4 cm x 3,5 cm x 1,5 cm<br \/>\n<strong>Duft<\/strong>: Amber (dies ist der Originalduft der Bernsteinw\u00fcrfel, aus denen die W\u00fcrfel hergestellt wurden, ein besonderer warmer, s\u00fc\u00dfer orientalischer Duft)<\/p>\n","protected":false},"featured_media":37962,"comment_status":"open","ping_status":"closed","template":"","meta":[],"product_brand":[],"product_cat":[392,686,395],"product_tag":[],"seizoen":[543,545,544,546],"bloemensoort":[],"samenstelling":[],"shop-per-kamer":[551,552,550,553,549],"indooroutdoor":[555],"vorm":[563,562,560,561],"duurzaam":[565],"productafmetingen":[],"stijl":[574,571,575,573,572],"merk":[576],"materiaal":[],"materiaal-schaaltje":[],"geur":[630,629,634],"product-type":[635],"beoordeling":[640,641,642],"uitsparingen":[],"houtsoort":[],"breedte":[],"badplanken-lengte":[],"kleur":[665,667],"class_list":{"0":"post-44671","1":"product","2":"type-product","3":"status-publish","4":"has-post-thumbnail","6":"product_cat-andere","7":"product_cat-geschenk","8":"product_cat-naturliche-tone","9":"seizoen-lente-de","10":"seizoen-herfst-de","11":"seizoen-zomer-de","12":"seizoen-winter-de","13":"shop-per-kamer-badkamer-de","14":"shop-per-kamer-hal-de","15":"shop-per-kamer-keuken-de","16":"shop-per-kamer-slaapkamer-de","17":"shop-per-kamer-woonkamer-de","18":"indooroutdoor-indoor-de","19":"vorm-organisch-de","20":"vorm-recht-de","21":"vorm-vierkant-de","22":"vorm-rechthoek-de","23":"duurzaam-ja-de","24":"stijl-bohemian-de","25":"stijl-hotel-chique-de","26":"stijl-japandi-de","27":"stijl-modern-de","28":"stijl-scandinavisch-de","29":"merk-industrialwood-de","30":"geur-luxe-en-fris-de","31":"geur-luxe-en-zacht-de","32":"geur-warm-de","33":"product-type-amberblokje-de","34":"beoordeling-three-star-de","35":"beoordeling-four-star-de","36":"beoordeling-five-star-de","37":"kleur-ginger-de","38":"kleur-oranje-de","40":"first","41":"outofstock","42":"taxable","43":"shipping-taxable","44":"purchasable","45":"product-type-simple"},"supplier_id":null,"supplier_sku":"","barcode":null,"atum_controlled":true,"out_stock_date":"2026-04-07 08:47:02","out_stock_threshold":null,"inheritable":false,"inbound_stock":0,"stock_on_hold":0,"sold_today":0,"sales_last_days":1,"reserved_stock":0,"customer_returns":0,"warehouse_damage":0,"lost_in_post":0,"other_logs":0,"out_stock_days":16,"lost_sales":11,"has_location":false,"update_date":"2026-04-23T11:58:17","atum_locations":[],"atum_stock_status":"instock","restock_status":false,"low_stock_amount":"","sales_update_date":"2026-04-23T11:58:17","calc_backorders":null,"_links":{"self":[{"href":"https:\/\/www.industrialwood.nl\/de\/wp-json\/wp\/v2\/product\/44671","targetHints":{"allow":["GET"]}}],"collection":[{"href":"https:\/\/www.industrialwood.nl\/de\/wp-json\/wp\/v2\/product"}],"about":[{"href":"https:\/\/www.industrialwood.nl\/de\/wp-json\/wp\/v2\/types\/product"}],"replies":[{"embeddable":true,"href":"https:\/\/www.industrialwood.nl\/de\/wp-json\/wp\/v2\/comments?post=44671"}],"wp:featuredmedia":[{"embeddable":true,"href":"https:\/\/www.industrialwood.nl\/de\/wp-json\/wp\/v2\/media\/37962"}],"wp:attachment":[{"href":"https:\/\/www.industrialwood.nl\/de\/wp-json\/wp\/v2\/media?parent=44671"}],"wp:term":[{"taxonomy":"product_brand","embeddable":true,"href":"https:\/\/www.industrialwood.nl\/de\/wp-json\/wp\/v2\/product_brand?post=44671"},{"taxonomy":"product_cat","embeddable":true,"href":"https:\/\/www.industrialwood.nl\/de\/wp-json\/wp\/v2\/product_cat?post=44671"},{"taxonomy":"product_tag","embeddable":true,"href":"https:\/\/www.industrialwood.nl\/de\/wp-json\/wp\/v2\/product_tag?post=44671"},{"taxonomy":"seizoen","embeddable":true,"href":"https:\/\/www.industrialwood.nl\/de\/wp-json\/wp\/v2\/seizoen?post=44671"},{"taxonomy":"bloemensoort","embeddable":true,"href":"https:\/\/www.industrialwood.nl\/de\/wp-json\/wp\/v2\/bloemensoort?post=44671"},{"taxonomy":"samenstelling","embeddable":true,"href":"https:\/\/www.industrialwood.nl\/de\/wp-json\/wp\/v2\/samenstelling?post=44671"},{"taxonomy":"shop-per-kamer","embeddable":true,"href":"https:\/\/www.industrialwood.nl\/de\/wp-json\/wp\/v2\/shop-per-kamer?post=44671"},{"taxonomy":"indooroutdoor","embeddable":true,"href":"https:\/\/www.industrialwood.nl\/de\/wp-json\/wp\/v2\/indooroutdoor?post=44671"},{"taxonomy":"vorm","embeddable":true,"href":"https:\/\/www.industrialwood.nl\/de\/wp-json\/wp\/v2\/vorm?post=44671"},{"taxonomy":"duurzaam","embeddable":true,"href":"https:\/\/www.industrialwood.nl\/de\/wp-json\/wp\/v2\/duurzaam?post=44671"},{"taxonomy":"productafmetingen","embeddable":true,"href":"https:\/\/www.industrialwood.nl\/de\/wp-json\/wp\/v2\/productafmetingen?post=44671"},{"taxonomy":"stijl","embeddable":true,"href":"https:\/\/www.industrialwood.nl\/de\/wp-json\/wp\/v2\/stijl?post=44671"},{"taxonomy":"merk","embeddable":true,"href":"https:\/\/www.industrialwood.nl\/de\/wp-json\/wp\/v2\/merk?post=44671"},{"taxonomy":"materiaal","embeddable":true,"href":"https:\/\/www.industrialwood.nl\/de\/wp-json\/wp\/v2\/materiaal?post=44671"},{"taxonomy":"materiaal-schaaltje","embeddable":true,"href":"https:\/\/www.industrialwood.nl\/de\/wp-json\/wp\/v2\/materiaal-schaaltje?post=44671"},{"taxonomy":"geur","embeddable":true,"href":"https:\/\/www.industrialwood.nl\/de\/wp-json\/wp\/v2\/geur?post=44671"},{"taxonomy":"product-type","embeddable":true,"href":"https:\/\/www.industrialwood.nl\/de\/wp-json\/wp\/v2\/product-type?post=44671"},{"taxonomy":"beoordeling","embeddable":true,"href":"https:\/\/www.industrialwood.nl\/de\/wp-json\/wp\/v2\/beoordeling?post=44671"},{"taxonomy":"uitsparingen","embeddable":true,"href":"https:\/\/www.industrialwood.nl\/de\/wp-json\/wp\/v2\/uitsparingen?post=44671"},{"taxonomy":"houtsoort","embeddable":true,"href":"https:\/\/www.industrialwood.nl\/de\/wp-json\/wp\/v2\/houtsoort?post=44671"},{"taxonomy":"breedte","embeddable":true,"href":"https:\/\/www.industrialwood.nl\/de\/wp-json\/wp\/v2\/breedte?post=44671"},{"taxonomy":"badplanken-lengte","embeddable":true,"href":"https:\/\/www.industrialwood.nl\/de\/wp-json\/wp\/v2\/badplanken-lengte?post=44671"},{"taxonomy":"kleur","embeddable":true,"href":"https:\/\/www.industrialwood.nl\/de\/wp-json\/wp\/v2\/kleur?post=44671"}],"curies":[{"name":"wp","href":"https:\/\/api.w.org\/{rel}","templated":true}]}}