{"id":103910,"date":"2026-05-08T23:43:26","date_gmt":"2026-05-08T21:43:26","guid":{"rendered":"https:\/\/www.industrialwood.nl\/komplettes-set-joya\/"},"modified":"2026-05-08T23:43:26","modified_gmt":"2026-05-08T21:43:26","slug":"komplettes-set-joya","status":"publish","type":"product","link":"https:\/\/www.industrialwood.nl\/de\/komplettes-set-joya\/","title":{"rendered":"Komplettes Set | Joya"},"content":{"rendered":"","protected":false},"excerpt":{"rendered":"<p data-section-id=\"w7kcty\" data-start=\"0\" data-end=\"78\"><strong>Komplettset Joya &#8211; warmes Beige mit Blumen &amp; Muscheln<br \/>\n<\/strong>Sie suchen nach einem so sch\u00f6nen Set, das Ihr Wohnzimmer sofort gem\u00fctlich und stilvoll macht? \u2728 Dann ist das <strong data-start=\"176\" data-end=\"197\">Komplettset Joya <\/strong>wirklich ein Traumset f\u00fcr Ihre Einrichtung! Diese sorgf\u00e4ltig zusammengestellte Kombination aus sanften Beiget\u00f6nen, warmen Braunt\u00f6nen und organischen Formen schafft sofort einen ruhigen, luxuri\u00f6sen Look.  <\/p>\n<p data-start=\"393\" data-end=\"817\">Das braune Tablett bildet die perfekte Basis, auf der alle Elemente sch\u00f6n zusammenkommen. Die beliebte <strong data-start=\"489\" data-end=\"506\">Vase Louise L<\/strong> stiehlt mit ihren eleganten und organischen Linien allen die Show. Das wei\u00dfe <strong data-start=\"582\" data-end=\"605\">Blumenbouquet Kiku<\/strong> verleiht dem Set einen frischen, weichen Touch und schafft sofort H\u00f6he und Atmosph\u00e4re. Der geliebte <strong data-start=\"696\" data-end=\"726\">Flower M Teelichthalter<\/strong>, handgefertigt aus Muscheln, vervollst\u00e4ndigt das Set mit einem warmen und gem\u00fctlichen Licht \u2728.   <\/p>\n<p data-start=\"819\" data-end=\"1049\">Dieses komplette Styling-Set passt perfekt zu einer Einrichtung im Japandi, Modern, Beige oder Hotel-Chic und ist ideal f\u00fcr einen Couchtisch, ein Sideboard oder einen Esstisch. Das Sch\u00f6ne daran? Sie stellen dieses Set mit einem Handgriff hin und schon ist alles richtig \ud83d\ude0d.  <\/p>\n<p data-section-id=\"snl9vv\" data-start=\"1051\" data-end=\"1075\"><strong>Inhalt des Sets Joya:<\/strong><\/p>\n<ul data-start=\"1077\" data-end=\"1186\">\n<li data-section-id=\"fxkq8z\" data-start=\"1077\" data-end=\"1100\">1x Tablett braun M<\/li>\n<li data-section-id=\"kg92jl\" data-start=\"1101\" data-end=\"1121\">1x Vase Louise L<\/li>\n<li data-section-id=\"1518b2f\" data-start=\"1122\" data-end=\"1152\">1x Kiku Blumenstrau\u00df wei\u00df<\/li>\n<li data-section-id=\"5vgwke\" data-start=\"1153\" data-end=\"1186\">1x Blume Teelichthalter M<\/li>\n<\/ul>\n<p data-section-id=\"1jz8g97\" data-start=\"1193\" data-end=\"1228\"><strong>Warum Sie das Set Joya wollen:<\/strong><\/p>\n<ul>\n<li>Auf einmal eine sch\u00f6n gestaltete Ecke im Haus \u2728.<\/li>\n<li data-start=\"1230\" data-end=\"1575\">Mischung aus Keramik, Muscheln und zarten Blumen \ud83c\udf38.<\/li>\n<li data-start=\"1230\" data-end=\"1575\">Organische Formen f\u00fcr einen warmen und stimmungsvollen Look<\/li>\n<li data-start=\"1230\" data-end=\"1575\">Ideal f\u00fcr einen Couchtisch, ein Sideboard oder einen Beistelltisch<\/li>\n<\/ul>\n<p>&nbsp;<\/p>\n<p><strong>Abmessungen<\/strong>: <strong>Vase<\/strong>: 20&#215;25,5 cm | <strong>Tablett<\/strong>: 37&#215;37 cm | <strong>Teelichthalter<\/strong>: ca. 10&#215;7 cm | <strong>Kiku Blumen<\/strong>: 52 cm<br \/>\n<strong>Material<\/strong>: Metall | Muscheln | Keramik<br \/>\n<strong>Farbe<\/strong>: Beige | Braun | Wei\u00df<\/p>\n","protected":false},"featured_media":103912,"comment_status":"open","ping_status":"closed","template":"","meta":[],"product_brand":[],"product_cat":[400,715,418,402,424,420,395,422],"product_tag":[],"seizoen":[543,545,544,546],"bloemensoort":[],"samenstelling":[],"shop-per-kamer":[549],"indooroutdoor":[555],"vorm":[563,557],"duurzaam":[565],"productafmetingen":[569,568,567],"stijl":[574,571,575,573,572],"merk":[576],"materiaal":[611,614,619],"materiaal-schaaltje":[],"geur":[],"product-type":[],"beoordeling":[640,641,642],"uitsparingen":[],"houtsoort":[],"breedte":[],"badplanken-lengte":[],"kleur":[657,663],"class_list":{"0":"post-103910","1":"product","2":"type-product","3":"status-publish","4":"has-post-thumbnail","6":"product_cat-boheme-wohnzimmer","7":"product_cat-das-set-kaufen","8":"product_cat-hotel-chic-wohnzimmer","9":"product_cat-japandi-wohnzimmer","10":"product_cat-landwohnzimmer","11":"product_cat-modernes-wohnzimmer","12":"product_cat-naturliche-tone","13":"product_cat-skandinavisches-wohnzimmer","14":"seizoen-lente-de","15":"seizoen-herfst-de","16":"seizoen-zomer-de","17":"seizoen-winter-de","18":"shop-per-kamer-woonkamer-de","19":"indooroutdoor-indoor-de","20":"vorm-organisch-de","21":"vorm-rond-de","22":"duurzaam-ja-de","23":"productafmetingen-l-de","24":"productafmetingen-m-de","25":"productafmetingen-s-de","26":"stijl-bohemian-de","27":"stijl-hotel-chique-de","28":"stijl-japandi-de","29":"stijl-modern-de","30":"stijl-scandinavisch-de","31":"merk-industrialwood-de","32":"materiaal-keramiek-de","33":"materiaal-metaal-de","34":"materiaal-schelp-de","35":"beoordeling-three-star-de","36":"beoordeling-four-star-de","37":"beoordeling-five-star-de","38":"kleur-beige-de","39":"kleur-bruin-de","41":"first","42":"instock","43":"sale","44":"taxable","45":"shipping-taxable","46":"purchasable","47":"product-type-simple"},"supplier_id":null,"supplier_sku":"","barcode":null,"atum_controlled":true,"out_stock_date":null,"out_stock_threshold":null,"inheritable":false,"inbound_stock":0,"stock_on_hold":0,"sold_today":0,"sales_last_days":0,"reserved_stock":0,"customer_returns":0,"warehouse_damage":0,"lost_in_post":0,"other_logs":0,"out_stock_days":0,"lost_sales":0,"has_location":false,"update_date":"2026-05-08T21:44:02","atum_locations":[],"atum_stock_status":"instock","restock_status":false,"low_stock_amount":"","sales_update_date":"2026-05-08T21:44:02","calc_backorders":null,"_links":{"self":[{"href":"https:\/\/www.industrialwood.nl\/de\/wp-json\/wp\/v2\/product\/103910","targetHints":{"allow":["GET"]}}],"collection":[{"href":"https:\/\/www.industrialwood.nl\/de\/wp-json\/wp\/v2\/product"}],"about":[{"href":"https:\/\/www.industrialwood.nl\/de\/wp-json\/wp\/v2\/types\/product"}],"replies":[{"embeddable":true,"href":"https:\/\/www.industrialwood.nl\/de\/wp-json\/wp\/v2\/comments?post=103910"}],"wp:featuredmedia":[{"embeddable":true,"href":"https:\/\/www.industrialwood.nl\/de\/wp-json\/wp\/v2\/media\/103912"}],"wp:attachment":[{"href":"https:\/\/www.industrialwood.nl\/de\/wp-json\/wp\/v2\/media?parent=103910"}],"wp:term":[{"taxonomy":"product_brand","embeddable":true,"href":"https:\/\/www.industrialwood.nl\/de\/wp-json\/wp\/v2\/product_brand?post=103910"},{"taxonomy":"product_cat","embeddable":true,"href":"https:\/\/www.industrialwood.nl\/de\/wp-json\/wp\/v2\/product_cat?post=103910"},{"taxonomy":"product_tag","embeddable":true,"href":"https:\/\/www.industrialwood.nl\/de\/wp-json\/wp\/v2\/product_tag?post=103910"},{"taxonomy":"seizoen","embeddable":true,"href":"https:\/\/www.industrialwood.nl\/de\/wp-json\/wp\/v2\/seizoen?post=103910"},{"taxonomy":"bloemensoort","embeddable":true,"href":"https:\/\/www.industrialwood.nl\/de\/wp-json\/wp\/v2\/bloemensoort?post=103910"},{"taxonomy":"samenstelling","embeddable":true,"href":"https:\/\/www.industrialwood.nl\/de\/wp-json\/wp\/v2\/samenstelling?post=103910"},{"taxonomy":"shop-per-kamer","embeddable":true,"href":"https:\/\/www.industrialwood.nl\/de\/wp-json\/wp\/v2\/shop-per-kamer?post=103910"},{"taxonomy":"indooroutdoor","embeddable":true,"href":"https:\/\/www.industrialwood.nl\/de\/wp-json\/wp\/v2\/indooroutdoor?post=103910"},{"taxonomy":"vorm","embeddable":true,"href":"https:\/\/www.industrialwood.nl\/de\/wp-json\/wp\/v2\/vorm?post=103910"},{"taxonomy":"duurzaam","embeddable":true,"href":"https:\/\/www.industrialwood.nl\/de\/wp-json\/wp\/v2\/duurzaam?post=103910"},{"taxonomy":"productafmetingen","embeddable":true,"href":"https:\/\/www.industrialwood.nl\/de\/wp-json\/wp\/v2\/productafmetingen?post=103910"},{"taxonomy":"stijl","embeddable":true,"href":"https:\/\/www.industrialwood.nl\/de\/wp-json\/wp\/v2\/stijl?post=103910"},{"taxonomy":"merk","embeddable":true,"href":"https:\/\/www.industrialwood.nl\/de\/wp-json\/wp\/v2\/merk?post=103910"},{"taxonomy":"materiaal","embeddable":true,"href":"https:\/\/www.industrialwood.nl\/de\/wp-json\/wp\/v2\/materiaal?post=103910"},{"taxonomy":"materiaal-schaaltje","embeddable":true,"href":"https:\/\/www.industrialwood.nl\/de\/wp-json\/wp\/v2\/materiaal-schaaltje?post=103910"},{"taxonomy":"geur","embeddable":true,"href":"https:\/\/www.industrialwood.nl\/de\/wp-json\/wp\/v2\/geur?post=103910"},{"taxonomy":"product-type","embeddable":true,"href":"https:\/\/www.industrialwood.nl\/de\/wp-json\/wp\/v2\/product-type?post=103910"},{"taxonomy":"beoordeling","embeddable":true,"href":"https:\/\/www.industrialwood.nl\/de\/wp-json\/wp\/v2\/beoordeling?post=103910"},{"taxonomy":"uitsparingen","embeddable":true,"href":"https:\/\/www.industrialwood.nl\/de\/wp-json\/wp\/v2\/uitsparingen?post=103910"},{"taxonomy":"houtsoort","embeddable":true,"href":"https:\/\/www.industrialwood.nl\/de\/wp-json\/wp\/v2\/houtsoort?post=103910"},{"taxonomy":"breedte","embeddable":true,"href":"https:\/\/www.industrialwood.nl\/de\/wp-json\/wp\/v2\/breedte?post=103910"},{"taxonomy":"badplanken-lengte","embeddable":true,"href":"https:\/\/www.industrialwood.nl\/de\/wp-json\/wp\/v2\/badplanken-lengte?post=103910"},{"taxonomy":"kleur","embeddable":true,"href":"https:\/\/www.industrialwood.nl\/de\/wp-json\/wp\/v2\/kleur?post=103910"}],"curies":[{"name":"wp","href":"https:\/\/api.w.org\/{rel}","templated":true}]}}