{"id":103808,"date":"2026-05-07T08:22:25","date_gmt":"2026-05-07T06:22:25","guid":{"rendered":"https:\/\/www.industrialwood.nl\/?post_type=product&#038;p=103808"},"modified":"2026-05-07T08:52:12","modified_gmt":"2026-05-07T06:52:12","slug":"teelichthalter-papua-muscheln-beige-l-kopie","status":"publish","type":"product","link":"https:\/\/www.industrialwood.nl\/de\/teelichthalter-papua-muscheln-beige-l-kopie\/","title":{"rendered":"Teelichthalter | Papua Muscheln | Beige | M"},"content":{"rendered":"<p data-start=\"0\" data-end=\"284\">Dieser <strong data-start=\"32\" data-end=\"62\">Muschel-Teelichthalter<\/strong> ist ein echter Blickfang f\u00fcr Ihre Einrichtung! Handgefertigt aus echten Papua-Muscheln und in sanften Beige- und Naturt\u00f6nen, perfekt f\u00fcr ein warmes und ruhiges Interieur mit Japandi-, Boho- oder Strand-Ambiente. Dank der nat\u00fcrlichen Muscheln und der einzigartigen Form verleiht dieser Teelichthalter aus Muscheln Ihrem Couchtisch, Ihrem Sideboard oder Ihrer Kommode sofortige Atmosph\u00e4re. Ein angez\u00fcndetes Teelicht erzeugt ein wundersch\u00f6nes warmes Lichtspiel \ud83d\ude0d Aber auch ohne Kerze ist dies ein super s\u00fc\u00dfer Dekoartikel, der Ihre Einrichtung sofort gem\u00fctlicher macht.   <\/p>\n<p data-start=\"658\" data-end=\"862\">Jeder handgefertigte Teelichthalter ist dank der echten Muscheln und der Handwerkskunst einzigartig. Keine zwei St\u00fccke sind genau gleich und genau das macht dieses Wohnaccessoire so besonders \ud83e\udd0d. <\/p>\n<p data-section-id=\"1wskdnb\" data-start=\"864\" data-end=\"922\"><strong>Warum Sie diesen Muschel-Teelichthalter haben m\u00f6chten:<\/strong><\/p>\n<ul>\n<li data-start=\"924\" data-end=\"1285\">Handgefertigt aus echten Papuamuscheln<\/li>\n<li data-start=\"924\" data-end=\"1285\">Perfekt f\u00fcr ein Japandi, Boho oder nat\u00fcrliches Interieur<\/li>\n<li data-start=\"924\" data-end=\"1285\">Auch in einer Variante mit <a href=\"https:\/\/www.industrialwood.nl\/waxinelichthouder-schelpen-flower-wit\/\">Blumen<\/a> und <a href=\"https:\/\/www.industrialwood.nl\/waxinelichthouder-schelpen-nassa-wit\/\">Nesseln<\/a> erh\u00e4ltlich<\/li>\n<li data-start=\"924\" data-end=\"1285\">Sch\u00f6n zu kombinieren mit dem <a href=\"https:\/\/www.industrialwood.nl\/waxinelichthouder-papua-schelpen-beige-s\/\">gr\u00f6\u00dferen Format<\/a><\/li>\n<li data-start=\"924\" data-end=\"1285\">\ud83c\udf81 Auch super zum Verschenken geeignet!<\/li>\n<\/ul>\n<p>&nbsp;<\/p>\n<p><strong>Ma\u00dfe<\/strong>: 10 x 6 cm<br \/>\n<strong>Material<\/strong>: Papua-Muscheln<br \/>\n<strong>Farbe<\/strong>: Beige | Natur<\/p>\n","protected":false},"excerpt":{"rendered":"<p>SO s\u00fc\u00df! \ud83d\udc1a Dieser <strong>Muschel-Teelichthalter<\/strong> ist ein echter Blickfang! Handgefertigt aus echten Papua-Muscheln und voller Charme, ist dies der letzte Schliff f\u00fcr Ihre Lieblingsecke. Perfekt f\u00fcr alle, die nat\u00fcrliche Materialien, Beiget\u00f6ne und einen Boho-, Japandi- oder Strand-Look lieben \u2728 Mit einem Teelicht im Inneren kommt das warme, tanzende Licht wundersch\u00f6n durch die Muscheln. Aber auch ohne Kerze ist dies ein wundersch\u00f6nes Dekorationsobjekt, das Sie gl\u00fccklich machen wird \ud83d\ude0d    <\/p>\n<p><strong>Warum Sie dieses Must-Have in Ihrem Zuhause haben sollten:<\/strong><\/p>\n<ul>\n<li>Handgefertigt aus echten Muscheln, jedes Exemplar ist einzigartig<\/li>\n<li>Ideal f\u00fcr eine nat\u00fcrliche, ruhige Atmosph\u00e4re<\/li>\n<li>Auch in einer Variante mit <a href=\"https:\/\/www.industrialwood.nl\/waxinelichthouder-schelpen-flower-wit\/\">Blumen<\/a> und <a href=\"https:\/\/www.industrialwood.nl\/waxinelichthouder-schelpen-nassa-wit\/\">Nesseln<\/a> erh\u00e4ltlich<\/li>\n<li>\ud83c\udf81 Auch super s\u00fc\u00df als originelles Geschenk!<\/li>\n<\/ul>\n<p>&nbsp;<\/p>\n<p><strong>Ma\u00dfe<\/strong>: ca. 9 x 6 cm<br \/>\n<strong>Material<\/strong>: Papua-Muscheln<br \/>\n<strong>Farbe<\/strong>: Beige | Natur<\/p>\n<p>&nbsp;<\/p>\n","protected":false},"featured_media":103811,"comment_status":"open","ping_status":"closed","template":"","meta":[],"product_brand":[],"product_cat":[393,400,401,504,404,402,424,395,483,482,422,414,396],"product_tag":[],"seizoen":[543,545,544,546],"bloemensoort":[],"samenstelling":[],"shop-per-kamer":[551,549],"indooroutdoor":[555],"vorm":[557],"duurzaam":[565],"productafmetingen":[569,568,567],"stijl":[574,575,572],"merk":[576],"materiaal":[619],"materiaal-schaaltje":[],"geur":[],"product-type":[],"beoordeling":[640,641,642],"uitsparingen":[],"houtsoort":[],"breedte":[],"badplanken-lengte":[],"kleur":[657],"class_list":{"0":"post-103808","1":"product","2":"type-product","3":"status-publish","4":"has-post-thumbnail","6":"product_cat-badezimmer","7":"product_cat-boheme-wohnzimmer","8":"product_cat-bohmisches-badezimmer","9":"product_cat-drausen","10":"product_cat-japandi-badezimmer","11":"product_cat-japandi-wohnzimmer","12":"product_cat-landwohnzimmer","13":"product_cat-naturliche-tone","14":"product_cat-rustikales-badezimmer","15":"product_cat-skandinavisches-badezimmer","16":"product_cat-skandinavisches-wohnzimmer","17":"product_cat-teelichthalter","18":"product_cat-wohnzimmer","19":"seizoen-lente-de","20":"seizoen-herfst-de","21":"seizoen-zomer-de","22":"seizoen-winter-de","23":"shop-per-kamer-badkamer-de","24":"shop-per-kamer-woonkamer-de","25":"indooroutdoor-indoor-de","26":"vorm-rond-de","27":"duurzaam-ja-de","28":"productafmetingen-l-de","29":"productafmetingen-m-de","30":"productafmetingen-s-de","31":"stijl-bohemian-de","32":"stijl-japandi-de","33":"stijl-scandinavisch-de","34":"merk-industrialwood-de","35":"materiaal-schelp-de","36":"beoordeling-three-star-de","37":"beoordeling-four-star-de","38":"beoordeling-five-star-de","39":"kleur-beige-de","41":"first","42":"instock","43":"taxable","44":"shipping-taxable","45":"purchasable","46":"product-type-simple"},"supplier_id":null,"supplier_sku":"","barcode":null,"atum_controlled":true,"out_stock_date":null,"out_stock_threshold":null,"inheritable":false,"inbound_stock":null,"stock_on_hold":null,"sold_today":null,"sales_last_days":null,"reserved_stock":null,"customer_returns":null,"warehouse_damage":null,"lost_in_post":null,"other_logs":null,"out_stock_days":null,"lost_sales":null,"has_location":false,"update_date":"2026-05-07T06:51:19","atum_locations":[],"atum_stock_status":"instock","restock_status":false,"low_stock_amount":"","sales_update_date":"2026-05-06T15:00:23","calc_backorders":null,"_links":{"self":[{"href":"https:\/\/www.industrialwood.nl\/de\/wp-json\/wp\/v2\/product\/103808","targetHints":{"allow":["GET"]}}],"collection":[{"href":"https:\/\/www.industrialwood.nl\/de\/wp-json\/wp\/v2\/product"}],"about":[{"href":"https:\/\/www.industrialwood.nl\/de\/wp-json\/wp\/v2\/types\/product"}],"replies":[{"embeddable":true,"href":"https:\/\/www.industrialwood.nl\/de\/wp-json\/wp\/v2\/comments?post=103808"}],"wp:featuredmedia":[{"embeddable":true,"href":"https:\/\/www.industrialwood.nl\/de\/wp-json\/wp\/v2\/media\/103811"}],"wp:attachment":[{"href":"https:\/\/www.industrialwood.nl\/de\/wp-json\/wp\/v2\/media?parent=103808"}],"wp:term":[{"taxonomy":"product_brand","embeddable":true,"href":"https:\/\/www.industrialwood.nl\/de\/wp-json\/wp\/v2\/product_brand?post=103808"},{"taxonomy":"product_cat","embeddable":true,"href":"https:\/\/www.industrialwood.nl\/de\/wp-json\/wp\/v2\/product_cat?post=103808"},{"taxonomy":"product_tag","embeddable":true,"href":"https:\/\/www.industrialwood.nl\/de\/wp-json\/wp\/v2\/product_tag?post=103808"},{"taxonomy":"seizoen","embeddable":true,"href":"https:\/\/www.industrialwood.nl\/de\/wp-json\/wp\/v2\/seizoen?post=103808"},{"taxonomy":"bloemensoort","embeddable":true,"href":"https:\/\/www.industrialwood.nl\/de\/wp-json\/wp\/v2\/bloemensoort?post=103808"},{"taxonomy":"samenstelling","embeddable":true,"href":"https:\/\/www.industrialwood.nl\/de\/wp-json\/wp\/v2\/samenstelling?post=103808"},{"taxonomy":"shop-per-kamer","embeddable":true,"href":"https:\/\/www.industrialwood.nl\/de\/wp-json\/wp\/v2\/shop-per-kamer?post=103808"},{"taxonomy":"indooroutdoor","embeddable":true,"href":"https:\/\/www.industrialwood.nl\/de\/wp-json\/wp\/v2\/indooroutdoor?post=103808"},{"taxonomy":"vorm","embeddable":true,"href":"https:\/\/www.industrialwood.nl\/de\/wp-json\/wp\/v2\/vorm?post=103808"},{"taxonomy":"duurzaam","embeddable":true,"href":"https:\/\/www.industrialwood.nl\/de\/wp-json\/wp\/v2\/duurzaam?post=103808"},{"taxonomy":"productafmetingen","embeddable":true,"href":"https:\/\/www.industrialwood.nl\/de\/wp-json\/wp\/v2\/productafmetingen?post=103808"},{"taxonomy":"stijl","embeddable":true,"href":"https:\/\/www.industrialwood.nl\/de\/wp-json\/wp\/v2\/stijl?post=103808"},{"taxonomy":"merk","embeddable":true,"href":"https:\/\/www.industrialwood.nl\/de\/wp-json\/wp\/v2\/merk?post=103808"},{"taxonomy":"materiaal","embeddable":true,"href":"https:\/\/www.industrialwood.nl\/de\/wp-json\/wp\/v2\/materiaal?post=103808"},{"taxonomy":"materiaal-schaaltje","embeddable":true,"href":"https:\/\/www.industrialwood.nl\/de\/wp-json\/wp\/v2\/materiaal-schaaltje?post=103808"},{"taxonomy":"geur","embeddable":true,"href":"https:\/\/www.industrialwood.nl\/de\/wp-json\/wp\/v2\/geur?post=103808"},{"taxonomy":"product-type","embeddable":true,"href":"https:\/\/www.industrialwood.nl\/de\/wp-json\/wp\/v2\/product-type?post=103808"},{"taxonomy":"beoordeling","embeddable":true,"href":"https:\/\/www.industrialwood.nl\/de\/wp-json\/wp\/v2\/beoordeling?post=103808"},{"taxonomy":"uitsparingen","embeddable":true,"href":"https:\/\/www.industrialwood.nl\/de\/wp-json\/wp\/v2\/uitsparingen?post=103808"},{"taxonomy":"houtsoort","embeddable":true,"href":"https:\/\/www.industrialwood.nl\/de\/wp-json\/wp\/v2\/houtsoort?post=103808"},{"taxonomy":"breedte","embeddable":true,"href":"https:\/\/www.industrialwood.nl\/de\/wp-json\/wp\/v2\/breedte?post=103808"},{"taxonomy":"badplanken-lengte","embeddable":true,"href":"https:\/\/www.industrialwood.nl\/de\/wp-json\/wp\/v2\/badplanken-lengte?post=103808"},{"taxonomy":"kleur","embeddable":true,"href":"https:\/\/www.industrialwood.nl\/de\/wp-json\/wp\/v2\/kleur?post=103808"}],"curies":[{"name":"wp","href":"https:\/\/api.w.org\/{rel}","templated":true}]}}