{"id":103035,"date":"2026-04-27T22:30:57","date_gmt":"2026-04-27T20:30:57","guid":{"rendered":"https:\/\/www.industrialwood.nl\/kerzenhalter-blume-transparent-glas\/"},"modified":"2026-04-27T22:30:57","modified_gmt":"2026-04-27T20:30:57","slug":"kerzenhalter-blume-transparent-glas","status":"publish","type":"product","link":"https:\/\/www.industrialwood.nl\/de\/kerzenhalter-blume-transparent-glas\/","title":{"rendered":"Kerzenhalter | Blume | Transparent | Glas"},"content":{"rendered":"","protected":false},"excerpt":{"rendered":"<p data-section-id=\"w1qfez\" data-start=\"0\" data-end=\"86\"><strong>\ud83c\udf38 Teelichthalter Blume Glas &#8211; Handgefertigte Glasblume f\u00fcr stimmungsvolles Styling<br \/>\n<\/strong>Einer dieser Gegenst\u00e4nde, in die man sich sofort verliebt&#8230; \u2728 Dieser <strong data-start=\"139\" data-end=\"194\">blumenf\u00f6rmige Teelichthalter aus transparentem Glas<\/strong> vereint Zartheit, Eleganz und Atmosph\u00e4re in einem besonderen Wohnaccessoire. Die organischen Bl\u00fctenbl\u00e4tter und die raffinierte Form verleihen diesem Teelichthalter aus Glas einen luftigen, luxuri\u00f6sen Look, der sich wunderbar in fast jedes Interieur einf\u00fcgt: vom Japandi bis zum modernen Interieur. <\/p>\n<p>Dieser handgefertigte Teelichthalter aus Glas hat die Form einer zarten Blume, wodurch sich das Kerzenlicht wundersch\u00f6n in dem transparenten Glas spiegelt. Sobald Sie ein Teelicht anz\u00fcnden, entsteht ein warmes, funkelndes Gl\u00fchen. SO stimmungsvoll auf einem Couchtisch, Beistelltisch oder Tablett \ud83e\udd0d.  <\/p>\n<p data-section-id=\"1bgzoy7\" data-start=\"1225\" data-end=\"1287\"><strong>Warum Sie diesen Glasblumen-Teelichthalter haben m\u00f6chten:<\/strong><\/p>\n<ul>\n<li data-start=\"1289\" data-end=\"1636\">Handgefertigter Teelichthalter aus transparentem Glas<\/li>\n<li data-start=\"1289\" data-end=\"1636\">Elegante Blumenform mit organischen Details<\/li>\n<li data-start=\"1289\" data-end=\"1636\">Erzeugt ein sch\u00f6nes Lichtspiel und eine warme Atmosph\u00e4re \u2728.<\/li>\n<li data-start=\"1289\" data-end=\"1636\">Perfekt f\u00fcr Japandi, minimalistische und schicke Hotelinterieurs<\/li>\n<\/ul>\n<p>&nbsp;<\/p>\n<p><strong>Ma\u00dfe<\/strong>: 14 x 14 cm<br \/>\n<strong>Material<\/strong>: Glas<br \/>\n<strong>Farbe<\/strong>: Transparent<\/p>\n","protected":false},"featured_media":103036,"comment_status":"open","ping_status":"closed","template":"","meta":[],"product_brand":[],"product_cat":[400,418,402,424,420,395,422,414,396],"product_tag":[],"seizoen":[543,545,544,546],"bloemensoort":[],"samenstelling":[],"shop-per-kamer":[549],"indooroutdoor":[555],"vorm":[563],"duurzaam":[565],"productafmetingen":[569,568,567,566],"stijl":[574,571,575,573,572],"merk":[576],"materiaal":[608],"materiaal-schaaltje":[],"geur":[],"product-type":[],"beoordeling":[640,641,642],"uitsparingen":[],"houtsoort":[],"breedte":[],"badplanken-lengte":[],"kleur":[670],"class_list":{"0":"post-103035","1":"product","2":"type-product","3":"status-publish","4":"has-post-thumbnail","6":"product_cat-boheme-wohnzimmer","7":"product_cat-hotel-chic-wohnzimmer","8":"product_cat-japandi-wohnzimmer","9":"product_cat-landwohnzimmer","10":"product_cat-modernes-wohnzimmer","11":"product_cat-naturliche-tone","12":"product_cat-skandinavisches-wohnzimmer","13":"product_cat-teelichthalter","14":"product_cat-wohnzimmer","15":"seizoen-lente-de","16":"seizoen-herfst-de","17":"seizoen-zomer-de","18":"seizoen-winter-de","19":"shop-per-kamer-woonkamer-de","20":"indooroutdoor-indoor-de","21":"vorm-organisch-de","22":"duurzaam-ja-de","23":"productafmetingen-l-de","24":"productafmetingen-m-de","25":"productafmetingen-s-de","26":"productafmetingen-xs-de","27":"stijl-bohemian-de","28":"stijl-hotel-chique-de","29":"stijl-japandi-de","30":"stijl-modern-de","31":"stijl-scandinavisch-de","32":"merk-industrialwood-de","33":"materiaal-glas-de","34":"beoordeling-three-star-de","35":"beoordeling-four-star-de","36":"beoordeling-five-star-de","37":"kleur-transparant-de","39":"first","40":"instock","41":"taxable","42":"shipping-taxable","43":"purchasable","44":"product-type-simple"},"supplier_id":null,"supplier_sku":"","barcode":null,"atum_controlled":true,"out_stock_date":null,"out_stock_threshold":null,"inheritable":false,"inbound_stock":null,"stock_on_hold":null,"sold_today":null,"sales_last_days":null,"reserved_stock":null,"customer_returns":null,"warehouse_damage":null,"lost_in_post":null,"other_logs":null,"out_stock_days":null,"lost_sales":null,"has_location":false,"update_date":"2026-04-27T20:43:38","atum_locations":[],"atum_stock_status":"instock","restock_status":false,"low_stock_amount":"","sales_update_date":null,"calc_backorders":null,"_links":{"self":[{"href":"https:\/\/www.industrialwood.nl\/de\/wp-json\/wp\/v2\/product\/103035","targetHints":{"allow":["GET"]}}],"collection":[{"href":"https:\/\/www.industrialwood.nl\/de\/wp-json\/wp\/v2\/product"}],"about":[{"href":"https:\/\/www.industrialwood.nl\/de\/wp-json\/wp\/v2\/types\/product"}],"replies":[{"embeddable":true,"href":"https:\/\/www.industrialwood.nl\/de\/wp-json\/wp\/v2\/comments?post=103035"}],"wp:featuredmedia":[{"embeddable":true,"href":"https:\/\/www.industrialwood.nl\/de\/wp-json\/wp\/v2\/media\/103036"}],"wp:attachment":[{"href":"https:\/\/www.industrialwood.nl\/de\/wp-json\/wp\/v2\/media?parent=103035"}],"wp:term":[{"taxonomy":"product_brand","embeddable":true,"href":"https:\/\/www.industrialwood.nl\/de\/wp-json\/wp\/v2\/product_brand?post=103035"},{"taxonomy":"product_cat","embeddable":true,"href":"https:\/\/www.industrialwood.nl\/de\/wp-json\/wp\/v2\/product_cat?post=103035"},{"taxonomy":"product_tag","embeddable":true,"href":"https:\/\/www.industrialwood.nl\/de\/wp-json\/wp\/v2\/product_tag?post=103035"},{"taxonomy":"seizoen","embeddable":true,"href":"https:\/\/www.industrialwood.nl\/de\/wp-json\/wp\/v2\/seizoen?post=103035"},{"taxonomy":"bloemensoort","embeddable":true,"href":"https:\/\/www.industrialwood.nl\/de\/wp-json\/wp\/v2\/bloemensoort?post=103035"},{"taxonomy":"samenstelling","embeddable":true,"href":"https:\/\/www.industrialwood.nl\/de\/wp-json\/wp\/v2\/samenstelling?post=103035"},{"taxonomy":"shop-per-kamer","embeddable":true,"href":"https:\/\/www.industrialwood.nl\/de\/wp-json\/wp\/v2\/shop-per-kamer?post=103035"},{"taxonomy":"indooroutdoor","embeddable":true,"href":"https:\/\/www.industrialwood.nl\/de\/wp-json\/wp\/v2\/indooroutdoor?post=103035"},{"taxonomy":"vorm","embeddable":true,"href":"https:\/\/www.industrialwood.nl\/de\/wp-json\/wp\/v2\/vorm?post=103035"},{"taxonomy":"duurzaam","embeddable":true,"href":"https:\/\/www.industrialwood.nl\/de\/wp-json\/wp\/v2\/duurzaam?post=103035"},{"taxonomy":"productafmetingen","embeddable":true,"href":"https:\/\/www.industrialwood.nl\/de\/wp-json\/wp\/v2\/productafmetingen?post=103035"},{"taxonomy":"stijl","embeddable":true,"href":"https:\/\/www.industrialwood.nl\/de\/wp-json\/wp\/v2\/stijl?post=103035"},{"taxonomy":"merk","embeddable":true,"href":"https:\/\/www.industrialwood.nl\/de\/wp-json\/wp\/v2\/merk?post=103035"},{"taxonomy":"materiaal","embeddable":true,"href":"https:\/\/www.industrialwood.nl\/de\/wp-json\/wp\/v2\/materiaal?post=103035"},{"taxonomy":"materiaal-schaaltje","embeddable":true,"href":"https:\/\/www.industrialwood.nl\/de\/wp-json\/wp\/v2\/materiaal-schaaltje?post=103035"},{"taxonomy":"geur","embeddable":true,"href":"https:\/\/www.industrialwood.nl\/de\/wp-json\/wp\/v2\/geur?post=103035"},{"taxonomy":"product-type","embeddable":true,"href":"https:\/\/www.industrialwood.nl\/de\/wp-json\/wp\/v2\/product-type?post=103035"},{"taxonomy":"beoordeling","embeddable":true,"href":"https:\/\/www.industrialwood.nl\/de\/wp-json\/wp\/v2\/beoordeling?post=103035"},{"taxonomy":"uitsparingen","embeddable":true,"href":"https:\/\/www.industrialwood.nl\/de\/wp-json\/wp\/v2\/uitsparingen?post=103035"},{"taxonomy":"houtsoort","embeddable":true,"href":"https:\/\/www.industrialwood.nl\/de\/wp-json\/wp\/v2\/houtsoort?post=103035"},{"taxonomy":"breedte","embeddable":true,"href":"https:\/\/www.industrialwood.nl\/de\/wp-json\/wp\/v2\/breedte?post=103035"},{"taxonomy":"badplanken-lengte","embeddable":true,"href":"https:\/\/www.industrialwood.nl\/de\/wp-json\/wp\/v2\/badplanken-lengte?post=103035"},{"taxonomy":"kleur","embeddable":true,"href":"https:\/\/www.industrialwood.nl\/de\/wp-json\/wp\/v2\/kleur?post=103035"}],"curies":[{"name":"wp","href":"https:\/\/api.w.org\/{rel}","templated":true}]}}