{"id":103020,"date":"2026-04-27T21:51:55","date_gmt":"2026-04-27T19:51:55","guid":{"rendered":"https:\/\/www.industrialwood.nl\/vase-jaro-smokey-taupe\/"},"modified":"2026-04-27T21:51:55","modified_gmt":"2026-04-27T19:51:55","slug":"vase-jaro-smokey-taupe","status":"publish","type":"product","link":"https:\/\/www.industrialwood.nl\/de\/vase-jaro-smokey-taupe\/","title":{"rendered":"Vase | Jaro | Smokey Taupe"},"content":{"rendered":"","protected":false},"excerpt":{"rendered":"<p data-section-id=\"15b6a2w\" data-start=\"0\" data-end=\"72\"><strong>\ud83e\udd0e Vase Jaro XL &#8211; Gro\u00dfe Vase mit langem Hals<br \/>\n<\/strong>Wow&#8230; die <strong data-start=\"80\" data-end=\"96\">Vase Jaro XL<\/strong> ist wirklich einer dieser Gegenst\u00e4nde, die sofort Atmosph\u00e4re verbreiten \ud83d\ude0d Mit ihrer eleganten Silhouette, dem warmen <strong data-start=\"176\" data-end=\"204\">rauchbraunen \/ taupefarbenen Glas<\/strong> und der gro\u00dfz\u00fcgigen Gr\u00f6\u00dfe ist diese <strong data-start=\"231\" data-end=\"252\">gro\u00dfe Glasvase<\/strong> eine wunderbare Erg\u00e4nzung f\u00fcr ein ruhiges, stilvolles Interieur.<\/p>\n<p data-start=\"315\" data-end=\"617\">Die weiche organische Form mit schlankem Hals verleiht dieser <strong data-start=\"368\" data-end=\"388\">XL-Glasvase<\/strong> einen luxuri\u00f6sen und zeitlosen Look. Perfekt f\u00fcr ein paar h\u00fcbsche Dekozweige, Seidenblumen oder einfach als eigenst\u00e4ndiges Objekt. Auf einer Anrichte, einem Esstisch oder einer Bodenecke kommt dieser Blickfang wunderbar zur Geltung \u2728.  <\/p>\n<p data-start=\"619\" data-end=\"988\">Diese gro\u00dfe braune Glasvase ist aus hochwertigem, dickem Glas gefertigt, wodurch sie besonders luxuri\u00f6s und robust wirkt. Der subtile Farbverlauf von warmem Taupe bis zu tiefem Rauchbraun verleiht der Vase viel Tiefe und l\u00e4sst sich wunderbar mit nat\u00fcrlichen Materialien, Holz und Beiget\u00f6nen kombinieren &#8211; ganz im Sinne von Japandi, Hotel Chic oder modernem Interieur \ud83e\udd0d. <\/p>\n<p data-start=\"990\" data-end=\"1229\">Jede Vase von Jaro ist mundgeblasen, was jedes St\u00fcck einzigartig macht. Kleine Unvollkommenheiten, wie eine Luftblase oder eine feine Linie im Glas, sind Teil des Handwerks und unterstreichen die Handwerkskunst. <\/p>\n<p data-section-id=\"1wms2hh\" data-start=\"1236\" data-end=\"1276\"><strong>Warum Sie die Vase Jaro XL wollen:<\/strong><\/p>\n<ul>\n<li data-start=\"1278\" data-end=\"1644\">Luxuri\u00f6se gro\u00dfe Glasvase XL aus hochwertigem dickem Glas<\/li>\n<li data-start=\"1278\" data-end=\"1644\">Warmes Rauchbraun \/ Taupe mit subtilem Farbverlauf<\/li>\n<li data-start=\"1278\" data-end=\"1644\">Sch\u00f6n mit Zweigen, Seidenblumen oder als eigenst\u00e4ndiges Objekt<\/li>\n<li data-start=\"1278\" data-end=\"1644\">Passt perfekt in Japandi, moderne und schicke Hotelinterieurs \u2728.<\/li>\n<\/ul>\n<p>&nbsp;<\/p>\n<p><strong>Ma\u00dfe<\/strong>: 25 x 50 cm (Halsdurchmesser 6,5 cm)<br \/>\n<strong>Material<\/strong>: Glas<br \/>\n<strong>Farbe<\/strong>: Smokey Taupe (braun)<\/p>\n","protected":false},"featured_media":103021,"comment_status":"open","ping_status":"closed","template":"","meta":[],"product_brand":[],"product_cat":[400,418,402,424,420,395,422,431,387,396],"product_tag":[],"seizoen":[543,545,544,546],"bloemensoort":[],"samenstelling":[],"shop-per-kamer":[552,549],"indooroutdoor":[555],"vorm":[557],"duurzaam":[565],"productafmetingen":[569,570],"stijl":[574,571,575,573,572],"merk":[576],"materiaal":[608],"materiaal-schaaltje":[],"geur":[],"product-type":[],"beoordeling":[640,641,642],"uitsparingen":[],"houtsoort":[],"breedte":[],"badplanken-lengte":[],"kleur":[663],"class_list":{"0":"post-103020","1":"product","2":"type-product","3":"status-publish","4":"has-post-thumbnail","6":"product_cat-boheme-wohnzimmer","7":"product_cat-hotel-chic-wohnzimmer","8":"product_cat-japandi-wohnzimmer","9":"product_cat-landwohnzimmer","10":"product_cat-modernes-wohnzimmer","11":"product_cat-naturliche-tone","12":"product_cat-skandinavisches-wohnzimmer","13":"product_cat-smokey-taupe-de","14":"product_cat-vasen-topfe","15":"product_cat-wohnzimmer","16":"seizoen-lente-de","17":"seizoen-herfst-de","18":"seizoen-zomer-de","19":"seizoen-winter-de","20":"shop-per-kamer-hal-de","21":"shop-per-kamer-woonkamer-de","22":"indooroutdoor-indoor-de","23":"vorm-rond-de","24":"duurzaam-ja-de","25":"productafmetingen-l-de","26":"productafmetingen-xl-de","27":"stijl-bohemian-de","28":"stijl-hotel-chique-de","29":"stijl-japandi-de","30":"stijl-modern-de","31":"stijl-scandinavisch-de","32":"merk-industrialwood-de","33":"materiaal-glas-de","34":"beoordeling-three-star-de","35":"beoordeling-four-star-de","36":"beoordeling-five-star-de","37":"kleur-bruin-de","39":"first","40":"instock","41":"taxable","42":"shipping-taxable","43":"purchasable","44":"product-type-simple"},"supplier_id":null,"supplier_sku":"","barcode":null,"atum_controlled":true,"out_stock_date":null,"out_stock_threshold":null,"inheritable":false,"inbound_stock":0,"stock_on_hold":0,"sold_today":0,"sales_last_days":0,"reserved_stock":0,"customer_returns":0,"warehouse_damage":0,"lost_in_post":0,"other_logs":0,"out_stock_days":0,"lost_sales":0,"has_location":false,"update_date":"2026-04-27T20:07:58","atum_locations":[],"atum_stock_status":"instock","restock_status":false,"low_stock_amount":"","sales_update_date":"2026-04-27T20:07:58","calc_backorders":null,"_links":{"self":[{"href":"https:\/\/www.industrialwood.nl\/de\/wp-json\/wp\/v2\/product\/103020","targetHints":{"allow":["GET"]}}],"collection":[{"href":"https:\/\/www.industrialwood.nl\/de\/wp-json\/wp\/v2\/product"}],"about":[{"href":"https:\/\/www.industrialwood.nl\/de\/wp-json\/wp\/v2\/types\/product"}],"replies":[{"embeddable":true,"href":"https:\/\/www.industrialwood.nl\/de\/wp-json\/wp\/v2\/comments?post=103020"}],"wp:featuredmedia":[{"embeddable":true,"href":"https:\/\/www.industrialwood.nl\/de\/wp-json\/wp\/v2\/media\/103021"}],"wp:attachment":[{"href":"https:\/\/www.industrialwood.nl\/de\/wp-json\/wp\/v2\/media?parent=103020"}],"wp:term":[{"taxonomy":"product_brand","embeddable":true,"href":"https:\/\/www.industrialwood.nl\/de\/wp-json\/wp\/v2\/product_brand?post=103020"},{"taxonomy":"product_cat","embeddable":true,"href":"https:\/\/www.industrialwood.nl\/de\/wp-json\/wp\/v2\/product_cat?post=103020"},{"taxonomy":"product_tag","embeddable":true,"href":"https:\/\/www.industrialwood.nl\/de\/wp-json\/wp\/v2\/product_tag?post=103020"},{"taxonomy":"seizoen","embeddable":true,"href":"https:\/\/www.industrialwood.nl\/de\/wp-json\/wp\/v2\/seizoen?post=103020"},{"taxonomy":"bloemensoort","embeddable":true,"href":"https:\/\/www.industrialwood.nl\/de\/wp-json\/wp\/v2\/bloemensoort?post=103020"},{"taxonomy":"samenstelling","embeddable":true,"href":"https:\/\/www.industrialwood.nl\/de\/wp-json\/wp\/v2\/samenstelling?post=103020"},{"taxonomy":"shop-per-kamer","embeddable":true,"href":"https:\/\/www.industrialwood.nl\/de\/wp-json\/wp\/v2\/shop-per-kamer?post=103020"},{"taxonomy":"indooroutdoor","embeddable":true,"href":"https:\/\/www.industrialwood.nl\/de\/wp-json\/wp\/v2\/indooroutdoor?post=103020"},{"taxonomy":"vorm","embeddable":true,"href":"https:\/\/www.industrialwood.nl\/de\/wp-json\/wp\/v2\/vorm?post=103020"},{"taxonomy":"duurzaam","embeddable":true,"href":"https:\/\/www.industrialwood.nl\/de\/wp-json\/wp\/v2\/duurzaam?post=103020"},{"taxonomy":"productafmetingen","embeddable":true,"href":"https:\/\/www.industrialwood.nl\/de\/wp-json\/wp\/v2\/productafmetingen?post=103020"},{"taxonomy":"stijl","embeddable":true,"href":"https:\/\/www.industrialwood.nl\/de\/wp-json\/wp\/v2\/stijl?post=103020"},{"taxonomy":"merk","embeddable":true,"href":"https:\/\/www.industrialwood.nl\/de\/wp-json\/wp\/v2\/merk?post=103020"},{"taxonomy":"materiaal","embeddable":true,"href":"https:\/\/www.industrialwood.nl\/de\/wp-json\/wp\/v2\/materiaal?post=103020"},{"taxonomy":"materiaal-schaaltje","embeddable":true,"href":"https:\/\/www.industrialwood.nl\/de\/wp-json\/wp\/v2\/materiaal-schaaltje?post=103020"},{"taxonomy":"geur","embeddable":true,"href":"https:\/\/www.industrialwood.nl\/de\/wp-json\/wp\/v2\/geur?post=103020"},{"taxonomy":"product-type","embeddable":true,"href":"https:\/\/www.industrialwood.nl\/de\/wp-json\/wp\/v2\/product-type?post=103020"},{"taxonomy":"beoordeling","embeddable":true,"href":"https:\/\/www.industrialwood.nl\/de\/wp-json\/wp\/v2\/beoordeling?post=103020"},{"taxonomy":"uitsparingen","embeddable":true,"href":"https:\/\/www.industrialwood.nl\/de\/wp-json\/wp\/v2\/uitsparingen?post=103020"},{"taxonomy":"houtsoort","embeddable":true,"href":"https:\/\/www.industrialwood.nl\/de\/wp-json\/wp\/v2\/houtsoort?post=103020"},{"taxonomy":"breedte","embeddable":true,"href":"https:\/\/www.industrialwood.nl\/de\/wp-json\/wp\/v2\/breedte?post=103020"},{"taxonomy":"badplanken-lengte","embeddable":true,"href":"https:\/\/www.industrialwood.nl\/de\/wp-json\/wp\/v2\/badplanken-lengte?post=103020"},{"taxonomy":"kleur","embeddable":true,"href":"https:\/\/www.industrialwood.nl\/de\/wp-json\/wp\/v2\/kleur?post=103020"}],"curies":[{"name":"wp","href":"https:\/\/api.w.org\/{rel}","templated":true}]}}