{"id":102969,"date":"2026-04-27T18:11:23","date_gmt":"2026-04-27T16:11:23","guid":{"rendered":"https:\/\/www.industrialwood.nl\/?post_type=product&#038;p=102969"},"modified":"2026-04-27T18:47:38","modified_gmt":"2026-04-27T16:47:38","slug":"vase-roxy-bio-weis-m-copy-2","status":"publish","type":"product","link":"https:\/\/www.industrialwood.nl\/de\/vase-roxy-bio-weis-m-copy-2\/","title":{"rendered":"Vase | Sol | Zwiebeln | Beige | S"},"content":{"rendered":"","protected":false},"excerpt":{"rendered":"<p data-section-id=\"19h03l1\" data-start=\"0\" data-end=\"59\"><strong>\ud83e\udd0d Kugelvase Sol &#8211; Bio-Keramikvase in Beige<br \/>\n<\/strong>Wie s\u00fc\u00df ist diese <strong data-start=\"78\" data-end=\"97\">Kugelvase Sol<\/strong>! \ud83d\ude0d Mit ihren verspielten runden Formen und dem sanften Beigeton ist dies eine dieser Vasen, die sofort W\u00e4rme und Atmosph\u00e4re in Ihr Zuhause bringt. Die subtile Blasen-\/Kugelform verleiht dieser Keramikvase einen einzigartigen, organischen Look, der perfekt in eine Japandi, moderne oder nat\u00fcrliche Einrichtung passt. <\/p>\n<p data-start=\"391\" data-end=\"689\">Die Vase ist aus Keramik gefertigt und hat eine sch\u00f6ne, leicht gesprenkelte Oberfl\u00e4che, die ihr Charakter und einen ruhigen, nat\u00fcrlichen Look verleiht. Wunderbar mit ein paar luftigen Zweigen, getrockneten Blumen oder einfach als dekoratives Objekt f\u00fcr sich allein &#8211; denn auch ohne Inhalt ist diese Vase bereits ein Bild \ud83e\udd0d. <\/p>\n<p data-start=\"691\" data-end=\"1019\">Was macht diese Vase besonders sch\u00f6n? Sie ist separat in verschiedenen Gr\u00f6\u00dfen erh\u00e4ltlich, so dass Sie sie nicht nur sch\u00f6n solo stylen, sondern auch sehr sch\u00f6n als Set aus 3 Vasen kombinieren k\u00f6nnen. Indem Sie mit verschiedenen H\u00f6hen spielen, k\u00f6nnen Sie ein verspieltes und doch ruhiges Ganzes auf einem Sideboard, Beistelltisch oder Couchtisch schaffen \ud83e\udd0e.  <\/p>\n<p data-section-id=\"ou6z35\" data-start=\"1026\" data-end=\"1069\"><strong>Warum Sie die Zwiebelvase Sol:<\/strong><\/p>\n<ul>\n<li data-start=\"1071\" data-end=\"1405\">Trendige bauchige Keramikvase mit organischen Formen<\/li>\n<li data-start=\"1071\" data-end=\"1405\">Sanftes Beige mit dezent gesprenkelter Textur<\/li>\n<li data-start=\"1071\" data-end=\"1405\">Perfekt f\u00fcr Japandi oder minimalistische Interieurs<\/li>\n<li data-start=\"1071\" data-end=\"1405\">Auch in <a href=\"https:\/\/www.industrialwood.nl\/vaas-sol-bollen-beige-m\/\">Gr\u00f6\u00dfe M<\/a> und <a href=\"https:\/\/www.industrialwood.nl\/vaas-sol-bollen-beige-l\/\">Gr\u00f6\u00dfe L<\/a> erh\u00e4ltlich<\/li>\n<li data-start=\"1071\" data-end=\"1405\">Einzeln wundersch\u00f6n und besonders sch\u00f6n als Set mit 3 Vasen \u2728.<\/li>\n<\/ul>\n<p>&nbsp;<\/p>\n<p><strong>Ma\u00dfe<\/strong>: 11,5 x 11,5 x 25 cm<br \/>\n<strong>Material<\/strong>: T\u00f6pferei<br \/>\n<strong>Farbe<\/strong>: Wei\u00df<\/p>\n","protected":false},"featured_media":102987,"comment_status":"open","ping_status":"closed","template":"","meta":[],"product_brand":[],"product_cat":[400,504,418,402,424,420,395,422,387,396],"product_tag":[],"seizoen":[543,545,544,546],"bloemensoort":[],"samenstelling":[],"shop-per-kamer":[552,549],"indooroutdoor":[555],"vorm":[563,557],"duurzaam":[565],"productafmetingen":[567],"stijl":[574,571,575,573,572],"merk":[576],"materiaal":[611],"materiaal-schaaltje":[],"geur":[],"product-type":[],"beoordeling":[640,641,642],"uitsparingen":[],"houtsoort":[],"breedte":[],"badplanken-lengte":[],"kleur":[659],"class_list":{"0":"post-102969","1":"product","2":"type-product","3":"status-publish","4":"has-post-thumbnail","6":"product_cat-boheme-wohnzimmer","7":"product_cat-drausen","8":"product_cat-hotel-chic-wohnzimmer","9":"product_cat-japandi-wohnzimmer","10":"product_cat-landwohnzimmer","11":"product_cat-modernes-wohnzimmer","12":"product_cat-naturliche-tone","13":"product_cat-skandinavisches-wohnzimmer","14":"product_cat-vasen-topfe","15":"product_cat-wohnzimmer","16":"seizoen-lente-de","17":"seizoen-herfst-de","18":"seizoen-zomer-de","19":"seizoen-winter-de","20":"shop-per-kamer-hal-de","21":"shop-per-kamer-woonkamer-de","22":"indooroutdoor-indoor-de","23":"vorm-organisch-de","24":"vorm-rond-de","25":"duurzaam-ja-de","26":"productafmetingen-s-de","27":"stijl-bohemian-de","28":"stijl-hotel-chique-de","29":"stijl-japandi-de","30":"stijl-modern-de","31":"stijl-scandinavisch-de","32":"merk-industrialwood-de","33":"materiaal-keramiek-de","34":"beoordeling-three-star-de","35":"beoordeling-four-star-de","36":"beoordeling-five-star-de","37":"kleur-wit-de","39":"first","40":"instock","41":"taxable","42":"shipping-taxable","43":"purchasable","44":"product-type-simple"},"supplier_id":null,"supplier_sku":"","barcode":null,"atum_controlled":true,"out_stock_date":null,"out_stock_threshold":null,"inheritable":false,"inbound_stock":0,"stock_on_hold":0,"sold_today":0,"sales_last_days":0,"reserved_stock":0,"customer_returns":0,"warehouse_damage":0,"lost_in_post":0,"other_logs":0,"out_stock_days":0,"lost_sales":0,"has_location":false,"update_date":"2026-04-27T20:07:58","atum_locations":[],"atum_stock_status":"instock","restock_status":false,"low_stock_amount":"","sales_update_date":"2026-04-27T20:07:58","calc_backorders":null,"_links":{"self":[{"href":"https:\/\/www.industrialwood.nl\/de\/wp-json\/wp\/v2\/product\/102969","targetHints":{"allow":["GET"]}}],"collection":[{"href":"https:\/\/www.industrialwood.nl\/de\/wp-json\/wp\/v2\/product"}],"about":[{"href":"https:\/\/www.industrialwood.nl\/de\/wp-json\/wp\/v2\/types\/product"}],"replies":[{"embeddable":true,"href":"https:\/\/www.industrialwood.nl\/de\/wp-json\/wp\/v2\/comments?post=102969"}],"wp:featuredmedia":[{"embeddable":true,"href":"https:\/\/www.industrialwood.nl\/de\/wp-json\/wp\/v2\/media\/102987"}],"wp:attachment":[{"href":"https:\/\/www.industrialwood.nl\/de\/wp-json\/wp\/v2\/media?parent=102969"}],"wp:term":[{"taxonomy":"product_brand","embeddable":true,"href":"https:\/\/www.industrialwood.nl\/de\/wp-json\/wp\/v2\/product_brand?post=102969"},{"taxonomy":"product_cat","embeddable":true,"href":"https:\/\/www.industrialwood.nl\/de\/wp-json\/wp\/v2\/product_cat?post=102969"},{"taxonomy":"product_tag","embeddable":true,"href":"https:\/\/www.industrialwood.nl\/de\/wp-json\/wp\/v2\/product_tag?post=102969"},{"taxonomy":"seizoen","embeddable":true,"href":"https:\/\/www.industrialwood.nl\/de\/wp-json\/wp\/v2\/seizoen?post=102969"},{"taxonomy":"bloemensoort","embeddable":true,"href":"https:\/\/www.industrialwood.nl\/de\/wp-json\/wp\/v2\/bloemensoort?post=102969"},{"taxonomy":"samenstelling","embeddable":true,"href":"https:\/\/www.industrialwood.nl\/de\/wp-json\/wp\/v2\/samenstelling?post=102969"},{"taxonomy":"shop-per-kamer","embeddable":true,"href":"https:\/\/www.industrialwood.nl\/de\/wp-json\/wp\/v2\/shop-per-kamer?post=102969"},{"taxonomy":"indooroutdoor","embeddable":true,"href":"https:\/\/www.industrialwood.nl\/de\/wp-json\/wp\/v2\/indooroutdoor?post=102969"},{"taxonomy":"vorm","embeddable":true,"href":"https:\/\/www.industrialwood.nl\/de\/wp-json\/wp\/v2\/vorm?post=102969"},{"taxonomy":"duurzaam","embeddable":true,"href":"https:\/\/www.industrialwood.nl\/de\/wp-json\/wp\/v2\/duurzaam?post=102969"},{"taxonomy":"productafmetingen","embeddable":true,"href":"https:\/\/www.industrialwood.nl\/de\/wp-json\/wp\/v2\/productafmetingen?post=102969"},{"taxonomy":"stijl","embeddable":true,"href":"https:\/\/www.industrialwood.nl\/de\/wp-json\/wp\/v2\/stijl?post=102969"},{"taxonomy":"merk","embeddable":true,"href":"https:\/\/www.industrialwood.nl\/de\/wp-json\/wp\/v2\/merk?post=102969"},{"taxonomy":"materiaal","embeddable":true,"href":"https:\/\/www.industrialwood.nl\/de\/wp-json\/wp\/v2\/materiaal?post=102969"},{"taxonomy":"materiaal-schaaltje","embeddable":true,"href":"https:\/\/www.industrialwood.nl\/de\/wp-json\/wp\/v2\/materiaal-schaaltje?post=102969"},{"taxonomy":"geur","embeddable":true,"href":"https:\/\/www.industrialwood.nl\/de\/wp-json\/wp\/v2\/geur?post=102969"},{"taxonomy":"product-type","embeddable":true,"href":"https:\/\/www.industrialwood.nl\/de\/wp-json\/wp\/v2\/product-type?post=102969"},{"taxonomy":"beoordeling","embeddable":true,"href":"https:\/\/www.industrialwood.nl\/de\/wp-json\/wp\/v2\/beoordeling?post=102969"},{"taxonomy":"uitsparingen","embeddable":true,"href":"https:\/\/www.industrialwood.nl\/de\/wp-json\/wp\/v2\/uitsparingen?post=102969"},{"taxonomy":"houtsoort","embeddable":true,"href":"https:\/\/www.industrialwood.nl\/de\/wp-json\/wp\/v2\/houtsoort?post=102969"},{"taxonomy":"breedte","embeddable":true,"href":"https:\/\/www.industrialwood.nl\/de\/wp-json\/wp\/v2\/breedte?post=102969"},{"taxonomy":"badplanken-lengte","embeddable":true,"href":"https:\/\/www.industrialwood.nl\/de\/wp-json\/wp\/v2\/badplanken-lengte?post=102969"},{"taxonomy":"kleur","embeddable":true,"href":"https:\/\/www.industrialwood.nl\/de\/wp-json\/wp\/v2\/kleur?post=102969"}],"curies":[{"name":"wp","href":"https:\/\/api.w.org\/{rel}","templated":true}]}}