{"id":102965,"date":"2026-04-27T18:00:36","date_gmt":"2026-04-27T16:00:36","guid":{"rendered":"https:\/\/www.industrialwood.nl\/komplettset-mylo\/"},"modified":"2026-04-27T18:05:36","modified_gmt":"2026-04-27T16:05:36","slug":"komplettset-mylo","status":"publish","type":"product","link":"https:\/\/www.industrialwood.nl\/de\/komplettset-mylo\/","title":{"rendered":"Komplettset | Mylo"},"content":{"rendered":"","protected":false},"excerpt":{"rendered":"<p data-section-id=\"1ra7pp6\" data-start=\"0\" data-end=\"30\">\ud83e\udd0d <strong>Fertigset &#8211; Mylo<br \/>\n<\/strong>Sie suchen ein stilvolles <strong data-start=\"60\" data-end=\"91\">Fertigdekorationsset<\/strong> in sanften, neutralen T\u00f6nen? Dann ist <strong data-start=\"127\" data-end=\"148\">das Komplettset Mylo<\/strong> eines dieser Sets, in das Sie sich sofort verlieben werden \ud83d\ude0d\u2728 Mit dieser sorgf\u00e4ltig zusammengestellten Kombination schaffen Sie in einem Rutsch ein ruhiges, warmes und luxuri\u00f6ses Styling in Ihrem Zuhause, ohne dass Sie sie selbst kombinieren m\u00fcssen. <\/p>\n<p data-start=\"344\" data-end=\"756\">Die beiden Louise Vasen in organischer Form bilden zusammen ein sch\u00f6nes Duo und schaffen einen spielerischen H\u00f6henunterschied. Die luftigen Gypsophila-Zweige verleihen dem Set einen weichen, nat\u00fcrlichen Look, w\u00e4hrend der Flower Muschel-Teelichthalter f\u00fcr zus\u00e4tzliche Atmosph\u00e4re und Raffinesse sorgt \ud83e\udd0d Dank der Beige- und Naturt\u00f6ne passt dieses Set m\u00fchelos in einen Japandi, ruhigen oder modernen nat\u00fcrlichen Wohnstil. Ein unglaublich sch\u00f6nes Set f\u00fcr einen Couchtisch, ein Sideboard, einen Beistelltisch oder einen Esstisch.  <\/p>\n<p data-section-id=\"slumpt\" data-start=\"874\" data-end=\"898\"><strong>Inhalt des Sets Mylo:<\/strong><\/p>\n<ul data-start=\"900\" data-end=\"1005\">\n<li data-section-id=\"kg902o\" data-start=\"900\" data-end=\"920\">1x Vase Louise M<\/li>\n<li data-section-id=\"kg92jl\" data-start=\"921\" data-end=\"941\">1x Vase Louise L<\/li>\n<li data-section-id=\"1k6urro\" data-start=\"942\" data-end=\"984\">1x Teelichthalter Muscheln Blume M<\/li>\n<li data-section-id=\"3fapbl\" data-start=\"985\" data-end=\"1005\">3x Gipskraut-Zweig<\/li>\n<\/ul>\n<p data-section-id=\"7xbkht\" data-start=\"1012\" data-end=\"1047\"><strong>Warum Sie Mylo einstellen m\u00f6chten:<\/strong><\/p>\n<ul>\n<li data-start=\"1049\" data-end=\"1353\">Fertiges Styling-Set &#8211; alles passt perfekt zusammen<\/li>\n<li data-start=\"1049\" data-end=\"1353\">Sch\u00f6nes Dekorationsset in neutralem Beige mit ruhigem Look<\/li>\n<li data-start=\"1049\" data-end=\"1353\">Perfekt f\u00fcr Japandi, Beige und nat\u00fcrliche Interieurs<\/li>\n<li data-start=\"1049\" data-end=\"1353\">Sehr sch\u00f6n als komplettes Dekorationsset f\u00fcr Tisch oder Anrichte \u2728.<\/li>\n<\/ul>\n<p>&nbsp;<\/p>\n<p><strong>Abmessungen<\/strong>: <strong>Vase M<\/strong>: 17&#215;19,5 cm | <strong>Vase L<\/strong>: 20&#215;25,5 cm | <strong>Muschel-Teelichthalter<\/strong>: 10&#215;7 cm | <strong>Gipsblume<\/strong>: 64 cm<br \/>\n<strong>Material<\/strong>: Keramik | Muscheln<br \/>\n<strong>Farbe<\/strong>: Wei\u00df | Beige<\/p>\n","protected":false},"featured_media":102967,"comment_status":"open","ping_status":"closed","template":"","meta":[],"product_brand":[],"product_cat":[400,715,418,402,424,420,395,396],"product_tag":[],"seizoen":[543,545,544,546],"bloemensoort":[],"samenstelling":[],"shop-per-kamer":[549],"indooroutdoor":[555],"vorm":[563,557],"duurzaam":[565],"productafmetingen":[569,568,567],"stijl":[574,571,575,573,572],"merk":[576],"materiaal":[611,619],"materiaal-schaaltje":[],"geur":[],"product-type":[],"beoordeling":[640,641,642],"uitsparingen":[],"houtsoort":[],"breedte":[],"badplanken-lengte":[],"kleur":[657,659],"class_list":{"0":"post-102965","1":"product","2":"type-product","3":"status-publish","4":"has-post-thumbnail","6":"product_cat-boheme-wohnzimmer","7":"product_cat-das-set-kaufen","8":"product_cat-hotel-chic-wohnzimmer","9":"product_cat-japandi-wohnzimmer","10":"product_cat-landwohnzimmer","11":"product_cat-modernes-wohnzimmer","12":"product_cat-naturliche-tone","13":"product_cat-wohnzimmer","14":"seizoen-lente-de","15":"seizoen-herfst-de","16":"seizoen-zomer-de","17":"seizoen-winter-de","18":"shop-per-kamer-woonkamer-de","19":"indooroutdoor-indoor-de","20":"vorm-organisch-de","21":"vorm-rond-de","22":"duurzaam-ja-de","23":"productafmetingen-l-de","24":"productafmetingen-m-de","25":"productafmetingen-s-de","26":"stijl-bohemian-de","27":"stijl-hotel-chique-de","28":"stijl-japandi-de","29":"stijl-modern-de","30":"stijl-scandinavisch-de","31":"merk-industrialwood-de","32":"materiaal-keramiek-de","33":"materiaal-schelp-de","34":"beoordeling-three-star-de","35":"beoordeling-four-star-de","36":"beoordeling-five-star-de","37":"kleur-beige-de","38":"kleur-wit-de","40":"first","41":"instock","42":"sale","43":"taxable","44":"shipping-taxable","45":"purchasable","46":"product-type-simple"},"supplier_id":null,"supplier_sku":"","barcode":null,"atum_controlled":true,"out_stock_date":null,"out_stock_threshold":null,"inheritable":false,"inbound_stock":0,"stock_on_hold":0,"sold_today":0,"sales_last_days":0,"reserved_stock":0,"customer_returns":0,"warehouse_damage":0,"lost_in_post":0,"other_logs":0,"out_stock_days":0,"lost_sales":0,"has_location":false,"update_date":"2026-04-27T20:07:58","atum_locations":[],"atum_stock_status":"instock","restock_status":false,"low_stock_amount":"","sales_update_date":"2026-04-27T20:07:58","calc_backorders":null,"_links":{"self":[{"href":"https:\/\/www.industrialwood.nl\/de\/wp-json\/wp\/v2\/product\/102965","targetHints":{"allow":["GET"]}}],"collection":[{"href":"https:\/\/www.industrialwood.nl\/de\/wp-json\/wp\/v2\/product"}],"about":[{"href":"https:\/\/www.industrialwood.nl\/de\/wp-json\/wp\/v2\/types\/product"}],"replies":[{"embeddable":true,"href":"https:\/\/www.industrialwood.nl\/de\/wp-json\/wp\/v2\/comments?post=102965"}],"wp:featuredmedia":[{"embeddable":true,"href":"https:\/\/www.industrialwood.nl\/de\/wp-json\/wp\/v2\/media\/102967"}],"wp:attachment":[{"href":"https:\/\/www.industrialwood.nl\/de\/wp-json\/wp\/v2\/media?parent=102965"}],"wp:term":[{"taxonomy":"product_brand","embeddable":true,"href":"https:\/\/www.industrialwood.nl\/de\/wp-json\/wp\/v2\/product_brand?post=102965"},{"taxonomy":"product_cat","embeddable":true,"href":"https:\/\/www.industrialwood.nl\/de\/wp-json\/wp\/v2\/product_cat?post=102965"},{"taxonomy":"product_tag","embeddable":true,"href":"https:\/\/www.industrialwood.nl\/de\/wp-json\/wp\/v2\/product_tag?post=102965"},{"taxonomy":"seizoen","embeddable":true,"href":"https:\/\/www.industrialwood.nl\/de\/wp-json\/wp\/v2\/seizoen?post=102965"},{"taxonomy":"bloemensoort","embeddable":true,"href":"https:\/\/www.industrialwood.nl\/de\/wp-json\/wp\/v2\/bloemensoort?post=102965"},{"taxonomy":"samenstelling","embeddable":true,"href":"https:\/\/www.industrialwood.nl\/de\/wp-json\/wp\/v2\/samenstelling?post=102965"},{"taxonomy":"shop-per-kamer","embeddable":true,"href":"https:\/\/www.industrialwood.nl\/de\/wp-json\/wp\/v2\/shop-per-kamer?post=102965"},{"taxonomy":"indooroutdoor","embeddable":true,"href":"https:\/\/www.industrialwood.nl\/de\/wp-json\/wp\/v2\/indooroutdoor?post=102965"},{"taxonomy":"vorm","embeddable":true,"href":"https:\/\/www.industrialwood.nl\/de\/wp-json\/wp\/v2\/vorm?post=102965"},{"taxonomy":"duurzaam","embeddable":true,"href":"https:\/\/www.industrialwood.nl\/de\/wp-json\/wp\/v2\/duurzaam?post=102965"},{"taxonomy":"productafmetingen","embeddable":true,"href":"https:\/\/www.industrialwood.nl\/de\/wp-json\/wp\/v2\/productafmetingen?post=102965"},{"taxonomy":"stijl","embeddable":true,"href":"https:\/\/www.industrialwood.nl\/de\/wp-json\/wp\/v2\/stijl?post=102965"},{"taxonomy":"merk","embeddable":true,"href":"https:\/\/www.industrialwood.nl\/de\/wp-json\/wp\/v2\/merk?post=102965"},{"taxonomy":"materiaal","embeddable":true,"href":"https:\/\/www.industrialwood.nl\/de\/wp-json\/wp\/v2\/materiaal?post=102965"},{"taxonomy":"materiaal-schaaltje","embeddable":true,"href":"https:\/\/www.industrialwood.nl\/de\/wp-json\/wp\/v2\/materiaal-schaaltje?post=102965"},{"taxonomy":"geur","embeddable":true,"href":"https:\/\/www.industrialwood.nl\/de\/wp-json\/wp\/v2\/geur?post=102965"},{"taxonomy":"product-type","embeddable":true,"href":"https:\/\/www.industrialwood.nl\/de\/wp-json\/wp\/v2\/product-type?post=102965"},{"taxonomy":"beoordeling","embeddable":true,"href":"https:\/\/www.industrialwood.nl\/de\/wp-json\/wp\/v2\/beoordeling?post=102965"},{"taxonomy":"uitsparingen","embeddable":true,"href":"https:\/\/www.industrialwood.nl\/de\/wp-json\/wp\/v2\/uitsparingen?post=102965"},{"taxonomy":"houtsoort","embeddable":true,"href":"https:\/\/www.industrialwood.nl\/de\/wp-json\/wp\/v2\/houtsoort?post=102965"},{"taxonomy":"breedte","embeddable":true,"href":"https:\/\/www.industrialwood.nl\/de\/wp-json\/wp\/v2\/breedte?post=102965"},{"taxonomy":"badplanken-lengte","embeddable":true,"href":"https:\/\/www.industrialwood.nl\/de\/wp-json\/wp\/v2\/badplanken-lengte?post=102965"},{"taxonomy":"kleur","embeddable":true,"href":"https:\/\/www.industrialwood.nl\/de\/wp-json\/wp\/v2\/kleur?post=102965"}],"curies":[{"name":"wp","href":"https:\/\/api.w.org\/{rel}","templated":true}]}}