{"id":102543,"date":"2026-04-21T10:30:23","date_gmt":"2026-04-21T08:30:23","guid":{"rendered":"https:\/\/www.industrialwood.nl\/?post_type=product&#038;p=102543"},"modified":"2026-04-21T23:40:19","modified_gmt":"2026-04-21T21:40:19","slug":"vase-roxy-bio-weis-m-copy","status":"publish","type":"product","link":"https:\/\/www.industrialwood.nl\/de\/vase-roxy-bio-weis-m-copy\/","title":{"rendered":"Vase | Roxy | Bio | Wei\u00df | L"},"content":{"rendered":"","protected":false},"excerpt":{"rendered":"<p data-section-id=\"1pcvk62\" data-start=\"69\" data-end=\"135\"><strong>\ud83e\udd0d Vase Roxy &#8211; gro\u00dfe organische Vase mit Struktur<br \/>\n<\/strong>Sie suchen nach einer ruhigen, stilvollen Erg\u00e4nzung f\u00fcr Ihr Interieur \ud83e\udef6 Die <strong data-start=\"213\" data-end=\"228\">Vase Roxy <\/strong>ist eine sch\u00f6ne gro\u00dfe Keramikvase mit einer weichen, organischen Form und raffinierter Struktur. Perfekt f\u00fcr alle, die ein minimalistisches und Japandi-Interieur lieben.  <\/p>\n<p data-start=\"406\" data-end=\"678\">Die dezente wei\u00dfe Farbe und die verspielten, gewellten Linien schaffen einen nat\u00fcrlichen und ruhigen Look. Die feine Textur der Keramik verleiht der Vase ein wenig zus\u00e4tzlichen Charakter. Genau dieses Gleichgewicht, das so charakteristisch f\u00fcr den Japandi-Stil ist \ud83e\udd0d Durch das gr\u00f6\u00dfere Format macht diese dekorative Keramikvase auf einem Sideboard, Esstisch oder Couchtisch eine gute Figur. Dekorieren Sie sie mit ein paar Zweigen oder lassen Sie sie leer f\u00fcr einen ruhigen, minimalistischen Look!   <\/p>\n<p data-start=\"914\" data-end=\"1037\">Die Vase ist <strong data-start=\"925\" data-end=\"955\">in 2 Gr\u00f6\u00dfen<\/strong> erh\u00e4ltlich, so dass Sie auch ein sch\u00f6nes, friedliches Ensemble schaffen k\u00f6nnen, indem Sie sie miteinander kombinieren.<\/p>\n<p data-section-id=\"10xsckn\" data-start=\"1044\" data-end=\"1083\"><strong>Warum Sie die Vase Roxy L:<\/strong><\/p>\n<ul>\n<li data-section-id=\"10xsckn\" data-start=\"1044\" data-end=\"1083\">Organische Form mit subtiler Struktur<\/li>\n<li data-section-id=\"10xsckn\" data-start=\"1044\" data-end=\"1083\">Sanftes Wei\u00df &#8211; perfekt f\u00fcr Japandi-Interieurs<\/li>\n<li data-section-id=\"10xsckn\" data-start=\"1044\" data-end=\"1083\">Sch\u00f6n mit Zweigen, Seidenblumen oder als reines Objekt<\/li>\n<li data-section-id=\"10xsckn\" data-start=\"1044\" data-end=\"1083\">Auch in einer <a href=\"https:\/\/www.industrialwood.nl\/vaas-roxy-organisch-wit-m\/\">kleineren<\/a> Gr\u00f6\u00dfe erh\u00e4ltlich!<\/li>\n<\/ul>\n<p data-section-id=\"1pcvk62\" data-start=\"69\" data-end=\"135\"><strong> <\/strong><\/p>\n<p><strong>Ma\u00dfe<\/strong>: 14 x 14 x 28 cm<br \/>\n<strong>Material<\/strong>: T\u00f6pferei<br \/>\n<strong>Farbe<\/strong>: Wei\u00df<\/p>\n","protected":false},"featured_media":102542,"comment_status":"open","ping_status":"closed","template":"","meta":[],"product_brand":[],"product_cat":[400,504,418,402,424,420,395,422,387,396],"product_tag":[],"seizoen":[543,545,544,546],"bloemensoort":[],"samenstelling":[],"shop-per-kamer":[552,549],"indooroutdoor":[555],"vorm":[563,557],"duurzaam":[565],"productafmetingen":[569],"stijl":[574,571,575,573,572],"merk":[576],"materiaal":[611],"materiaal-schaaltje":[],"geur":[],"product-type":[],"beoordeling":[640,641,642],"uitsparingen":[],"houtsoort":[],"breedte":[],"badplanken-lengte":[],"kleur":[659],"class_list":{"0":"post-102543","1":"product","2":"type-product","3":"status-publish","4":"has-post-thumbnail","6":"product_cat-boheme-wohnzimmer","7":"product_cat-drausen","8":"product_cat-hotel-chic-wohnzimmer","9":"product_cat-japandi-wohnzimmer","10":"product_cat-landwohnzimmer","11":"product_cat-modernes-wohnzimmer","12":"product_cat-naturliche-tone","13":"product_cat-skandinavisches-wohnzimmer","14":"product_cat-vasen-topfe","15":"product_cat-wohnzimmer","16":"seizoen-lente-de","17":"seizoen-herfst-de","18":"seizoen-zomer-de","19":"seizoen-winter-de","20":"shop-per-kamer-hal-de","21":"shop-per-kamer-woonkamer-de","22":"indooroutdoor-indoor-de","23":"vorm-organisch-de","24":"vorm-rond-de","25":"duurzaam-ja-de","26":"productafmetingen-l-de","27":"stijl-bohemian-de","28":"stijl-hotel-chique-de","29":"stijl-japandi-de","30":"stijl-modern-de","31":"stijl-scandinavisch-de","32":"merk-industrialwood-de","33":"materiaal-keramiek-de","34":"beoordeling-three-star-de","35":"beoordeling-four-star-de","36":"beoordeling-five-star-de","37":"kleur-wit-de","39":"first","40":"instock","41":"taxable","42":"shipping-taxable","43":"purchasable","44":"product-type-simple"},"supplier_id":null,"supplier_sku":"","barcode":null,"atum_controlled":true,"out_stock_date":null,"out_stock_threshold":null,"inheritable":false,"inbound_stock":null,"stock_on_hold":null,"sold_today":null,"sales_last_days":null,"reserved_stock":null,"customer_returns":null,"warehouse_damage":null,"lost_in_post":null,"other_logs":null,"out_stock_days":null,"lost_sales":null,"has_location":false,"update_date":"2026-04-21T21:45:39","atum_locations":[],"atum_stock_status":"instock","restock_status":false,"low_stock_amount":"","sales_update_date":"2026-04-21T16:09:09","calc_backorders":null,"_links":{"self":[{"href":"https:\/\/www.industrialwood.nl\/de\/wp-json\/wp\/v2\/product\/102543","targetHints":{"allow":["GET"]}}],"collection":[{"href":"https:\/\/www.industrialwood.nl\/de\/wp-json\/wp\/v2\/product"}],"about":[{"href":"https:\/\/www.industrialwood.nl\/de\/wp-json\/wp\/v2\/types\/product"}],"replies":[{"embeddable":true,"href":"https:\/\/www.industrialwood.nl\/de\/wp-json\/wp\/v2\/comments?post=102543"}],"wp:featuredmedia":[{"embeddable":true,"href":"https:\/\/www.industrialwood.nl\/de\/wp-json\/wp\/v2\/media\/102542"}],"wp:attachment":[{"href":"https:\/\/www.industrialwood.nl\/de\/wp-json\/wp\/v2\/media?parent=102543"}],"wp:term":[{"taxonomy":"product_brand","embeddable":true,"href":"https:\/\/www.industrialwood.nl\/de\/wp-json\/wp\/v2\/product_brand?post=102543"},{"taxonomy":"product_cat","embeddable":true,"href":"https:\/\/www.industrialwood.nl\/de\/wp-json\/wp\/v2\/product_cat?post=102543"},{"taxonomy":"product_tag","embeddable":true,"href":"https:\/\/www.industrialwood.nl\/de\/wp-json\/wp\/v2\/product_tag?post=102543"},{"taxonomy":"seizoen","embeddable":true,"href":"https:\/\/www.industrialwood.nl\/de\/wp-json\/wp\/v2\/seizoen?post=102543"},{"taxonomy":"bloemensoort","embeddable":true,"href":"https:\/\/www.industrialwood.nl\/de\/wp-json\/wp\/v2\/bloemensoort?post=102543"},{"taxonomy":"samenstelling","embeddable":true,"href":"https:\/\/www.industrialwood.nl\/de\/wp-json\/wp\/v2\/samenstelling?post=102543"},{"taxonomy":"shop-per-kamer","embeddable":true,"href":"https:\/\/www.industrialwood.nl\/de\/wp-json\/wp\/v2\/shop-per-kamer?post=102543"},{"taxonomy":"indooroutdoor","embeddable":true,"href":"https:\/\/www.industrialwood.nl\/de\/wp-json\/wp\/v2\/indooroutdoor?post=102543"},{"taxonomy":"vorm","embeddable":true,"href":"https:\/\/www.industrialwood.nl\/de\/wp-json\/wp\/v2\/vorm?post=102543"},{"taxonomy":"duurzaam","embeddable":true,"href":"https:\/\/www.industrialwood.nl\/de\/wp-json\/wp\/v2\/duurzaam?post=102543"},{"taxonomy":"productafmetingen","embeddable":true,"href":"https:\/\/www.industrialwood.nl\/de\/wp-json\/wp\/v2\/productafmetingen?post=102543"},{"taxonomy":"stijl","embeddable":true,"href":"https:\/\/www.industrialwood.nl\/de\/wp-json\/wp\/v2\/stijl?post=102543"},{"taxonomy":"merk","embeddable":true,"href":"https:\/\/www.industrialwood.nl\/de\/wp-json\/wp\/v2\/merk?post=102543"},{"taxonomy":"materiaal","embeddable":true,"href":"https:\/\/www.industrialwood.nl\/de\/wp-json\/wp\/v2\/materiaal?post=102543"},{"taxonomy":"materiaal-schaaltje","embeddable":true,"href":"https:\/\/www.industrialwood.nl\/de\/wp-json\/wp\/v2\/materiaal-schaaltje?post=102543"},{"taxonomy":"geur","embeddable":true,"href":"https:\/\/www.industrialwood.nl\/de\/wp-json\/wp\/v2\/geur?post=102543"},{"taxonomy":"product-type","embeddable":true,"href":"https:\/\/www.industrialwood.nl\/de\/wp-json\/wp\/v2\/product-type?post=102543"},{"taxonomy":"beoordeling","embeddable":true,"href":"https:\/\/www.industrialwood.nl\/de\/wp-json\/wp\/v2\/beoordeling?post=102543"},{"taxonomy":"uitsparingen","embeddable":true,"href":"https:\/\/www.industrialwood.nl\/de\/wp-json\/wp\/v2\/uitsparingen?post=102543"},{"taxonomy":"houtsoort","embeddable":true,"href":"https:\/\/www.industrialwood.nl\/de\/wp-json\/wp\/v2\/houtsoort?post=102543"},{"taxonomy":"breedte","embeddable":true,"href":"https:\/\/www.industrialwood.nl\/de\/wp-json\/wp\/v2\/breedte?post=102543"},{"taxonomy":"badplanken-lengte","embeddable":true,"href":"https:\/\/www.industrialwood.nl\/de\/wp-json\/wp\/v2\/badplanken-lengte?post=102543"},{"taxonomy":"kleur","embeddable":true,"href":"https:\/\/www.industrialwood.nl\/de\/wp-json\/wp\/v2\/kleur?post=102543"}],"curies":[{"name":"wp","href":"https:\/\/api.w.org\/{rel}","templated":true}]}}