{"id":102521,"date":"2026-04-21T22:34:34","date_gmt":"2026-04-21T20:34:34","guid":{"rendered":"https:\/\/www.industrialwood.nl\/?post_type=product&#038;p=102521"},"modified":"2026-04-21T23:42:16","modified_gmt":"2026-04-21T21:42:16","slug":"vase-stella-organisch-weis-m-copy-2","status":"publish","type":"product","link":"https:\/\/www.industrialwood.nl\/de\/vase-stella-organisch-weis-m-copy-2\/","title":{"rendered":"Vase | Roxy | Bio | Wei\u00df | M"},"content":{"rendered":"","protected":false},"excerpt":{"rendered":"<p data-section-id=\"1k6zhl0\" data-start=\"86\" data-end=\"151\"><strong>\ud83e\udd0d Vase Roxy &#8211; organische Vase mit einzigartiger Struktur<br \/>\n<\/strong>Sie suchen nach einer Vase, die einfach ein bisschen anders ist? \ud83d\ude0d Die <strong data-start=\"205\" data-end=\"218\">Vase Roxy<\/strong> ist einer dieser Artikel, die Sie sofort gl\u00fccklich machen werden! Mit ihrer <strong data-start=\"272\" data-end=\"291\">organischen Form<\/strong> und sch\u00f6nen Struktur ist sie ein echter Blickfang in Ihrer Einrichtung \u2728.  <\/p>\n<p data-start=\"364\" data-end=\"709\">Diese <strong data-start=\"369\" data-end=\"413\">Keramikvase in einem sanften Beigeton<\/strong> hat eine sch\u00f6ne, subtile Textur, die einen nat\u00fcrlichen und friedlichen Look erzeugt. Die gewellten Linien verleihen der Vase einen verspielten Charakter, w\u00e4hrend sie dank der neutralen Farbe perfekt zu fast jedem Wohnstil passt &#8211; von Japandi bis modern und von minimalistisch bis Hotelschick \ud83e\udd0d. <\/p>\n<p data-start=\"711\" data-end=\"996\">Ob Sie sie mit ein paar Zweigen oder (Seiden-)Blumen dekorieren oder sie einfach leer lassen: diese dekorative Keramikvase stiehlt Ihnen immer die Show. Und extra lustig: sie ist in 2 Gr\u00f6\u00dfen erh\u00e4ltlich, so dass Sie sie auch sehr sch\u00f6n miteinander kombinieren k\u00f6nnen f\u00fcr ein verspieltes und stilvolles Ganzes \ud83e\udd0d. <\/p>\n<p data-section-id=\"1ofwqrv\" data-start=\"1003\" data-end=\"1040\"><strong>Warum Sie die Vase Roxy wollen:<\/strong><\/p>\n<ul>\n<li data-start=\"1042\" data-end=\"1305\">Hergestellt aus hochwertiger Keramik<\/li>\n<li data-start=\"1042\" data-end=\"1305\">Einzigartige organische Form mit sch\u00f6ner Struktur<\/li>\n<li data-start=\"1042\" data-end=\"1305\">Auch in einer <a href=\"https:\/\/www.industrialwood.nl\/vaas-roxy-organisch-wit-l\/\">gr\u00f6\u00dferen<\/a> Gr\u00f6\u00dfe erh\u00e4ltlich!<\/li>\n<\/ul>\n<p>&nbsp;<\/p>\n<p>&nbsp;<\/p>\n<p><strong>Ma\u00dfe<\/strong>: 13 x 13 x 20 cm<br \/>\n<strong>Material<\/strong>: T\u00f6pferei<br \/>\n<strong>Farbe<\/strong>: Wei\u00df<\/p>\n","protected":false},"featured_media":102526,"comment_status":"open","ping_status":"closed","template":"","meta":[],"product_brand":[],"product_cat":[400,504,418,402,424,420,395,422,387,396],"product_tag":[],"seizoen":[543,545,544,546],"bloemensoort":[],"samenstelling":[],"shop-per-kamer":[552,549],"indooroutdoor":[555],"vorm":[563,557],"duurzaam":[565],"productafmetingen":[568],"stijl":[574,571,575,573,572],"merk":[576],"materiaal":[611],"materiaal-schaaltje":[],"geur":[],"product-type":[],"beoordeling":[640,641,642],"uitsparingen":[],"houtsoort":[],"breedte":[],"badplanken-lengte":[],"kleur":[659],"class_list":{"0":"post-102521","1":"product","2":"type-product","3":"status-publish","4":"has-post-thumbnail","6":"product_cat-boheme-wohnzimmer","7":"product_cat-drausen","8":"product_cat-hotel-chic-wohnzimmer","9":"product_cat-japandi-wohnzimmer","10":"product_cat-landwohnzimmer","11":"product_cat-modernes-wohnzimmer","12":"product_cat-naturliche-tone","13":"product_cat-skandinavisches-wohnzimmer","14":"product_cat-vasen-topfe","15":"product_cat-wohnzimmer","16":"seizoen-lente-de","17":"seizoen-herfst-de","18":"seizoen-zomer-de","19":"seizoen-winter-de","20":"shop-per-kamer-hal-de","21":"shop-per-kamer-woonkamer-de","22":"indooroutdoor-indoor-de","23":"vorm-organisch-de","24":"vorm-rond-de","25":"duurzaam-ja-de","26":"productafmetingen-m-de","27":"stijl-bohemian-de","28":"stijl-hotel-chique-de","29":"stijl-japandi-de","30":"stijl-modern-de","31":"stijl-scandinavisch-de","32":"merk-industrialwood-de","33":"materiaal-keramiek-de","34":"beoordeling-three-star-de","35":"beoordeling-four-star-de","36":"beoordeling-five-star-de","37":"kleur-wit-de","39":"first","40":"instock","41":"taxable","42":"shipping-taxable","43":"purchasable","44":"product-type-simple"},"supplier_id":null,"supplier_sku":"","barcode":null,"atum_controlled":true,"out_stock_date":null,"out_stock_threshold":null,"inheritable":false,"inbound_stock":0,"stock_on_hold":0,"sold_today":0,"sales_last_days":0,"reserved_stock":0,"customer_returns":0,"warehouse_damage":0,"lost_in_post":0,"other_logs":0,"out_stock_days":0,"lost_sales":0,"has_location":false,"update_date":"2026-04-21T21:43:40","atum_locations":[],"atum_stock_status":"instock","restock_status":false,"low_stock_amount":"","sales_update_date":"2026-04-21T21:37:04","calc_backorders":null,"_links":{"self":[{"href":"https:\/\/www.industrialwood.nl\/de\/wp-json\/wp\/v2\/product\/102521","targetHints":{"allow":["GET"]}}],"collection":[{"href":"https:\/\/www.industrialwood.nl\/de\/wp-json\/wp\/v2\/product"}],"about":[{"href":"https:\/\/www.industrialwood.nl\/de\/wp-json\/wp\/v2\/types\/product"}],"replies":[{"embeddable":true,"href":"https:\/\/www.industrialwood.nl\/de\/wp-json\/wp\/v2\/comments?post=102521"}],"wp:featuredmedia":[{"embeddable":true,"href":"https:\/\/www.industrialwood.nl\/de\/wp-json\/wp\/v2\/media\/102526"}],"wp:attachment":[{"href":"https:\/\/www.industrialwood.nl\/de\/wp-json\/wp\/v2\/media?parent=102521"}],"wp:term":[{"taxonomy":"product_brand","embeddable":true,"href":"https:\/\/www.industrialwood.nl\/de\/wp-json\/wp\/v2\/product_brand?post=102521"},{"taxonomy":"product_cat","embeddable":true,"href":"https:\/\/www.industrialwood.nl\/de\/wp-json\/wp\/v2\/product_cat?post=102521"},{"taxonomy":"product_tag","embeddable":true,"href":"https:\/\/www.industrialwood.nl\/de\/wp-json\/wp\/v2\/product_tag?post=102521"},{"taxonomy":"seizoen","embeddable":true,"href":"https:\/\/www.industrialwood.nl\/de\/wp-json\/wp\/v2\/seizoen?post=102521"},{"taxonomy":"bloemensoort","embeddable":true,"href":"https:\/\/www.industrialwood.nl\/de\/wp-json\/wp\/v2\/bloemensoort?post=102521"},{"taxonomy":"samenstelling","embeddable":true,"href":"https:\/\/www.industrialwood.nl\/de\/wp-json\/wp\/v2\/samenstelling?post=102521"},{"taxonomy":"shop-per-kamer","embeddable":true,"href":"https:\/\/www.industrialwood.nl\/de\/wp-json\/wp\/v2\/shop-per-kamer?post=102521"},{"taxonomy":"indooroutdoor","embeddable":true,"href":"https:\/\/www.industrialwood.nl\/de\/wp-json\/wp\/v2\/indooroutdoor?post=102521"},{"taxonomy":"vorm","embeddable":true,"href":"https:\/\/www.industrialwood.nl\/de\/wp-json\/wp\/v2\/vorm?post=102521"},{"taxonomy":"duurzaam","embeddable":true,"href":"https:\/\/www.industrialwood.nl\/de\/wp-json\/wp\/v2\/duurzaam?post=102521"},{"taxonomy":"productafmetingen","embeddable":true,"href":"https:\/\/www.industrialwood.nl\/de\/wp-json\/wp\/v2\/productafmetingen?post=102521"},{"taxonomy":"stijl","embeddable":true,"href":"https:\/\/www.industrialwood.nl\/de\/wp-json\/wp\/v2\/stijl?post=102521"},{"taxonomy":"merk","embeddable":true,"href":"https:\/\/www.industrialwood.nl\/de\/wp-json\/wp\/v2\/merk?post=102521"},{"taxonomy":"materiaal","embeddable":true,"href":"https:\/\/www.industrialwood.nl\/de\/wp-json\/wp\/v2\/materiaal?post=102521"},{"taxonomy":"materiaal-schaaltje","embeddable":true,"href":"https:\/\/www.industrialwood.nl\/de\/wp-json\/wp\/v2\/materiaal-schaaltje?post=102521"},{"taxonomy":"geur","embeddable":true,"href":"https:\/\/www.industrialwood.nl\/de\/wp-json\/wp\/v2\/geur?post=102521"},{"taxonomy":"product-type","embeddable":true,"href":"https:\/\/www.industrialwood.nl\/de\/wp-json\/wp\/v2\/product-type?post=102521"},{"taxonomy":"beoordeling","embeddable":true,"href":"https:\/\/www.industrialwood.nl\/de\/wp-json\/wp\/v2\/beoordeling?post=102521"},{"taxonomy":"uitsparingen","embeddable":true,"href":"https:\/\/www.industrialwood.nl\/de\/wp-json\/wp\/v2\/uitsparingen?post=102521"},{"taxonomy":"houtsoort","embeddable":true,"href":"https:\/\/www.industrialwood.nl\/de\/wp-json\/wp\/v2\/houtsoort?post=102521"},{"taxonomy":"breedte","embeddable":true,"href":"https:\/\/www.industrialwood.nl\/de\/wp-json\/wp\/v2\/breedte?post=102521"},{"taxonomy":"badplanken-lengte","embeddable":true,"href":"https:\/\/www.industrialwood.nl\/de\/wp-json\/wp\/v2\/badplanken-lengte?post=102521"},{"taxonomy":"kleur","embeddable":true,"href":"https:\/\/www.industrialwood.nl\/de\/wp-json\/wp\/v2\/kleur?post=102521"}],"curies":[{"name":"wp","href":"https:\/\/api.w.org\/{rel}","templated":true}]}}