{"id":101983,"date":"2026-04-15T08:15:51","date_gmt":"2026-04-15T06:15:51","guid":{"rendered":"https:\/\/www.industrialwood.nl\/tischkamin-bioethanol-off-white-m\/"},"modified":"2026-04-15T09:23:58","modified_gmt":"2026-04-15T07:23:58","slug":"tischkamin-bioethanol-off-white-m","status":"publish","type":"product","link":"https:\/\/www.industrialwood.nl\/de\/tischkamin-bioethanol-off-white-m\/","title":{"rendered":"Tischkamin | Bioethanol | Off-White | M"},"content":{"rendered":"","protected":false},"excerpt":{"rendered":"<p data-section-id=\"w9ve9s\" data-start=\"201\" data-end=\"274\"><strong>\ud83e\udd0d Tischkamin off-white &#8211; Das Feuer, das Atmosph\u00e4re bringt, drinnen und drau\u00dfen!<\/strong><\/p>\n<p data-start=\"276\" data-end=\"605\">Auf der Suche nach einem stimmungsvollen Moment in Ihrem Interieur oder Garten \ud83c\udf1f ist dieser <strong data-start=\"348\" data-end=\"372\">Tischkamin <\/strong>genau das Richtige f\u00fcr Sie! Dieser Bioethanol-Kamin aus <strong data-start=\"415\" data-end=\"433\">Glas und Metall<\/strong> in einem eleganten <strong data-start=\"450\" data-end=\"475\">, beigefarbenen Off-White<\/strong> wird Ihren Raum zum Leben erwecken. Das perfekte St\u00fcck Luxus, das Sie sowohl drinnen als auch drau\u00dfen genie\u00dfen k\u00f6nnen \u2728.   <\/p>\n<p data-start=\"607\" data-end=\"933\">Ob Sie einen gem\u00fctlichen Abend mit Freunden verbringen oder sich alleine entspannen, dieser Stimmungsmacher schafft ein warmes, einladendes Ambiente, das jeden gl\u00fccklich macht! Die Flammen tanzen wundersch\u00f6n in dem Glaszylinder, der von einem eleganten Metallsockel umgeben ist und mit dekorativen Steinen f\u00fcr einen zus\u00e4tzlichen Hauch von Raffinesse sorgt. \ud83e\udd0d Kein \u00c4rger mit Rauch oder Strom! F\u00fcllen Sie ihn mit <strong data-start=\"1001\" data-end=\"1016\">Bio-Ethanol<\/strong>, z\u00fcnden Sie das Feuer an und Sie haben im Handumdrehen eine gem\u00fctliche Atmosph\u00e4re, ganz ohne Sorgen. Ideal f\u00fcr Ihren Esstisch, Couchtisch oder drau\u00dfen auf der Terrasse! \ud83c\udf3f\ud83d\udd25     <\/p>\n<p data-section-id=\"mhilqx\" data-start=\"1179\" data-end=\"1231\"><strong><span role=\"text\">Warum dieser Tischkamin ein Must-Have ist:<\/span><\/strong><\/p>\n<ul>\n<li data-start=\"1233\" data-end=\"1746\">Stilvolles Design: aus Glas und Metall in beigefarbenem Off-White &#8211; modern und doch warm!<\/li>\n<li data-start=\"1233\" data-end=\"1746\">Perfekt f\u00fcr drinnen und drau\u00dfen &#8211; von gem\u00fctlichen Winterabenden im Haus bis zu langen Sommern\u00e4chten im Freien \ud83c\udf19.<\/li>\n<li data-start=\"1233\" data-end=\"1746\">Wird mit Bioethanol betrieben &#8211; rauchfrei, geruchsneutral und daher super praktisch!<\/li>\n<li data-start=\"1233\" data-end=\"1746\">Inklusive Glaszylinder, Brenner, Dover und Dekosteinen &#8211; alles, was Sie f\u00fcr einen gem\u00fctlichen Stimmungsmoment brauchen!<\/li>\n<li data-start=\"1233\" data-end=\"1746\">Auch in einer <a href=\"https:\/\/www.industrialwood.nl\/tafelhaard-bio-ethanol-off-white-l\/\">gr\u00f6\u00dferen<\/a> Gr\u00f6\u00dfe erh\u00e4ltlich!<\/li>\n<\/ul>\n<h3 data-section-id=\"1yl5h7a\" data-start=\"2084\" data-end=\"2102\"><\/h3>\n<p><strong data-start=\"2106\" data-end=\"2121\">Ma\u00dfe:<\/strong> 18 x 18 x 26,5 cm<br \/>\n<strong data-start=\"2144\" data-end=\"2158\">Material:<\/strong> Metall und Glas<br \/>\n<strong data-start=\"2186\" data-end=\"2196\">Farbe:<\/strong> Off-white beige<br \/>\n<strong data-start=\"2221\" data-end=\"2235\">Enth\u00e4lt:<\/strong> Glaszylinder, Brenner, Steine, Dover<br \/>\n<strong data-start=\"2276\" data-end=\"2290\">Kraftstoff:<\/strong> Bio-Ethanol (nicht enthalten)<\/p>\n","protected":false},"featured_media":101984,"comment_status":"open","ping_status":"closed","template":"","meta":[],"product_brand":[],"product_cat":[392,400,504,418,402,413,424,420,395,422,414,396],"product_tag":[],"seizoen":[543,545,544,546],"bloemensoort":[],"samenstelling":[],"shop-per-kamer":[553],"indooroutdoor":[555],"vorm":[557,559],"duurzaam":[565],"productafmetingen":[568],"stijl":[574,571,575,573,572],"merk":[576],"materiaal":[608,614],"materiaal-schaaltje":[],"geur":[],"product-type":[],"beoordeling":[640,641,642],"uitsparingen":[],"houtsoort":[],"breedte":[],"badplanken-lengte":[],"kleur":[657,659],"class_list":{"0":"post-101983","1":"product","2":"type-product","3":"status-publish","4":"has-post-thumbnail","6":"product_cat-andere","7":"product_cat-boheme-wohnzimmer","8":"product_cat-drausen","9":"product_cat-hotel-chic-wohnzimmer","10":"product_cat-japandi-wohnzimmer","11":"product_cat-kerzenstander-kerzenleuchter","12":"product_cat-landwohnzimmer","13":"product_cat-modernes-wohnzimmer","14":"product_cat-naturliche-tone","15":"product_cat-skandinavisches-wohnzimmer","16":"product_cat-teelichthalter","17":"product_cat-wohnzimmer","18":"seizoen-lente-de","19":"seizoen-herfst-de","20":"seizoen-zomer-de","21":"seizoen-winter-de","22":"shop-per-kamer-slaapkamer-de","23":"indooroutdoor-indoor-de","24":"vorm-rond-de","25":"vorm-cilinder-de","26":"duurzaam-ja-de","27":"productafmetingen-m-de","28":"stijl-bohemian-de","29":"stijl-hotel-chique-de","30":"stijl-japandi-de","31":"stijl-modern-de","32":"stijl-scandinavisch-de","33":"merk-industrialwood-de","34":"materiaal-glas-de","35":"materiaal-metaal-de","36":"beoordeling-three-star-de","37":"beoordeling-four-star-de","38":"beoordeling-five-star-de","39":"kleur-beige-de","40":"kleur-wit-de","42":"first","43":"instock","44":"taxable","45":"shipping-taxable","46":"purchasable","47":"product-type-simple"},"supplier_id":null,"supplier_sku":"","barcode":null,"atum_controlled":true,"out_stock_date":null,"out_stock_threshold":null,"inheritable":false,"inbound_stock":null,"stock_on_hold":null,"sold_today":null,"sales_last_days":null,"reserved_stock":null,"customer_returns":null,"warehouse_damage":null,"lost_in_post":null,"other_logs":null,"out_stock_days":null,"lost_sales":null,"has_location":false,"update_date":"2026-04-15T07:23:38","atum_locations":[],"atum_stock_status":"instock","restock_status":false,"low_stock_amount":"","sales_update_date":null,"calc_backorders":null,"_links":{"self":[{"href":"https:\/\/www.industrialwood.nl\/de\/wp-json\/wp\/v2\/product\/101983","targetHints":{"allow":["GET"]}}],"collection":[{"href":"https:\/\/www.industrialwood.nl\/de\/wp-json\/wp\/v2\/product"}],"about":[{"href":"https:\/\/www.industrialwood.nl\/de\/wp-json\/wp\/v2\/types\/product"}],"replies":[{"embeddable":true,"href":"https:\/\/www.industrialwood.nl\/de\/wp-json\/wp\/v2\/comments?post=101983"}],"wp:featuredmedia":[{"embeddable":true,"href":"https:\/\/www.industrialwood.nl\/de\/wp-json\/wp\/v2\/media\/101984"}],"wp:attachment":[{"href":"https:\/\/www.industrialwood.nl\/de\/wp-json\/wp\/v2\/media?parent=101983"}],"wp:term":[{"taxonomy":"product_brand","embeddable":true,"href":"https:\/\/www.industrialwood.nl\/de\/wp-json\/wp\/v2\/product_brand?post=101983"},{"taxonomy":"product_cat","embeddable":true,"href":"https:\/\/www.industrialwood.nl\/de\/wp-json\/wp\/v2\/product_cat?post=101983"},{"taxonomy":"product_tag","embeddable":true,"href":"https:\/\/www.industrialwood.nl\/de\/wp-json\/wp\/v2\/product_tag?post=101983"},{"taxonomy":"seizoen","embeddable":true,"href":"https:\/\/www.industrialwood.nl\/de\/wp-json\/wp\/v2\/seizoen?post=101983"},{"taxonomy":"bloemensoort","embeddable":true,"href":"https:\/\/www.industrialwood.nl\/de\/wp-json\/wp\/v2\/bloemensoort?post=101983"},{"taxonomy":"samenstelling","embeddable":true,"href":"https:\/\/www.industrialwood.nl\/de\/wp-json\/wp\/v2\/samenstelling?post=101983"},{"taxonomy":"shop-per-kamer","embeddable":true,"href":"https:\/\/www.industrialwood.nl\/de\/wp-json\/wp\/v2\/shop-per-kamer?post=101983"},{"taxonomy":"indooroutdoor","embeddable":true,"href":"https:\/\/www.industrialwood.nl\/de\/wp-json\/wp\/v2\/indooroutdoor?post=101983"},{"taxonomy":"vorm","embeddable":true,"href":"https:\/\/www.industrialwood.nl\/de\/wp-json\/wp\/v2\/vorm?post=101983"},{"taxonomy":"duurzaam","embeddable":true,"href":"https:\/\/www.industrialwood.nl\/de\/wp-json\/wp\/v2\/duurzaam?post=101983"},{"taxonomy":"productafmetingen","embeddable":true,"href":"https:\/\/www.industrialwood.nl\/de\/wp-json\/wp\/v2\/productafmetingen?post=101983"},{"taxonomy":"stijl","embeddable":true,"href":"https:\/\/www.industrialwood.nl\/de\/wp-json\/wp\/v2\/stijl?post=101983"},{"taxonomy":"merk","embeddable":true,"href":"https:\/\/www.industrialwood.nl\/de\/wp-json\/wp\/v2\/merk?post=101983"},{"taxonomy":"materiaal","embeddable":true,"href":"https:\/\/www.industrialwood.nl\/de\/wp-json\/wp\/v2\/materiaal?post=101983"},{"taxonomy":"materiaal-schaaltje","embeddable":true,"href":"https:\/\/www.industrialwood.nl\/de\/wp-json\/wp\/v2\/materiaal-schaaltje?post=101983"},{"taxonomy":"geur","embeddable":true,"href":"https:\/\/www.industrialwood.nl\/de\/wp-json\/wp\/v2\/geur?post=101983"},{"taxonomy":"product-type","embeddable":true,"href":"https:\/\/www.industrialwood.nl\/de\/wp-json\/wp\/v2\/product-type?post=101983"},{"taxonomy":"beoordeling","embeddable":true,"href":"https:\/\/www.industrialwood.nl\/de\/wp-json\/wp\/v2\/beoordeling?post=101983"},{"taxonomy":"uitsparingen","embeddable":true,"href":"https:\/\/www.industrialwood.nl\/de\/wp-json\/wp\/v2\/uitsparingen?post=101983"},{"taxonomy":"houtsoort","embeddable":true,"href":"https:\/\/www.industrialwood.nl\/de\/wp-json\/wp\/v2\/houtsoort?post=101983"},{"taxonomy":"breedte","embeddable":true,"href":"https:\/\/www.industrialwood.nl\/de\/wp-json\/wp\/v2\/breedte?post=101983"},{"taxonomy":"badplanken-lengte","embeddable":true,"href":"https:\/\/www.industrialwood.nl\/de\/wp-json\/wp\/v2\/badplanken-lengte?post=101983"},{"taxonomy":"kleur","embeddable":true,"href":"https:\/\/www.industrialwood.nl\/de\/wp-json\/wp\/v2\/kleur?post=101983"}],"curies":[{"name":"wp","href":"https:\/\/api.w.org\/{rel}","templated":true}]}}