{"id":45371,"date":"2023-06-02T14:05:26","date_gmt":"2023-06-02T12:05:26","guid":{"rendered":"https:\/\/www.industrialwood.nl\/erklaerung-zum-datenschutz\/"},"modified":"2026-03-19T08:46:27","modified_gmt":"2026-03-19T07:46:27","slug":"erklaerung-zum-datenschutz","status":"publish","type":"page","link":"https:\/\/www.industrialwood.nl\/de\/erklaerung-zum-datenschutz\/","title":{"rendered":"Erkl\u00e4rung zum Datenschutz"},"content":{"rendered":"<h1>Erkl\u00e4rung zum Datenschutz<\/h1>\n<\/p>\n<p>Industrialwood legt gro\u00dfen Wert auf Ihre Privatsph\u00e4re. Wir verarbeiten daher nur Daten, die wir f\u00fcr die (Verbesserung) unserer Dienste ben\u00f6tigen, und behandeln die \u00fcber Sie und Ihre Nutzung unserer Dienste gesammelten Informationen mit Sorgfalt. Wir geben Ihre Daten niemals zu kommerziellen Zwecken an Dritte weiter.<\/p>\n<p>Diese Datenschutzerkl\u00e4rung gilt f\u00fcr die Nutzung der Website von Industrial Wood und die dort angebotenen Dienste. Der Stichtag f\u00fcr die G\u00fcltigkeit dieser Bedingungen ist der 30\/09\/2021, mit der Ver\u00f6ffentlichung einer neuen Version verlieren alle vorherigen Versionen ihre G\u00fcltigkeit. Diese Datenschutzrichtlinie beschreibt, welche Daten \u00fcber Sie von uns erfasst werden, wof\u00fcr sie verwendet werden und mit wem und unter welchen Bedingungen sie gegebenenfalls an Dritte weitergegeben werden k\u00f6nnen. Wir erkl\u00e4ren Ihnen auch, wie wir Ihre Daten speichern und wie wir Ihre Daten vor Missbrauch sch\u00fctzen und welche Rechte Sie in Bezug auf die pers\u00f6nlichen Daten haben, die Sie uns zur Verf\u00fcgung stellen.<\/p>\n<p>O<u><br \/>\n  <b>zur Datenverarbeitung<\/b><br \/>\n<\/u><\/p>\n<p>Im Folgenden k\u00f6nnen Sie nachlesen, wie wir Ihre Daten verarbeiten, wo wir sie speichern (oder speichern lassen), welche Sicherheitstechniken wir verwenden und f\u00fcr wen die Daten einsehbar sind.<\/p>\n<p><strong><u>Webhosting<\/u><\/strong><\/p>\n<p>Wir beziehen Webhosting und E-Mail-Dienste von Mediya. Mediya verarbeitet personenbezogene Daten in unserem Auftrag und verwendet Ihre Daten nicht f\u00fcr eigene Zwecke. Diese Partei kann jedoch Metadaten \u00fcber die Nutzung der Dienste sammeln. Dies sind keine pers\u00f6nlichen Daten. Mediya hat angemessene technische und organisatorische Ma\u00dfnahmen getroffen, um den Verlust und die unbefugte Nutzung Ihrer pers\u00f6nlichen Daten zu verhindern. Mediya ist durch die Vereinbarung zur Vertraulichkeit verpflichtet.<\/p>\n<p><strong><u>E-Mail und Postliste<\/u><\/strong><\/p>\n<p>MijnWebwinkel Wir versenden unsere Newsletter und Transaktions-E-Mails mit Hilfe unserer Online Shop Software &#8216;MijnWebwinkel&#8217;. Alle Best\u00e4tigungs-E-Mails, die Sie von unserer Website und den Webformularen erhalten, werden \u00fcber die Server von MijnWebwinkel gesendet. MyWebstore wird Ihren Namen und Ihre E-Mail-Adresse niemals f\u00fcr eigene Zwecke verwenden. Am Ende jeder E-Mail, die automatisch \u00fcber unsere Website verschickt wird, finden Sie den Link &#8216;Abbestellen&#8217;.<\/p>\n<p>Wenn Sie darauf klicken, werden Sie keine E-Mails mehr von unserer Website erhalten. Dies kann die Funktionalit\u00e4t unserer Website erheblich beeintr\u00e4chtigen! Ihre pers\u00f6nlichen Daten werden von MyWebwinkel sicher \u00fcbertragen, gespeichert und abgerufen. MyWebstore verwendet Cookies und andere Internettechnologien, die Aufschluss dar\u00fcber geben, ob E-Mails ge\u00f6ffnet und gelesen werden. Dar\u00fcber hinaus verarbeitet MyWebwinkel Informationen \u00fcber Sie als Empf\u00e4nger und die Betreffzeile von E-Mails, um die Qualit\u00e4t des Service zu verbessern. Diese Daten werden 30 Tage lang aufbewahrt. MyWebwinkel beh\u00e4lt sich das Recht vor, Ihre Daten zu nutzen, um seinen Service weiter zu verbessern und in diesem Zusammenhang Informationen mit Dritten zu teilen.<\/p>\n<p><b><u>Mediya<\/u><\/b><\/p>\n<p>Wir nutzen die Dienste von Mediya f\u00fcr unseren regelm\u00e4\u00dfigen gesch\u00e4ftlichen E-Mail-Verkehr. Diese Partei hat angemessene technische und organisatorische Ma\u00dfnahmen getroffen, um Missbrauch, Verlust und Verf\u00e4lschung Ihrer und unserer Daten so weit wie m\u00f6glich zu verhindern. Mediya hat keinen Zugang zu unserer Mailbox und wir behandeln unseren gesamten E-Mail-Verkehr vertraulich.<\/p>\n<p>B<u><br \/>\n  <b>etalverarbeiter<\/b><br \/>\n<\/u><\/p>\n<p>Mollie Wir verwenden die Plattform von zur Abwicklung (eines Teils) der Zahlungen in unserem Webshop Mollie. Mollie verarbeitet Ihren Namen, Ihre Adresse und Ihren Wohnort sowie Zahlungsdaten wie Ihre Bankkontonummer oder Kreditkartennummer. Mollie hat angemessene technische und organisatorische Ma\u00dfnahmen zum Schutz Ihrer pers\u00f6nlichen Daten getroffen. Mollie beh\u00e4lt sich das Recht vor, Ihre Daten zur weiteren Verbesserung des Dienstes zu verwenden und in diesem Zusammenhang (anonymisierte) Daten an Dritte weiterzugeben.<\/p>\n<p>Alle oben genannten Sicherheitsvorkehrungen zum Schutz Ihrer pers\u00f6nlichen Daten gelten auch f\u00fcr die Teile der Dienstleistungen von Mollie, f\u00fcr die Dritte beauftragt werden. Mollie wird Ihre Daten nicht l\u00e4nger aufbewahren, als es das Gesetz erlaubt.<\/p>\n<p>B<b><br \/>\n  <u>Bewertungen<\/u><br \/>\n<\/b><\/p>\n<p>WebwinkelKeur Wir sammeln Bewertungen \u00fcber die Plattform WebwinkelKeur. Wenn Sie eine Bewertung \u00fcber WebwinkelKeur abgeben, m\u00fcssen Sie einen Namen und eine E-Mail-Adresse angeben. WebwinkelKeur teilt diese Informationen mit uns, damit wir die Bewertung mit Ihrer Bestellung verkn\u00fcpfen k\u00f6nnen. WebwinkelKeur ver\u00f6ffentlicht Ihren Namen auch auf seiner eigenen Website.<\/p>\n<p>In einigen F\u00e4llen kann WebwinkelKeur Sie kontaktieren, um Ihre Bewertung zu kommentieren. Wenn wir Sie auffordern, eine Bewertung abzugeben, teilen wir Ihren Namen und Ihre E-Mail-Adresse mit WebwinkelKeur. Sie verwenden diese Daten nur zu dem Zweck, Sie einzuladen, eine Bewertung zu hinterlassen. WebwinkelKeur hat angemessene technische und organisatorische Ma\u00dfnahmen zum Schutz Ihrer personenbezogenen Daten getroffen<\/p>\n<p>sch\u00fctzen. WebwinkelKeur beh\u00e4lt sich das Recht vor, Dritte mit der Erbringung von Dienstleistungen zu beauftragen, f\u00fcr die wir WebwinkelKeur eine Genehmigung erteilt haben. Alle<\/p>\n<p>Die oben genannten Sicherheitsvorkehrungen zum Schutz Ihrer pers\u00f6nlichen Daten gelten auch f\u00fcr die Teile des Dienstes, f\u00fcr die WebwinkelKeur Dritte beauftragt hat.<\/p>\n<p><strong><u>Versand und Logistik<\/u><\/strong><\/p>\n<p>PostNL Wenn Sie eine Bestellung bei uns aufgeben, ist es unsere Aufgabe, Ihr Paket zu Ihnen zu bringen. Wir nutzen die Dienste von PostNL f\u00fcr die Zustellung. Dazu m\u00fcssen wir Ihren Namen, Ihre Adresse und Ihren Wohnort an PostNL weitergeben. PostNL verwendet diese Daten ausschlie\u00dflich zum Zweck der Vertragserf\u00fcllung. F\u00fcr den Fall, dass PostNL Subunternehmer einsetzt, wird PostNL Ihre Daten auch diesen Parteien zur Verf\u00fcgung stellen.<\/p>\n<p><strong>DHL<\/strong><\/p>\n<p>Wenn Sie eine Bestellung bei uns aufgeben, ist es unsere Aufgabe, Ihnen Ihr Paket zuzustellen. Wir nutzen die Dienste von DHL f\u00fcr die Zustellung. Dazu m\u00fcssen wir Ihren Namen, Ihre Adresse und Ihren Wohnort an DHL weitergeben. DHL verwendet diese Daten nur zum Zweck der Vertragserf\u00fcllung. Falls DHL Subunternehmer einsetzt, wird DHL Ihre Daten auch diesen Parteien zur Verf\u00fcgung stellen.<\/p>\n<p><strong>DPD<\/strong><\/p>\n<p>Wenn Sie eine Bestellung bei uns aufgeben, ist es unsere Aufgabe, Ihnen Ihr Paket zuzustellen. Wir nutzen die Dienste von DPD f\u00fcr die Lieferung. Dazu m\u00fcssen wir Ihren Namen, Ihre Adresse und Ihren Wohnort an DPD weitergeben. DPD verwendet diese Daten nur zum Zweck der Ausf\u00fchrung des Vertrags. Falls DPD Subunternehmer einsetzt, wird DPD Ihre Daten auch diesen Parteien zur Verf\u00fcgung stellen.<\/p>\n<p><strong><u>Fakturierung und Buchhaltung<\/u><\/strong><\/p>\n<p>e-bookkeeping Wir nutzen die Dienste von e-bookkeeping, um unsere Aufzeichnungen und Konten zu f\u00fchren.<\/p>\n<p>Wir geben Ihren Namen, Ihre Adresse und Ihren Wohnort sowie Angaben zu Ihrer Bestellung weiter. Diese Daten werden zur Verwaltung von Verkaufsrechnungen verwendet. Ihre pers\u00f6nlichen Daten werden auf gesch\u00fctzte Weise \u00fcbermittelt und gespeichert. e-Bookkeeping verpflichtet sich zur Vertraulichkeit und wird Ihre Informationen vertraulich behandeln. e-bookkeeping verwendet Ihre pers\u00f6nlichen Daten nicht f\u00fcr andere als die oben beschriebenen Zwecke.<\/p>\n<p><strong><u>Externe Vertriebskan\u00e4le<\/u><\/strong><\/p>\n<p>Bol.com<\/p>\n<p>Wir verkaufen (einen Teil) unserer Artikel \u00fcber die Plattform von Bol.com. Wenn Sie eine Bestellung \u00fcber diese Plattform aufgeben, teilt Bol.com Ihre Bestellung und Ihre pers\u00f6nlichen Daten mit uns. Wir verwenden diese Informationen, um Ihre Bestellung zu bearbeiten. Wir behandeln Ihre Daten vertraulich und haben angemessene technische und organisatorische Ma\u00dfnahmen getroffen, um Ihre Daten vor Verlust und unbefugter Nutzung zu sch\u00fctzen.  <\/p>\n<p>Marktplaats.nl<\/p>\n<p>Wir verkaufen (einen Teil) unserer Artikel \u00fcber die Plattform von Marktplaats.nl. Wenn Sie eine Bestellung \u00fcber diese Plattform aufgeben, teilt Marktplaats.nl Ihre Bestellung und Ihre pers\u00f6nlichen Daten mit uns. Wir verwenden diese Daten, um Ihre Bestellung zu bearbeiten. Wir behandeln Ihre Daten vertraulich und haben angemessene technische und organisatorische Ma\u00dfnahmen ergriffen, um Ihre Daten vor Verlust und unbefugter Nutzung zu sch\u00fctzen.  <\/p>\n<p><b><u>Zweck der Datenverarbeitung<\/u><\/b><\/p>\n<p><u><b>Allgemeiner Zweck der Verarbeitung<\/b><\/u><\/p>\n<p>Wir verwenden Ihre Daten ausschlie\u00dflich f\u00fcr die Zwecke unserer Dienstleistungen. Das hei\u00dft, der Zweck der Verarbeitung steht immer in direktem Zusammenhang mit dem von Ihnen erteilten Auftrag. Wir verwenden Ihre Daten nicht f\u00fcr (gezieltes) Marketing. Wenn Sie uns Daten zur Verf\u00fcgung stellen und wir diese Daten verwenden, um Sie zu einem sp\u00e4teren Zeitpunkt &#8211; anders als auf Ihre Anfrage hin &#8211; zu kontaktieren, werden wir Sie um Ihre ausdr\u00fcckliche Erlaubnis bitten, dies zu tun. Ihre Daten werden nicht an Dritte weitergegeben, es sei denn, um buchhalterischen und anderen administrativen Verpflichtungen nachzukommen. Diese Dritten sind alle aufgrund einer Vereinbarung zwischen ihnen und uns oder aufgrund eines Eides oder einer gesetzlichen Verpflichtung zur Vertraulichkeit verpflichtet.    <\/p>\n<p><u><b>Automatisch erfasste Daten<\/b><\/u><\/p>\n<p>Die von unserer Website automatisch erfassten Daten werden mit dem Ziel verarbeitet, unsere Dienste weiter zu verbessern. Diese Daten (z.B. Ihre IP-Adresse, Ihr Webbrowser und Ihr Betriebssystem) sind keine personenbezogenen Daten.   <\/p>\n<p><u><b>Zusammenarbeit bei Steuer- und Strafermittlungen<\/b><\/u><\/p>\n<p>Gegebenenfalls kann Industrialwood gesetzlich verpflichtet sein, Ihre Daten im Zusammenhang mit staatlichen Steuer- oder Strafermittlungen weiterzugeben. In einem solchen Fall sind wir gezwungen, Ihre Daten weiterzugeben, aber wir werden uns im Rahmen der gesetzlichen M\u00f6glichkeiten dagegen wehren. <\/p>\n<p><u><b>Aufbewahrungsfristen<\/b><\/u><\/p>\n<p>Wir bewahren Ihre Daten so lange auf, wie Sie unser Kunde sind. Das bedeutet, dass wir Ihr Kundenprofil so lange aufbewahren, bis Sie angeben, dass Sie unsere Dienste nicht mehr nutzen m\u00f6chten. Wenn Sie uns dies mitteilen, werden wir dies auch als Bitte um Vergessen interpretieren. Aufgrund geltender verwaltungstechnischer Verpflichtungen sind wir verpflichtet, Rechnungen aufzubewahren, die Ihre (personenbezogenen) Daten enthalten, und werden diese daher so lange aufbewahren, wie die entsprechende Frist l\u00e4uft. Unsere Mitarbeiter haben jedoch keinen Zugriff mehr auf Ihr Kundenprofil und die Dokumente, die wir auf Ihre Anweisung hin erstellt haben.     <\/p>\n<p><b><u>Ihre Rechte<\/u><\/b><\/p>\n<p>Nach geltendem niederl\u00e4ndischen und europ\u00e4ischen Recht haben Sie als betroffene Person bestimmte Rechte in Bezug auf personenbezogene Daten, die von uns oder in unserem Namen verarbeitet werden. Wir erl\u00e4utern im Folgenden, welche Rechte dies sind und wie Sie diese Rechte geltend machen k\u00f6nnen. Um Missbrauch vorzubeugen, senden wir Kopien und Abschriften Ihrer Daten grunds\u00e4tzlich nur an Ihre uns bereits bekannte E-Mail-Adresse. Falls Sie die Daten z.B. an eine andere E-Mail-Adresse oder per Post erhalten m\u00f6chten, werden wir Sie bitten, sich zu identifizieren. Wir f\u00fchren Aufzeichnungen \u00fcber abgeschlossene Anfragen; im Falle einer vergessenen Anfrage verwalten wir anonymisierte Daten. Sie erhalten alle Kopien und Abschriften von Daten in dem maschinenlesbaren Datenformat, das wir innerhalb unserer Systeme verwenden. Sie haben jederzeit das Recht, eine Beschwerde bei der Datenschutzbeh\u00f6rde einzureichen, wenn Sie den Verdacht haben, dass wir Ihre personenbezogenen Daten nicht korrekt verwenden.      <\/p>\n<p><u><b>Recht auf Einsichtnahme<\/b><\/u><\/p>\n<p>Sie haben jederzeit das Recht auf Einsicht in die Daten, die wir verarbeiten (oder verarbeitet haben) und die sich auf Ihre Person beziehen oder zu dieser zur\u00fcckverfolgt werden k\u00f6nnen. Einen entsprechenden Antrag k\u00f6nnen Sie bei unserer Kontaktperson f\u00fcr Datenschutzangelegenheiten stellen.  Sie erhalten dann innerhalb von 30 Tagen eine Antwort auf Ihren Antrag. Wenn Ihrem Antrag stattgegeben wird, senden wir Ihnen an die uns bekannte E-Mail-Adresse eine Kopie aller Daten mit einer Liste der Verarbeiter, die \u00fcber diese Daten verf\u00fcgen, unter Angabe der Kategorie, unter der wir sie gespeichert haben.<\/p>\n<p><u><b>Recht auf Berichtigung<\/b><\/u><\/p>\n<p>Sie haben jederzeit das Recht, die Daten, die wir verarbeiten (oder haben verarbeiten lassen) und die sich auf Ihre Person beziehen oder auf Sie zur\u00fcckgef\u00fchrt werden k\u00f6nnen, \u00e4ndern zu lassen. Einen entsprechenden Antrag k\u00f6nnen Sie bei unserer Kontaktperson f\u00fcr Datenschutzangelegenheiten stellen.  Sie erhalten dann innerhalb von 30 Tagen eine Antwort auf Ihren Antrag. Wenn Ihrem Antrag stattgegeben wird, senden wir Ihnen eine Best\u00e4tigung an die uns bekannte E-Mail-Adresse, dass die Daten aktualisiert wurden.  <\/p>\n<p><u><b>Recht auf Einschr\u00e4nkung der Verarbeitung<\/b><\/u><\/p>\n<p>Sie haben jederzeit das Recht, die Daten, die wir verarbeiten (oder haben verarbeiten lassen) und die sich auf Ihre Person beziehen oder zu ihr zur\u00fcckverfolgt werden k\u00f6nnen, einzuschr\u00e4nken. Sie k\u00f6nnen einen entsprechenden Antrag an unseren Ansprechpartner f\u00fcr den Datenschutz stellen.  Sie erhalten dann innerhalb von 30 Tagen eine Antwort auf Ihren Antrag. Wenn Ihrem Antrag stattgegeben wird, senden wir Ihnen eine Best\u00e4tigung an die uns bekannte E-Mail-Adresse, dass die Daten nicht mehr verarbeitet werden, bis Sie die Einschr\u00e4nkung aufheben.<\/p>\n<p><u style=\"font-family: var( --e-global-typography-text-font-family ), Sans-serif; font-weight: var( --e-global-typography-text-font-weight ); font-size: 1rem;\"><b>Recht auf \u00dcbertragbarkeit<\/b><\/u><\/p>\n<p>Sie haben immer das Recht, dass die Daten, die wir verarbeiten (oder verarbeiten lassen) und die sich auf Ihre Person beziehen oder zu Ihnen zur\u00fcckverfolgt werden k\u00f6nnen, von einer anderen Partei verarbeitet werden. Einen entsprechenden Antrag k\u00f6nnen Sie bei unserer Kontaktperson f\u00fcr Datenschutzangelegenheiten stellen.  Sie erhalten dann innerhalb von 30 Tagen eine Antwort auf Ihren Antrag. Wenn Ihrem Antrag stattgegeben wird, senden wir Ihnen an die uns bekannte E-Mail-Adresse Kopien oder Abschriften aller Daten \u00fcber Sie, die wir verarbeitet haben oder in unserem Auftrag von anderen Verarbeitern oder Dritten verarbeiten lassen. Aller Voraussicht nach k\u00f6nnen wir in einem solchen Fall unsere Dienstleistungen nicht mehr fortsetzen, da die sichere Verbindung von Dateien dann nicht mehr gew\u00e4hrleistet werden kann. <\/p>\n<p><u><b>Widerspruchsrecht und andere Rechte<\/b><\/u><\/p>\n<p>Gegebenenfalls haben Sie das Recht, der Verarbeitung Ihrer personenbezogenen Daten durch oder im Namen von Industrialwood zu widersprechen. Wenn Sie Widerspruch einlegen, werden wir die Verarbeitung Ihrer Daten unverz\u00fcglich einstellen, bis Ihr Widerspruch bearbeitet wurde. Wenn Ihr Widerspruch begr\u00fcndet ist, werden wir Ihnen Kopien und\/oder Abschriften der Daten, die wir verarbeiten (oder verarbeitet haben), zur Verf\u00fcgung stellen und danach die Verarbeitung endg\u00fcltig einstellen. Sie haben auch das Recht, nicht einer automatisierten individuellen Entscheidungsfindung oder einem Profiling unterworfen zu werden.    Wir verarbeiten Ihre Daten nicht in einer Weise, dass dieses Recht greift. Wenn Sie glauben, dass dies der Fall ist, wenden Sie sich bitte an unseren Datenschutzbeauftragten.<\/p>\n<p><b><u>Cookies<\/u><\/b><\/p>\n<p><u><b>Google Analytics<\/b><\/u><\/p>\n<p>Auf unserer Website werden im Rahmen des Dienstes &#8220;Analytics&#8221; Cookies von dem US-Unternehmen Google gesetzt. Wir verwenden diesen Dienst, um zu verfolgen und Berichte dar\u00fcber zu erhalten, wie Besucher die Website nutzen. Dieser Auftragsverarbeiter kann durch geltende Gesetze und Vorschriften dazu verpflichtet sein, Zugang zu diesen Daten zu gew\u00e4hren. Wir sammeln Informationen \u00fcber Ihr Surfverhalten und teilen diese Daten mit Google. Google kann diese Informationen in Verbindung mit anderen Datens\u00e4tzen interpretieren und so Ihre Bewegungen im Internet verfolgen. Google verwendet diese Informationen unter anderem, um gezielte Werbung (Adwords) und andere Google-Dienste und -Produkte anzubieten. <\/p>\n<p><u><b>Cookies von Dritten<\/b><\/u><\/p>\n<p>Falls Softwarel\u00f6sungen von Drittanbietern Cookies verwenden, wird dies in dieser Datenschutzerkl\u00e4rung erw\u00e4hnt.<\/p>\n<p><b><u>\u00c4nderungen der Datenschutzbestimmungen<\/u><\/b><\/p>\n<p>Wir behalten uns das Recht vor, unsere Datenschutzbestimmungen jederzeit zu \u00e4ndern. Auf dieser Seite finden Sie jedoch immer die aktuellste Version. Wenn die neue Datenschutzrichtlinie Auswirkungen auf die Art und Weise hat, wie wir bereits Daten \u00fcber Sie erfasst haben, werden wir Sie per E-Mail benachrichtigen. <\/p>\n<p><b><u>Kontaktangaben<\/u><\/b><\/p>\n<p>Industrieholz<\/p>\n<p>Gelderdijk 38A Sevenum Die Niederlande T (063) 195-1925 E info@industrialwood.nl<\/p>\n<p>Kontaktperson f\u00fcr Datenschutzfragen<br \/>Wesley Janssen<\/p><\/p>\n","protected":false},"excerpt":{"rendered":"<p>Erkl\u00e4rung zum Datenschutz Industrialwood legt gro\u00dfen Wert auf Ihre Privatsph\u00e4re. Wir verarbeiten daher nur Daten, die wir f\u00fcr die (Verbesserung) unserer Dienste ben\u00f6tigen, und behandeln die \u00fcber Sie und Ihre Nutzung unserer Dienste gesammelten Informationen mit Sorgfalt. Wir geben Ihre Daten niemals zu kommerziellen Zwecken an Dritte weiter. Diese Datenschutzerkl\u00e4rung gilt f\u00fcr die Nutzung der [&hellip;]<\/p>\n","protected":false},"author":1,"featured_media":0,"parent":0,"menu_order":0,"comment_status":"closed","ping_status":"closed","template":"elementor_header_footer","meta":{"footnotes":""},"class_list":["post-45371","page","type-page","status-publish","hentry"],"_links":{"self":[{"href":"https:\/\/www.industrialwood.nl\/de\/wp-json\/wp\/v2\/pages\/45371","targetHints":{"allow":["GET"]}}],"collection":[{"href":"https:\/\/www.industrialwood.nl\/de\/wp-json\/wp\/v2\/pages"}],"about":[{"href":"https:\/\/www.industrialwood.nl\/de\/wp-json\/wp\/v2\/types\/page"}],"author":[{"embeddable":true,"href":"https:\/\/www.industrialwood.nl\/de\/wp-json\/wp\/v2\/users\/1"}],"replies":[{"embeddable":true,"href":"https:\/\/www.industrialwood.nl\/de\/wp-json\/wp\/v2\/comments?post=45371"}],"version-history":[{"count":0,"href":"https:\/\/www.industrialwood.nl\/de\/wp-json\/wp\/v2\/pages\/45371\/revisions"}],"wp:attachment":[{"href":"https:\/\/www.industrialwood.nl\/de\/wp-json\/wp\/v2\/media?parent=45371"}],"curies":[{"name":"wp","href":"https:\/\/api.w.org\/{rel}","templated":true}]}}