{"id":45347,"date":"2023-11-06T14:51:07","date_gmt":"2023-11-06T13:51:07","guid":{"rendered":"https:\/\/www.industrialwood.nl\/wunschzettel\/"},"modified":"2026-03-19T11:18:36","modified_gmt":"2026-03-19T10:18:36","slug":"wunschzettel","status":"publish","type":"page","link":"https:\/\/www.industrialwood.nl\/de\/wunschzettel\/","title":{"rendered":"Wunschzettel"},"content":{"rendered":"<h1>Mein Wunschzettel<\/h1>\n<p><button data-product-id=\"15018\"><\/button><a href=\"https:\/\/www.industrialwood.nl\/grote-set-vaas-pear-tasman-smokey-taupe\/\"> <img fetchpriority=\"high\" decoding=\"async\" src=\"https:\/\/www.industrialwood.nl\/wp-content\/uploads\/2023\/06\/Grote-set-tasman-smokey-taupe.png\" alt=\"Gro\u00dfes Set Tasman Smokey Taupe Japandi Vase\" width=\"1185\" height=\"1185\"> <\/a><\/p>\n<h5><a href=\"https:\/\/www.industrialwood.nl\/grote-set-vaas-pear-tasman-smokey-taupe\/\">Gro\u00dfes Set | Vase Birne | Tasman | Smokey Taupe<\/a><\/h5>\n<p><del aria-hidden=\"true\">\u20ac101.85<\/del> Urspr\u00fcnglicher Preis war: \u20ac101.85<ins aria-hidden=\"true\">.\u20ac94.95Aktueller<\/ins>Preis ist: \u20ac94.95.Hinzuf\u00fcgen<br \/><button data-product-id=\"96054\"><\/button><a href=\"https:\/\/www.industrialwood.nl\/travertin-dienblad-beige-rechthoek\/\"> <img decoding=\"async\" src=\"https:\/\/www.industrialwood.nl\/wp-content\/uploads\/2026\/02\/Travertin_dienblad_rechthoek2.png\" alt=\"Tablett Rechteck Travertin beige\" width=\"1080\" height=\"1080\"> <\/a><\/p>\n<h5><a href=\"https:\/\/www.industrialwood.nl\/travertin-dienblad-beige-rechthoek\/\">Travertin Tablett | Beige | Rechteck<\/a><\/h5>\n<p>\u20ac76.95Hinzuf\u00fcgen<br \/><a href=\"https:\/\/www.industrialwood.nl\/de\/shop\/\"><br \/>Zu Hause Zubeh\u00f6r<br \/><\/a><\/p>\n\n<h3 class=\"wp-block-heading\">Ihr pers\u00f6nlicher Wunschzettel bei Industrialwood<\/h3>\n\n<p>Bei Industrialwood k\u00f6nnen Sie ganz einfach eine Wunschliste mit Ihren Lieblingsprodukten erstellen. Sie sehen etwas Sch\u00f6nes in unserer Kollektion, m\u00f6chten aber noch etwas Zeit zum \u00dcberlegen haben, bevor Sie bestellen? F\u00fcgen Sie das Produkt zu Ihrem Wunschzettel hinzu und speichern Sie es f\u00fcr sp\u00e4ter. Auf diese Weise haben Sie alle Ihre Favoriten an einem Ort und k\u00f6nnen jederzeit zur\u00fcckkehren, um Ihren Einkauf abzuschlie\u00dfen.   <\/p>\n\n<h3 class=\"wp-block-heading\">Wie funktioniert der Wunschzettel?<\/h3>\n\n<p>Die Verwendung Ihres Wunschzettels ist sehr einfach. Wann immer Sie in unserem Webshop st\u00f6bern und auf ein Produkt sto\u00dfen, das Ihnen gef\u00e4llt, klicken Sie auf das Herz oder die Schaltfl\u00e4che, um das Produkt zu Ihrem Wunschzettel hinzuzuf\u00fcgen. Auf dieser Seite finden Sie dann alle Ihre gespeicherten Produkte. Von hier aus k\u00f6nnen Sie Produkte direkt in Ihren Einkaufswagen legen oder entfernen, wenn Sie Ihre Meinung \u00e4ndern.   <\/p>\n\n<p>Um die Wunschliste nutzen zu k\u00f6nnen, ben\u00f6tigen Sie ein Konto bei Industrialwood. Mit einem Konto werden Ihre gespeicherten Produkte auch dann gespeichert, wenn Sie die Website verlassen und sp\u00e4ter wiederkommen. Auf diese Weise verlieren Sie nie den \u00dcberblick \u00fcber Ihre Favoriten.   Sie haben noch kein Konto? Die Erstellung ist kostenlos und dauert nur ein paar Sekunden.<\/p>\n\n<h3 class=\"wp-block-heading\">Praktisch f\u00fcr jede Zeit<\/h3>\n\n<p>Die Wunschliste ist ideal f\u00fcr verschiedene Situationen. Vielleicht dekorieren Sie einen Raum und m\u00f6chten verschiedene Produkte vergleichen, bevor Sie eine Entscheidung treffen. Oder Sie warten auf eine Aktion oder einen Rabatt, um Ihren Lieblingsartikel g\u00fcnstiger zu kaufen. Mit einem Wunschzettel behalten Sie den \u00dcberblick und verpassen nichts mehr.   <\/p>\n\n<p>Auch n\u00fctzlich: Wenn Sie jemandem eine Geschenkidee geben m\u00f6chten, k\u00f6nnen Sie Ihre Wunschliste als Inspiration nutzen. Speichern Sie die Produkte, die Ihnen am besten gefallen, und teilen Sie Ihre W\u00fcnsche mit Familie oder Freunden. Auf diese Weise wissen sie genau, was Sie gerne erhalten m\u00f6chten.  <\/p>\n\n<h3 class=\"wp-block-heading\">Immer auf dem neuesten Stand<\/h3>\n\n<p>Ein weiterer Vorteil des Wunschzettels ist, dass Sie auf einen Blick sehen k\u00f6nnen, ob sich der Preis von Produkten ge\u00e4ndert hat. Ist ein Produkt im Angebot? Dann k\u00f6nnen Sie das sofort auf Ihrem Wunschzettel sehen. So profitieren Sie immer von den besten Angeboten f\u00fcr die Produkte, die Ihnen am besten gefallen.   <\/p>\n\n<h3 class=\"wp-block-heading\">Erstellen Sie Ihren Wunschzettel<\/h3>\n\n<p>St\u00f6bern Sie in unserer Kollektion und f\u00fcgen Sie Ihre Lieblingsprodukte zu Ihrem Wunschzettel hinzu. Ob Sie nun Vasen, Dekorationen oder andere Wohnaccessoires suchen, bei Industrialwood finden Sie immer etwas, das zu Ihrem Stil passt. Behalten Sie, was Sie lieben und nehmen Sie sich die Zeit, die Sie brauchen, um Ihre perfekte Wahl zu treffen.  <\/p>\n","protected":false},"excerpt":{"rendered":"<p>Mein Wunschzettel Gro\u00dfes Set | Vase Birne | Tasman | Smokey Taupe \u20ac101.85 Urspr\u00fcnglicher Preis war: \u20ac101.85.\u20ac94.95AktuellerPreis ist: \u20ac94.95.Hinzuf\u00fcgen Travertin Tablett | Beige | Rechteck \u20ac76.95Hinzuf\u00fcgenZu Hause Zubeh\u00f6r Ihr pers\u00f6nlicher Wunschzettel bei Industrialwood Bei Industrialwood k\u00f6nnen Sie ganz einfach eine Wunschliste mit Ihren Lieblingsprodukten erstellen. Sie sehen etwas Sch\u00f6nes in unserer Kollektion, m\u00f6chten aber noch [&hellip;]<\/p>\n","protected":false},"author":1,"featured_media":0,"parent":0,"menu_order":0,"comment_status":"closed","ping_status":"closed","template":"","meta":{"footnotes":""},"class_list":["post-45347","page","type-page","status-publish","hentry"],"_links":{"self":[{"href":"https:\/\/www.industrialwood.nl\/de\/wp-json\/wp\/v2\/pages\/45347","targetHints":{"allow":["GET"]}}],"collection":[{"href":"https:\/\/www.industrialwood.nl\/de\/wp-json\/wp\/v2\/pages"}],"about":[{"href":"https:\/\/www.industrialwood.nl\/de\/wp-json\/wp\/v2\/types\/page"}],"author":[{"embeddable":true,"href":"https:\/\/www.industrialwood.nl\/de\/wp-json\/wp\/v2\/users\/1"}],"replies":[{"embeddable":true,"href":"https:\/\/www.industrialwood.nl\/de\/wp-json\/wp\/v2\/comments?post=45347"}],"version-history":[{"count":0,"href":"https:\/\/www.industrialwood.nl\/de\/wp-json\/wp\/v2\/pages\/45347\/revisions"}],"wp:attachment":[{"href":"https:\/\/www.industrialwood.nl\/de\/wp-json\/wp\/v2\/media?parent=45347"}],"curies":[{"name":"wp","href":"https:\/\/api.w.org\/{rel}","templated":true}]}}