{"id":44568,"date":"2023-06-17T11:32:25","date_gmt":"2023-06-17T09:32:25","guid":{"rendered":"https:\/\/www.industrialwood.nl\/verfolgen-und-aufspueren\/"},"modified":"2026-03-19T11:13:01","modified_gmt":"2026-03-19T10:13:01","slug":"verfolgen-und-aufspueren","status":"publish","type":"page","link":"https:\/\/www.industrialwood.nl\/de\/verfolgen-und-aufspueren\/","title":{"rendered":"Verfolgen und Aufsp\u00fcren"},"content":{"rendered":"<h1 style=\"text-align: center;\">Verfolgen und Aufsp\u00fcren<\/h1>\n<h2 style=\"text-align: center;\">Geben Sie hier Ihre Daten ein<\/h2>\n<p><iframe style=\"border: 0;\" src=\"https:\/\/tracking.eu-central-1-0.sendcloud.sc\/\" width=\"100%\" height=\"450px\" frameborder=\"0\"><\/iframe><\/p>\n\n<h3 class=\"wp-block-heading\">Verfolgen Sie Ihre Bestellung bei Industrialwood<\/h3>\n\n<p>Haben Sie eine Bestellung bei Industrialwood aufgegeben? \u00dcber unsere Track &amp; Trace-Seite k\u00f6nnen Sie den Status Ihres Pakets einfach und schnell verfolgen. Sobald Ihre Bestellung versandt wird, erhalten Sie eine E-Mail mit Ihrem pers\u00f6nlichen Tracking-Code. Mit diesem Code k\u00f6nnen Sie jederzeit sehen, wo sich Ihr Paket befindet und wann Sie es erwarten k\u00f6nnen.   <\/p>\n\n<h3 class=\"wp-block-heading\">Wie funktioniert Track &amp; Trace?<\/h3>\n\n<p>Die Verfolgung Ihrer Bestellung ist sehr einfach. Sobald wir Ihr Paket an den Zustelldienst \u00fcbergeben haben, erhalten Sie eine Best\u00e4tigungs-E-Mail mit einem eindeutigen Tracking-Code. Geben Sie diesen Code auf dieser Seite oder auf der Website des Zustelldienstes ein. Sie sehen dann sofort den aktuellen Status Ihrer Sendung, vom Zeitpunkt des Versands bis zur Zustellung bei Ihnen zu Hause.   <\/p>\n\n<p>Die meisten Bestellungen werden innerhalb der Niederlande innerhalb von zwei bis drei Werktagen geliefert. In Zeiten, in denen viel los ist, wie z.B. an Feiertagen oder in Aktionswochen, kann die Lieferung etwas l\u00e4nger dauern. \u00dcber Track &amp; Trace haben Sie jederzeit Einblick in das voraussichtliche Lieferdatum, so dass Sie wissen, wann Sie Ihr Paket erwarten k\u00f6nnen.  <\/p>\n\n<h3 class=\"wp-block-heading\">H\u00e4ufig gestellte Fragen zum Versand<\/h3>\n\n<p>Es kann vorkommen, dass die Informationen zur Sendungsverfolgung nicht sofort verf\u00fcgbar sind, nachdem Sie die Best\u00e4tigungs-E-Mail erhalten haben. Das ist normal und bedeutet, dass der Spediteur das Paket noch scannen muss. Normalerweise wird die Sendungsverfolgung innerhalb von 24 Stunden nach dem Versand aktiviert. Wenn Sie nach zwei Tagen noch keine Aktualisierung sehen, k\u00f6nnen Sie uns gerne kontaktieren.   <\/p>\n\n<p>Manchmal weicht die Lieferung von dem ab, was Sie erwartet haben. Zum Beispiel kann das Paket an einen Nachbarn geliefert worden sein oder sich in einer Abholstelle in der N\u00e4he befinden. Pr\u00fcfen Sie immer den neuesten Status im Track &amp; Trace-System, um die aktuellsten Informationen \u00fcber Ihre Lieferung zu erhalten.  <\/p>\n\n<h3 class=\"wp-block-heading\">Paket nicht erhalten?<\/h3>\n\n<p>Sie haben \u00fcber Track &amp; Trace gesehen, dass Ihr Paket zugestellt wurde, aber Sie haben es nicht erhalten? Pr\u00fcfen Sie zun\u00e4chst, ob das Paket bei einem Nachbarn oder einer Abholstelle abgegeben wurde. Wenn dies nicht der Fall ist, kontaktieren Sie uns bitte so schnell wie m\u00f6glich. Wir werden dann eine Untersuchung mit dem Spediteur einleiten und daf\u00fcr sorgen, dass Sie Ihre Bestellung doch noch erhalten oder eine geeignete L\u00f6sung finden.   <\/p>\n\n<h3 class=\"wp-block-heading\">Sicherer und gesch\u00fctzter Versand<\/h3>\n\n<p>Bei Industrialwood verpacken wir Ihre Bestellung mit gro\u00dfer Sorgfalt. Unsere Produkte werden sorgf\u00e4ltig verpackt, um Transportsch\u00e4den zu vermeiden. Wir arbeiten mit zuverl\u00e4ssigen Spediteuren zusammen, damit Ihr Paket sicher bei Ihnen ankommt. Sollte w\u00e4hrend des Transports etwas schiefgehen, sind wir bereit, Ihnen zu helfen.   <\/p>\n","protected":false},"excerpt":{"rendered":"<p>Verfolgen und Aufsp\u00fcren Geben Sie hier Ihre Daten ein Verfolgen Sie Ihre Bestellung bei Industrialwood Haben Sie eine Bestellung bei Industrialwood aufgegeben? \u00dcber unsere Track &amp; Trace-Seite k\u00f6nnen Sie den Status Ihres Pakets einfach und schnell verfolgen. Sobald Ihre Bestellung versandt wird, erhalten Sie eine E-Mail mit Ihrem pers\u00f6nlichen Tracking-Code. Mit diesem Code k\u00f6nnen Sie [&hellip;]<\/p>\n","protected":false},"author":1,"featured_media":0,"parent":0,"menu_order":0,"comment_status":"closed","ping_status":"closed","template":"elementor_header_footer","meta":{"footnotes":""},"class_list":["post-44568","page","type-page","status-publish","hentry"],"_links":{"self":[{"href":"https:\/\/www.industrialwood.nl\/de\/wp-json\/wp\/v2\/pages\/44568","targetHints":{"allow":["GET"]}}],"collection":[{"href":"https:\/\/www.industrialwood.nl\/de\/wp-json\/wp\/v2\/pages"}],"about":[{"href":"https:\/\/www.industrialwood.nl\/de\/wp-json\/wp\/v2\/types\/page"}],"author":[{"embeddable":true,"href":"https:\/\/www.industrialwood.nl\/de\/wp-json\/wp\/v2\/users\/1"}],"replies":[{"embeddable":true,"href":"https:\/\/www.industrialwood.nl\/de\/wp-json\/wp\/v2\/comments?post=44568"}],"version-history":[{"count":0,"href":"https:\/\/www.industrialwood.nl\/de\/wp-json\/wp\/v2\/pages\/44568\/revisions"}],"wp:attachment":[{"href":"https:\/\/www.industrialwood.nl\/de\/wp-json\/wp\/v2\/media?parent=44568"}],"curies":[{"name":"wp","href":"https:\/\/api.w.org\/{rel}","templated":true}]}}